{"id":4101,"date":"2014-06-02T12:52:05","date_gmt":"2014-06-02T11:52:05","guid":{"rendered":"https:\/\/www.kronau.si\/rezerviraj-zdaj-2\/"},"modified":"2017-10-19T09:09:51","modified_gmt":"2017-10-19T08:09:51","slug":"prenota-adesso","status":"publish","type":"page","link":"https:\/\/www.kronau.si\/it\/prenota-adesso\/","title":{"rendered":"Prenota adesso"},"content":{"rendered":"<p>[et_pb_section bb_built=&#8221;1&#8243; admin_label=&#8221;section&#8221; transparent_background=&#8221;off&#8221; background_color=&#8221;#faf4e8&#8243; allow_player_pause=&#8221;off&#8221; inner_shadow=&#8221;off&#8221; parallax=&#8221;off&#8221; parallax_method=&#8221;off&#8221; padding_mobile=&#8221;off&#8221; make_fullwidth=&#8221;off&#8221; use_custom_width=&#8221;off&#8221; width_unit=&#8221;on&#8221; custom_width_px=&#8221;1080px&#8221; custom_width_percent=&#8221;80%&#8221; make_equal=&#8221;off&#8221; use_custom_gutter=&#8221;off&#8221; fullwidth=&#8221;off&#8221; specialty=&#8221;off&#8221; disabled=&#8221;off&#8221; custom_padding_tablet=&#8221;50px|0|50px|0&#8243; custom_padding_last_edited=&#8221;on|desktop&#8221;][et_pb_row admin_label=&#8221;row&#8221; make_fullwidth=&#8221;off&#8221; use_custom_width=&#8221;off&#8221; width_unit=&#8221;off&#8221; custom_width_px=&#8221;1080px&#8221; custom_width_percent=&#8221;80%&#8221; use_custom_gutter=&#8221;off&#8221; gutter_width=&#8221;3&#8243; padding_mobile=&#8221;off&#8221; allow_player_pause=&#8221;off&#8221; parallax=&#8221;off&#8221; parallax_method=&#8221;on&#8221; make_equal=&#8221;off&#8221; column_padding_mobile=&#8221;on&#8221; parallax_1=&#8221;off&#8221; parallax_method_1=&#8221;on&#8221; parallax_2=&#8221;off&#8221; parallax_method_2=&#8221;on&#8221; parallax_3=&#8221;off&#8221; parallax_method_3=&#8221;on&#8221; parallax_4=&#8221;off&#8221; parallax_method_4=&#8221;on&#8221; disabled=&#8221;off&#8221; background_position=&#8221;top_left&#8221; background_repeat=&#8221;repeat&#8221; background_size=&#8221;initial&#8221;][et_pb_column type=&#8221;4_4&#8243;][et_pb_text admin_label=&#8221;Text &#8211; PRENOTA ADESSO&#8221; background_layout=&#8221;light&#8221; text_orientation=&#8221;center&#8221; header_font=&#8221;Open Sans||||&#8221; text_font=&#8221;Open Sans||||&#8221; border_style=&#8221;solid&#8221; disabled=&#8221;off&#8221; module_alignment=&#8221;center&#8221; background_position=&#8221;top_left&#8221; background_repeat=&#8221;repeat&#8221; background_size=&#8221;initial&#8221; _builder_version=&#8221;3.0.82&#8243; box_shadow_position=&#8221;outer&#8221;]<\/p>\n<h2 style=\"text-align: center;\"><a href=\"https:\/\/www.kronau.si\/wp-content\/uploads\/2014\/03\/flower-kronau-hiske.png\"><img loading=\"lazy\" decoding=\"async\" class=\"alignnone size-full wp-image-136\" src=\"https:\/\/www.kronau.si\/wp-content\/uploads\/2014\/03\/flower-kronau-hiske.png\" alt=\"flower-kronau hiske\" width=\"27\" height=\"24\"><\/a>&nbsp; PRENOTA ADESSO<\/h2>\n<p style=\"text-align: center; color: red;\"><span style=\"color: #791e1c;\">By making the right decision and booking at the right place you ensure quality \u2013 choose better. .<\/span><\/p>\n<p>[\/et_pb_text][\/et_pb_column][\/et_pb_row][et_pb_row admin_label=&#8221;row&#8221; make_fullwidth=&#8221;off&#8221; use_custom_width=&#8221;off&#8221; width_unit=&#8221;off&#8221; custom_width_px=&#8221;1080px&#8221; custom_width_percent=&#8221;80%&#8221; use_custom_gutter=&#8221;off&#8221; gutter_width=&#8221;3&#8243; padding_mobile=&#8221;off&#8221; allow_player_pause=&#8221;off&#8221; parallax=&#8221;off&#8221; parallax_method=&#8221;on&#8221; make_equal=&#8221;off&#8221; column_padding_mobile=&#8221;on&#8221; parallax_1=&#8221;off&#8221; parallax_method_1=&#8221;on&#8221; parallax_2=&#8221;off&#8221; parallax_method_2=&#8221;on&#8221; parallax_3=&#8221;off&#8221; parallax_method_3=&#8221;on&#8221; parallax_4=&#8221;off&#8221; parallax_method_4=&#8221;on&#8221; disabled=&#8221;off&#8221; background_position=&#8221;top_left&#8221; background_repeat=&#8221;repeat&#8221; background_size=&#8221;initial&#8221;][et_pb_column type=&#8221;4_4&#8243;][et_pb_text admin_label=&#8221;Text &#8211; WARNING!&#8221; background_layout=&#8221;light&#8221; border_style=&#8221;solid&#8221; disabled=&#8221;off&#8221; module_alignment=&#8221;left&#8221; background_position=&#8221;top_left&#8221; background_repeat=&#8221;repeat&#8221; background_size=&#8221;initial&#8221; _builder_version=&#8221;3.0.82&#8243; box_shadow_position=&#8221;outer&#8221;]<\/p>\n<p style=\"text-align: justify;\"><span style=\"color: #ff0000;\"><strong>WARNING!<\/strong><\/span><br \/>\nOnline booking or purchase can be done only with detached house &#8211; LUX and only weekly<strong><span style=\"color: #ff0000;\">\u00a0from Saturday to Saturday<\/span><\/strong>. In the case of any other book your reservation will be canceled and the purchase and refund the payment. The sum of the refund will be lower for the amount of administrative costs and transaction costs.<\/p>\n<p>[\/et_pb_text][et_pb_text admin_label=&#8221;Text &#8211; KODA&#8221; background_layout=&#8221;light&#8221; border_style=&#8221;solid&#8221; disabled=&#8221;off&#8221; module_alignment=&#8221;left&#8221; background_position=&#8221;top_left&#8221; background_repeat=&#8221;repeat&#8221; background_size=&#8221;initial&#8221; _builder_version=&#8221;3.0.80&#8243;]<\/p>\n\n<link rel=\"stylesheet\" type=\"text\/css\" href=\"https:\/\/www.kronau.si\/wp-content\/plugins\/dopbsp\/templates\/default\/css\/jquery-ui-1.8.21.customDatepicker.css\" \/>\n<link rel=\"stylesheet\" type=\"text\/css\" href=\"https:\/\/www.kronau.si\/wp-content\/plugins\/dopbsp\/templates\/default\/css\/jquery.dop.FrontendBookingSystemPRO.css\" \/>\n<script type=\"text\/JavaScript\">\n    jQuery(document).ready(function(){\n         jQuery(\"#DOPBookingSystemPRO5\").DOPBookingSystemPRO({\"AddLastHourToTotalPrice\":\"true\",\"AddtMonthViewText\":\"Add Month View\",\"AvailableDays\":[\"true\",\"true\",\"true\",\"true\",\"true\",\"true\",\"true\"],\"AvailableOneText\":\"available\",\"AvailableText\":\"available\",\"BookedText\":\"booked\",\"BookNowLabel\":\"Book Now\",\"CheckInLabel\":\"Check In\",\"CheckOutLabel\":\"Check Out\",\"Currency\":\"&#8364;\",\"CurrencyCode\":\"EUR\",\"DayNames\":[\"Sunday\",\"Monday\",\"Tuesday\",\"Wednesday\",\"Thursday\",\"Friday\",\"Saturday\"],\"DayShortNames\":[\"Su\",\"Mo\",\"Tu\",\"We\",\"Th\",\"Fr\",\"Sa\"],\"DateType\":\"2\",\"Deposit\":\"100\",\"DepositText\":\"deposit\",\"DiscountsNoDays\":[0,0,0,0,0,5,0,0,0,0,0,0,0,0,0,0,0,0,0,0,0,0,0,0,0,0,0,0,0,0],\"DiscountText\":\"discount\",\"EndHourLabel\":\"Finish at\",\"FirstDay\":\"6\",\"Form\":[{\"id\":\"1\",\"form_id\":\"1\",\"type\":\"text\",\"position\":\"1\",\"multiple_select\":\"false\",\"allowed_characters\":\"\",\"size\":\"0\",\"is_email\":\"false\",\"required\":\"true\",\"translation\":\"First Name\"},{\"id\":\"2\",\"form_id\":\"1\",\"type\":\"text\",\"position\":\"2\",\"multiple_select\":\"false\",\"allowed_characters\":\"\",\"size\":\"0\",\"is_email\":\"false\",\"required\":\"true\",\"translation\":\"Last Name\"},{\"id\":\"3\",\"form_id\":\"1\",\"type\":\"text\",\"position\":\"3\",\"multiple_select\":\"false\",\"allowed_characters\":\"\",\"size\":\"0\",\"is_email\":\"true\",\"required\":\"true\",\"translation\":\"Email\"},{\"id\":\"4\",\"form_id\":\"1\",\"type\":\"text\",\"position\":\"4\",\"multiple_select\":\"false\",\"allowed_characters\":\"0123456789+-().\",\"size\":\"0\",\"is_email\":\"false\",\"required\":\"true\",\"translation\":\"Phone\"},{\"id\":\"5\",\"form_id\":\"1\",\"type\":\"textarea\",\"position\":\"5\",\"multiple_select\":\"false\",\"allowed_characters\":\"\",\"size\":\"0\",\"is_email\":\"false\",\"required\":\"true\",\"translation\":\"Message\"},{\"id\":\"9\",\"form_id\":\"1\",\"type\":\"checkbox\",\"position\":\"6\",\"multiple_select\":\"false\",\"allowed_characters\":\"\",\"size\":\"0\",\"is_email\":\"false\",\"required\":\"true\",\"translation\":\"BOOKING is possible only SATURDAY to SATURDAY!!!\"}],\"FormID\":\"1\",\"FormEmailInvalid\":\"is invalid. Please enter a valid Email.\",\"FormRequired\":\"is required.\",\"FormTitle\":\"Contact Information\",\"HoursAMPM\":\"false\",\"HoursEnabled\":\"false\",\"HoursDefinitions\":[{\"value\":\"10:00\"}],\"HoursInfoEnabled\":\"true\",\"HoursIntervalEnabled\":\"false\",\"ID\":\"5\",\"Language\":\"en\",\"MaxNoChildren\":\"2\",\"MaxNoPeople\":\"4\",\"MaxYear\":\"2021\",\"MaxStay\":\"7\",\"MaxStayWarning\":\"You can book only a maximum number of days.\",\"MinNoChildren\":\"0\",\"MinNoPeople\":\"1\",\"MinStay\":\"7\",\"MinStayWarning\":\"You need to book a minimum number of days.\",\"MonthNames\":[\"January\",\"February\",\"March\",\"April\",\"May\",\"June\",\"July\",\"August\",\"September\",\"October\",\"November\",\"December\"],\"MonthShortNames\":[\"Jan\",\"Feb\",\"Mar\",\"Apr\",\"May\",\"Jun\",\"Jul\",\"Aug\",\"Sep\",\"Oct\",\"Nov\",\"Dec\"],\"MorningCheckOut\":\"true\",\"MultipleDaysSelect\":\"true\",\"MultipleHoursSelect\":\"true\",\"NextMonthText\":\"Next Month\",\"NoAdultsLabel\":\"No Adults\",\"NoChildrenEnabled\":\"true\",\"NoChildrenLabel\":\"No Children\",\"NoItemsLabel\":\"No book items\",\"NoItemsEnabled\":\"false\",\"NoPeopleLabel\":\"No People\",\"NoPeopleEnabled\":\"true\",\"NoServicesAvailableText\":\"There are no services available for the period you selected.\",\"PaymentArrivalEnabled\":\"false\",\"PaymentArrivalLabel\":\"Pay on Arrival (need to be approved)\",\"PaymentArrivalSuccess\":\"Your request has been successfully sent. Please wait for approval.\",\"PaymentArrivalSuccessInstantBooking\":\"Your request has been successfully received. We are waiting you!\",\"PaymentPayPalEnabled\":\"true\",\"PaymentPayPalLabel\":\"Pay on PayPal (instant booking)\",\"PaymentPayPalSuccess\":\"Your payment was approved and services are booked.\",\"PaymentPayPalError\":\"There was an error while processing PayPal payment. Please try again.\",\"PluginURL\":\"https:\\\/\\\/www.kronau.si\\\/wp-content\\\/plugins\\\/dopbsp\\\/\",\"PreviousMonthText\":\"Previous Month\",\"RemoveMonthViewText\":\"Remove Month View\",\"ServicesLabel\":\"Services\",\"StartHourLabel\":\"Start at\",\"TotalPriceLabel\":\"Total:\",\"TermsAndConditionsEnabled\":\"true\",\"TermsAndConditionsInvalid\":\"You must agree with our Terms & Conditions to continue.\",\"TermsAndConditionsLabel\":\"I accept to agree to the Terms & Conditions.\",\"TermsAndConditionsLink\":\"https:\\\/\\\/www.kronau.si\\\/en\\\/terms-and-conditions-online\\\/\",\"UnavailableText\":\"unavailable\",\"ViewOnly\":\"false\",\"WooCommerceEnabled\":\"false\",\"WooCommerceAddToCartLabel\":\"Add to cart\",\"WooCommerceAddToCartSuccess\":\"Your reservation has been added to cart.\"});\n    });\n<\/script>\n<div class=\"DOPBookingSystemPROContainer\" id=\"DOPBookingSystemPRO5\"><a href=\"https:\/\/www.kronau.si\/wp-admin\/admin-ajax.php\"><\/a><\/div>\n\n<p>[\/et_pb_text][et_pb_text background_layout=&#8221;light&#8221; border_style=&#8221;solid&#8221; module_alignment=&#8221;left&#8221; background_position=&#8221;top_left&#8221; background_repeat=&#8221;repeat&#8221; background_size=&#8221;initial&#8221; _builder_version=&#8221;3.0.82&#8243; box_shadow_position=&#8221;outer&#8221;]<\/p>\n<p><a href=\"https:\/\/www.kronau.si\/it\/prenota-adesso\/terms-and-conditions-online\/\" target=\"_blank\" rel=\"noopener\">TERMS &amp; CONDITIONS &#8211; ONLINE<\/a><\/p>\n<p>[\/et_pb_text][\/et_pb_column][\/et_pb_row][\/et_pb_section][et_pb_section bb_built=&#8221;1&#8243; transparent_background=&#8221;on&#8221; allow_player_pause=&#8221;off&#8221; inner_shadow=&#8221;off&#8221; parallax=&#8221;off&#8221; parallax_method=&#8221;off&#8221; padding_mobile=&#8221;off&#8221; make_fullwidth=&#8221;off&#8221; use_custom_width=&#8221;off&#8221; width_unit=&#8221;on&#8221; custom_width_px=&#8221;1080px&#8221; custom_width_percent=&#8221;80%&#8221; make_equal=&#8221;off&#8221; use_custom_gutter=&#8221;off&#8221; fullwidth=&#8221;off&#8221; specialty=&#8221;off&#8221; disabled=&#8221;off&#8221; background_color=&#8221;rgba(255,255,255,0)&#8221; custom_padding_tablet=&#8221;50px|0|50px|0&#8243; custom_padding_last_edited=&#8221;on|desktop&#8221;][et_pb_row make_fullwidth=&#8221;off&#8221; use_custom_width=&#8221;off&#8221; width_unit=&#8221;off&#8221; custom_width_px=&#8221;1080px&#8221; custom_width_percent=&#8221;80%&#8221; use_custom_gutter=&#8221;off&#8221; gutter_width=&#8221;3&#8243; padding_mobile=&#8221;off&#8221; allow_player_pause=&#8221;off&#8221; parallax=&#8221;off&#8221; parallax_method=&#8221;on&#8221; make_equal=&#8221;off&#8221; column_padding_mobile=&#8221;on&#8221; parallax_1=&#8221;off&#8221; parallax_method_1=&#8221;on&#8221; parallax_2=&#8221;off&#8221; parallax_method_2=&#8221;on&#8221; parallax_3=&#8221;off&#8221; parallax_method_3=&#8221;on&#8221; parallax_4=&#8221;off&#8221; parallax_method_4=&#8221;on&#8221; disabled=&#8221;off&#8221; background_position=&#8221;top_left&#8221; background_repeat=&#8221;repeat&#8221; background_size=&#8221;initial&#8221;][et_pb_column type=&#8221;4_4&#8243;][et_pb_image src=&#8221;https:\/\/www.kronau.si\/wp-content\/uploads\/2017\/04\/logo-kronau1.png&#8221; show_in_lightbox=&#8221;off&#8221; url_new_window=&#8221;off&#8221; use_overlay=&#8221;off&#8221; sticky=&#8221;off&#8221; align=&#8221;center&#8221; force_fullwidth=&#8221;off&#8221; always_center_on_mobile=&#8221;on&#8221; use_border_color=&#8221;off&#8221; border_color=&#8221;#ffffff&#8221; border_width=&#8221;1px&#8221; border_style=&#8221;solid&#8221; disabled=&#8221;off&#8221; animation_style=&#8221;slide&#8221; animation_duration=&#8221;500ms&#8221; animation_intensity_slide=&#8221;10%&#8221; animation_direction=&#8221;left&#8221; \/][et_pb_blurb admin_label=&#8221;Blurb &#8211; naslov footer SLO&#8221; url_new_window=&#8221;off&#8221; use_icon=&#8221;off&#8221; icon_color=&#8221;#d6b469&#8243; use_circle=&#8221;off&#8221; circle_color=&#8221;#d6b469&#8243; use_circle_border=&#8221;off&#8221; circle_border_color=&#8221;#d6b469&#8243; icon_placement=&#8221;top&#8221; animation=&#8221;top&#8221; background_layout=&#8221;light&#8221; text_orientation=&#8221;center&#8221; use_icon_font_size=&#8221;off&#8221; icon_font_size=&#8221;96px&#8221; use_border_color=&#8221;off&#8221; border_color=&#8221;#ffffff&#8221; border_width=&#8221;1px&#8221; border_style=&#8221;solid&#8221; disabled=&#8221;off&#8221; background_position=&#8221;top_left&#8221; background_repeat=&#8221;repeat&#8221; background_size=&#8221;initial&#8221;]<\/p>\n<div class=\"contact\">\n<p><strong>Kronau Chalet Resort<\/strong><br \/>\nSI-4280 Kranjska gora | Bezje 19 &#8211; 24 | Slovenija | Evropa<\/p>\n<\/div>\n<p>Telefon: +386(0)51 356 179 | Fax: +386(0)83807451<br \/>\n<a class=\"email\" href=\"mailto:info@kronau.si\">info@kronau.si<\/a><\/p>\n<p>[\/et_pb_blurb][\/et_pb_column][\/et_pb_row][\/et_pb_section]<\/p>\n","protected":false},"excerpt":{"rendered":"<p>&nbsp; PRENOTA ADESSO By making the right decision and booking at the right place you ensure quality \u2013 choose better. . WARNING! Online booking or purchase can be done only with detached house &#8211; LUX and only weekly\u00a0from Saturday to Saturday. In the case of any other book your reservation will be canceled and the [&hellip;]<\/p>\n","protected":false},"author":1,"featured_media":0,"parent":0,"menu_order":0,"comment_status":"closed","ping_status":"open","template":"","meta":{"_et_pb_use_builder":"on","_et_pb_old_content":"<p style=\"text-align: justify;\"><span style=\"color: #ff0000;\"><strong>OPOZORILO!<\/strong><\/span>\r\nONLINE rezervacijo oziroma nakup lahko izvedete, le <strong><span style=\"color: #ff0000;\">od SOBOTE do SOBOTE<\/span><\/strong>. V primeru kakr\u0161nekoli druga\u010dne rezervacije bomo va\u0161o rezervacijo oziroma nakup stornirali in vam vrnili vpla\u010dilo. Vsota vra\u010dila bo ni\u017eja v vi\u0161ini administrativnih stro\u0161kov in stro\u0161kov transakcije.<\/p>\r\n[dopbsp id=\"5\"]\r\n\r\n<a href=\"http:\/\/www.kronau.si\/pogoji-in-informacije-online\/\" target=\"_blank\">POGOJI in INFORMACIJE - ONLINE<\/a>","_et_gb_content_width":"","footnotes":""},"class_list":["post-4101","page","type-page","status-publish","hentry"],"aioseo_notices":[],"_links":{"self":[{"href":"https:\/\/www.kronau.si\/it\/wp-json\/wp\/v2\/pages\/4101","targetHints":{"allow":["GET"]}}],"collection":[{"href":"https:\/\/www.kronau.si\/it\/wp-json\/wp\/v2\/pages"}],"about":[{"href":"https:\/\/www.kronau.si\/it\/wp-json\/wp\/v2\/types\/page"}],"author":[{"embeddable":true,"href":"https:\/\/www.kronau.si\/it\/wp-json\/wp\/v2\/users\/1"}],"replies":[{"embeddable":true,"href":"https:\/\/www.kronau.si\/it\/wp-json\/wp\/v2\/comments?post=4101"}],"version-history":[{"count":6,"href":"https:\/\/www.kronau.si\/it\/wp-json\/wp\/v2\/pages\/4101\/revisions"}],"predecessor-version":[{"id":4783,"href":"https:\/\/www.kronau.si\/it\/wp-json\/wp\/v2\/pages\/4101\/revisions\/4783"}],"wp:attachment":[{"href":"https:\/\/www.kronau.si\/it\/wp-json\/wp\/v2\/media?parent=4101"}],"curies":[{"name":"wp","href":"https:\/\/api.w.org\/{rel}","templated":true}]}}