{"id":4089,"date":"2017-04-13T11:55:36","date_gmt":"2017-04-13T10:55:36","guid":{"rendered":"https:\/\/www.kronau.si\/rezervacije-2\/"},"modified":"2024-04-02T13:18:45","modified_gmt":"2024-04-02T11:18:45","slug":"prenotazione","status":"publish","type":"page","link":"https:\/\/www.kronau.si\/it\/prenotazione\/","title":{"rendered":"PRENOTAZIONE"},"content":{"rendered":"<p>[et_pb_section fb_built=&#8221;1&#8243; custom_padding_last_edited=&#8221;on|desktop&#8221; admin_label=&#8221;section&#8221; _builder_version=&#8221;4.16&#8243; background_color=&#8221;#faf4e8&#8243; custom_padding_tablet=&#8221;50px|0|50px|0&#8243; custom_padding_phone=&#8221;&#8221; transparent_background=&#8221;off&#8221; padding_mobile=&#8221;off&#8221; make_fullwidth=&#8221;off&#8221; use_custom_width=&#8221;off&#8221; width_unit=&#8221;on&#8221; custom_width_px=&#8221;1080px&#8221; custom_width_percent=&#8221;80%&#8221; global_colors_info=&#8221;{}&#8221;][et_pb_row padding_mobile=&#8221;off&#8221; column_padding_mobile=&#8221;on&#8221; admin_label=&#8221;row&#8221; _builder_version=&#8221;4.16&#8243; background_size=&#8221;initial&#8221; background_position=&#8221;top_left&#8221; background_repeat=&#8221;repeat&#8221; make_fullwidth=&#8221;off&#8221; use_custom_width=&#8221;off&#8221; width_unit=&#8221;off&#8221; custom_width_px=&#8221;1080px&#8221; custom_width_percent=&#8221;80%&#8221; global_colors_info=&#8221;{}&#8221;][et_pb_column type=&#8221;4_4&#8243; _builder_version=&#8221;4.16&#8243; custom_padding=&#8221;|||&#8221; global_colors_info=&#8221;{}&#8221; custom_padding__hover=&#8221;|||&#8221;][et_pb_text admin_label=&#8221;Text &#8211; KRONAU CHALET RESORT&#8221; _builder_version=&#8221;4.24.0&#8243; background_size=&#8221;initial&#8221; background_position=&#8221;top_left&#8221; background_repeat=&#8221;repeat&#8221; module_alignment=&#8221;left&#8221; hover_enabled=&#8221;0&#8243; border_style=&#8221;solid&#8221; global_colors_info=&#8221;{}&#8221; sticky_enabled=&#8221;0&#8243;]<strong>Kronau Chalet Resort<\/strong> \u2013 il nostro piccolo villaggio &#8211; \u00e8 una struttura privata con case vacanza e altre propriet\u00e0 in locazione. \u00c8 gestito dalla societ\u00e0 DEJAN KO\u0160IR S.P. , registrata presso tutte le istituzioni locali e statali della Repubblica di Slovenia per svolgere attivit\u00e0 con tutte le autorizzazioni e le responsabilit\u00e0 previste.[\/et_pb_text][et_pb_divider show_divider=&#8221;off&#8221; disabled_on=&#8221;on|on|off&#8221; _builder_version=&#8221;4.16&#8243; height=&#8221;10px&#8221; hide_on_mobile=&#8221;on&#8221; global_colors_info=&#8221;{}&#8221;][\/et_pb_divider][et_pb_text admin_label=&#8221;Text &#8211; PRENOTAZIONE&#8221; _builder_version=&#8221;4.16&#8243; text_font=&#8221;Open Sans||||&#8221; header_font=&#8221;Open Sans||||&#8221; background_size=&#8221;initial&#8221; background_position=&#8221;top_left&#8221; background_repeat=&#8221;repeat&#8221; text_orientation=&#8221;center&#8221; module_alignment=&#8221;center&#8221; border_style=&#8221;solid&#8221; global_colors_info=&#8221;{}&#8221;]<\/p>\n<h2 style=\"text-align: center;\"><a href=\"https:\/\/www.kronau.si\/wp-content\/uploads\/2014\/03\/flower-kronau-hiske.png\"><img loading=\"lazy\" decoding=\"async\" class=\"alignnone size-full wp-image-136\" src=\"https:\/\/www.kronau.si\/wp-content\/uploads\/2014\/03\/flower-kronau-hiske.png\" alt=\"flower-kronau hiske\" width=\"27\" height=\"24\" \/><\/a>\u00a0 PRENOTAZIONE<\/h2>\n<p>La scelta giusta e la corretta prenotazione sono garanzia di qualit\u00e0 e vi consentono di assicurarvi la soluzione pi\u00f9 adatta alle vostre esigenze.<br \/>\n[\/et_pb_text][\/et_pb_column][\/et_pb_row][et_pb_row padding_mobile=&#8221;off&#8221; column_padding_mobile=&#8221;on&#8221; _builder_version=&#8221;4.16&#8243; background_size=&#8221;initial&#8221; background_position=&#8221;top_left&#8221; background_repeat=&#8221;repeat&#8221; make_fullwidth=&#8221;off&#8221; use_custom_width=&#8221;off&#8221; width_unit=&#8221;off&#8221; custom_width_px=&#8221;1080px&#8221; custom_width_percent=&#8221;80%&#8221; global_colors_info=&#8221;{}&#8221;][et_pb_column type=&#8221;4_4&#8243; _builder_version=&#8221;4.16&#8243; custom_padding=&#8221;|||&#8221; global_colors_info=&#8221;{}&#8221; custom_padding__hover=&#8221;|||&#8221;][et_pb_image src=&#8221;https:\/\/www.kronau.si\/wp-content\/uploads\/2014\/03\/his\u030cka-kronau.png&#8221; align=&#8221;center&#8221; align_tablet=&#8221;center&#8221; align_phone=&#8221;&#8221; align_last_edited=&#8221;on|desktop&#8221; _builder_version=&#8221;4.16&#8243; animation_style=&#8221;slide&#8221; animation_direction=&#8221;left&#8221; animation_duration=&#8221;500ms&#8221; animation_intensity_slide=&#8221;10%&#8221; use_border_color=&#8221;off&#8221; border_color=&#8221;#ffffff&#8221; border_width=&#8221;1px&#8221; border_style=&#8221;solid&#8221; sticky=&#8221;off&#8221; always_center_on_mobile=&#8221;on&#8221; global_colors_info=&#8221;{}&#8221;][\/et_pb_image][et_pb_text admin_label=&#8221;Text &#8211; Casa per le vostre vacanze nelle Alpi Giulie&#8221; _builder_version=&#8221;4.16&#8243; text_font=&#8221;Dancing Script||||&#8221; text_font_size=&#8221;24px&#8221; background_size=&#8221;initial&#8221; background_position=&#8221;top_left&#8221; background_repeat=&#8221;repeat&#8221; text_orientation=&#8221;center&#8221; module_alignment=&#8221;center&#8221; border_style=&#8221;solid&#8221; global_colors_info=&#8221;{}&#8221;]Casa per le vostre vacanze nelle Alpi Giulie<br \/>\n[\/et_pb_text][\/et_pb_column][\/et_pb_row][et_pb_row column_structure=&#8221;1_2,1_2&#8243; padding_mobile=&#8221;off&#8221; column_padding_mobile=&#8221;on&#8221; _builder_version=&#8221;4.16&#8243; background_size=&#8221;initial&#8221; background_position=&#8221;top_left&#8221; background_repeat=&#8221;repeat&#8221; make_fullwidth=&#8221;off&#8221; use_custom_width=&#8221;off&#8221; width_unit=&#8221;off&#8221; custom_width_px=&#8221;1080px&#8221; custom_width_percent=&#8221;80%&#8221; global_colors_info=&#8221;{}&#8221;][et_pb_column type=&#8221;1_2&#8243; _builder_version=&#8221;4.16&#8243; custom_padding=&#8221;|||&#8221; global_colors_info=&#8221;{}&#8221; custom_padding__hover=&#8221;|||&#8221;][et_pb_blurb title=&#8221;RICHIESTA DI PRENOTAZIONE&#8221; url=&#8221;https:\/\/www.kronau.si\/it\/richiesta\/&#8221; use_icon=&#8221;on&#8221; font_icon=&#8221;&#x6c;||divi||400&#8243; icon_color=&#8221;#6e3a15&#8243; image_icon_background_color=&#8221;#d6b469&#8243; image_icon_width=&#8221;48px&#8221; admin_label=&#8221;Blurb &#8211; RICHIESTA DI PRENOTAZIONE&#8221; _builder_version=&#8221;4.16&#8243; header_font=&#8221;Open Sans|||on|&#8221; header_font_size=&#8221;20px&#8221; body_font_size=&#8221;18px&#8221; background_color=&#8221;rgba(214,180,105,0.4)&#8221; background_size=&#8221;initial&#8221; background_position=&#8221;top_left&#8221; background_repeat=&#8221;repeat&#8221; image_icon_custom_padding=&#8221;25px|25px|25px|25px|false|false&#8221; text_orientation=&#8221;center&#8221; max_width_tablet=&#8221;50px&#8221; custom_margin=&#8221;|||&#8221; custom_padding=&#8221;20px||20px|&#8221; border_width_all=&#8221;2px&#8221; border_color_all=&#8221;#6e3a15&#8243; border_style_all=&#8221;solid&#8221; border_radii_image=&#8221;on|100%|100%|100%|100%&#8221; border_width_all_image=&#8221;3px&#8221; border_color_all_image=&#8221;#6e3a15&#8243; use_border_color=&#8221;on&#8221; border_color=&#8221;#6e3a15&#8243; border_width=&#8221;2px&#8221; border_style=&#8221;solid&#8221; use_circle=&#8221;on&#8221; use_circle_border=&#8221;on&#8221; circle_border_color=&#8221;#6e3a15&#8243; global_colors_info=&#8221;{}&#8221; image_icon_background_color__sticky_enabled=&#8221;#d6b469&#8243; image_icon_background_color__sticky=&#8221;#d6b469&#8243;][\/et_pb_blurb][\/et_pb_column][et_pb_column type=&#8221;1_2&#8243; _builder_version=&#8221;4.16&#8243; custom_padding=&#8221;|||&#8221; global_colors_info=&#8221;{}&#8221; custom_padding__hover=&#8221;|||&#8221;][et_pb_blurb title=&#8221;PRENOTA ADESSO&#8221; url=&#8221;https:\/\/www.kronau.si\/it\/prenota-adesso\/&#8221; use_icon=&#8221;on&#8221; font_icon=&#8221;&#xe015;||divi||400&#8243; icon_color=&#8221;#6e3a15&#8243; image_icon_background_color=&#8221;#d6b469&#8243; image_icon_width=&#8221;48px&#8221; admin_label=&#8221;Blurb &#8211; PRENOTA ADESSO&#8221; _builder_version=&#8221;4.16&#8243; header_font=&#8221;Open Sans|||on|&#8221; header_text_color=&#8221;#6e3a15&#8243; header_font_size=&#8221;20px&#8221; body_text_color=&#8221;#6e3a15&#8243; body_font_size=&#8221;18px&#8221; background_color=&#8221;rgba(214,180,105,0.4)&#8221; background_size=&#8221;initial&#8221; background_position=&#8221;top_left&#8221; background_repeat=&#8221;repeat&#8221; image_icon_custom_padding=&#8221;25px|25px|25px|25px|false|false&#8221; text_orientation=&#8221;center&#8221; max_width_tablet=&#8221;50px&#8221; custom_margin=&#8221;|||&#8221; custom_padding=&#8221;20px||20px|&#8221; border_width_all=&#8221;2px&#8221; border_color_all=&#8221;#6e3a15&#8243; border_style_all=&#8221;solid&#8221; border_radii_image=&#8221;on|100%|100%|100%|100%&#8221; border_width_all_image=&#8221;3px&#8221; border_color_all_image=&#8221;#6e3a15&#8243; use_border_color=&#8221;on&#8221; border_color=&#8221;#6e3a15&#8243; border_width=&#8221;2px&#8221; border_style=&#8221;solid&#8221; use_circle=&#8221;on&#8221; use_circle_border=&#8221;on&#8221; circle_border_color=&#8221;#6e3a15&#8243; global_colors_info=&#8221;{}&#8221; image_icon_background_color__sticky_enabled=&#8221;#d6b469&#8243; image_icon_background_color__sticky=&#8221;#d6b469&#8243;][\/et_pb_blurb][\/et_pb_column][\/et_pb_row][et_pb_row _builder_version=&#8221;4.16&#8243; background_size=&#8221;initial&#8221; background_position=&#8221;top_left&#8221; background_repeat=&#8221;repeat&#8221; global_colors_info=&#8221;{}&#8221;][et_pb_column type=&#8221;4_4&#8243; _builder_version=&#8221;4.16&#8243; custom_padding=&#8221;|||&#8221; global_colors_info=&#8221;{}&#8221; custom_padding__hover=&#8221;|||&#8221;][et_pb_text admin_label=&#8221;Text &#8211; \u00bbPRENOTAZIONE\u00ab&#8221; _builder_version=&#8221;4.16&#8243; background_size=&#8221;initial&#8221; background_position=&#8221;top_left&#8221; background_repeat=&#8221;repeat&#8221; module_alignment=&#8221;left&#8221; border_style=&#8221;solid&#8221; global_colors_info=&#8221;{}&#8221;]<strong>\u00bbPRENOTAZIONE\u00ab\u00a0<\/strong><strong><\/strong>\u00e8 una\u00a0<strong>locazione preliminare<\/strong>\u00a0di una determinata unit\u00e0\/propriet\u00e0 per un determinato periodo di tempo. A prenotazione avvenuta ci impegniamo di bloccare una determinata unit\u00e0 per un determinato periodo di tempo, fermandone le vendite dei pacchetti di soggiorno. Durante questo periodo tutte le successive richieste di locazione saranno respinte.<br \/>\n[\/et_pb_text][et_pb_text admin_label=&#8221;Text &#8211; \u00bbREZERVACIJA\u00ab&#8221; _builder_version=&#8221;4.16&#8243; text_text_color=&#8221;#e02b20&#8243; text_font_size=&#8221;14px&#8221; header_font_size=&#8221;47px&#8221; header_4_font=&#8221;Open Sans|700|||||||&#8221; header_4_text_color=&#8221;#e02b20&#8243; header_4_font_size=&#8221;15px&#8221; background_size=&#8221;initial&#8221; background_position=&#8221;top_left&#8221; background_repeat=&#8221;repeat&#8221; module_alignment=&#8221;left&#8221; animation_style=&#8221;zoom&#8221; use_border_color=&#8221;off&#8221; border_color=&#8221;#ffffff&#8221; border_style=&#8221;solid&#8221; locked=&#8221;off&#8221; global_colors_info=&#8221;{}&#8221;]<\/p>\n<h4>ATTENZIONE !!!<\/h4>\n<p>L&#8217;occupazione indicata nel calendario sotto l&#8217;opzione PRENOTA ADESSO si applica solo alla casa indipendente LUX. Potremmo non essere ancora occupati da altre unit\u00e0, quindi usa l&#8217;opzione RICHIESTA DI PRENOTAZIONE e invia una richiesta.[\/et_pb_text][\/et_pb_column][\/et_pb_row][et_pb_row padding_mobile=&#8221;off&#8221; column_padding_mobile=&#8221;on&#8221; _builder_version=&#8221;4.16&#8243; background_size=&#8221;initial&#8221; background_position=&#8221;top_left&#8221; background_repeat=&#8221;repeat&#8221; make_fullwidth=&#8221;off&#8221; use_custom_width=&#8221;off&#8221; width_unit=&#8221;off&#8221; custom_width_px=&#8221;1080px&#8221; custom_width_percent=&#8221;80%&#8221; global_colors_info=&#8221;{}&#8221;][et_pb_column type=&#8221;4_4&#8243; _builder_version=&#8221;4.16&#8243; custom_padding=&#8221;|||&#8221; global_colors_info=&#8221;{}&#8221; custom_padding__hover=&#8221;|||&#8221;][et_pb_button button_url=&#8221;https:\/\/www.kronau.si\/it\/last-minute\/&#8221; button_text=&#8221;LAST MINUTE CALL&#8221; button_alignment=&#8221;center&#8221; admin_label=&#8221;Button &#8211; LAST MINUTE CALL&#8221; _builder_version=&#8221;4.16&#8243; custom_button=&#8221;on&#8221; button_text_size=&#8221;15px&#8221; button_text_color=&#8221;#6e3a15&#8243; button_border_width=&#8221;1px&#8221; button_border_radius=&#8221;14px&#8221; button_letter_spacing=&#8221;1px&#8221; button_icon=&#8221;&#xe090;||divi||400&#8243; button_icon_color=&#8221;#6e3a15&#8243; button_border_radius_hover=&#8221;14px&#8221; global_colors_info=&#8221;{}&#8221; button_text_size__hover_enabled=&#8221;off&#8221; button_one_text_size__hover_enabled=&#8221;off&#8221; button_two_text_size__hover_enabled=&#8221;off&#8221; button_text_color__hover_enabled=&#8221;off&#8221; button_one_text_color__hover_enabled=&#8221;off&#8221; button_two_text_color__hover_enabled=&#8221;off&#8221; button_border_width__hover_enabled=&#8221;off&#8221; button_one_border_width__hover_enabled=&#8221;off&#8221; button_two_border_width__hover_enabled=&#8221;off&#8221; button_border_color__hover_enabled=&#8221;off&#8221; button_one_border_color__hover_enabled=&#8221;off&#8221; button_two_border_color__hover_enabled=&#8221;off&#8221; button_border_radius__hover_enabled=&#8221;on&#8221; button_border_radius__hover=&#8221;14px&#8221; button_one_border_radius__hover_enabled=&#8221;off&#8221; button_two_border_radius__hover_enabled=&#8221;off&#8221; button_letter_spacing__hover_enabled=&#8221;off&#8221; button_one_letter_spacing__hover_enabled=&#8221;off&#8221; button_two_letter_spacing__hover_enabled=&#8221;off&#8221; button_bg_color__hover_enabled=&#8221;off&#8221; button_one_bg_color__hover_enabled=&#8221;off&#8221; button_two_bg_color__hover_enabled=&#8221;off&#8221;][\/et_pb_button][et_pb_divider show_divider=&#8221;off&#8221; disabled_on=&#8221;on|on|off&#8221; _builder_version=&#8221;4.16&#8243; height=&#8221;5px&#8221; hide_on_mobile=&#8221;on&#8221; global_colors_info=&#8221;{}&#8221;][\/et_pb_divider][et_pb_text admin_label=&#8221;Text &#8211; Visualizza tutto &#8221; _builder_version=&#8221;4.16&#8243; text_font_size=&#8221;12px&#8221; background_size=&#8221;initial&#8221; background_position=&#8221;top_left&#8221; background_repeat=&#8221;repeat&#8221; text_orientation=&#8221;center&#8221; module_alignment=&#8221;center&#8221; custom_margin=&#8221;||-10px|&#8221; custom_padding=&#8221;||-10px|&#8221; border_style=&#8221;solid&#8221; global_colors_info=&#8221;{}&#8221;]<\/p>\n<p style=\"text-align: center;\">Visualizza tutto  <span style=\"text-decoration: underline;\"><span style=\"font-size: medium;\"><a href=\"https:\/\/www.kronau.si\/it\/informazioni-generali\/\">Informazioni generali &amp; Regole e condizioni<\/a><\/span><\/span><\/p>\n<p>[\/et_pb_text][\/et_pb_column][\/et_pb_row][\/et_pb_section][et_pb_section fb_built=&#8221;1&#8243; custom_padding_last_edited=&#8221;on|desktop&#8221; _builder_version=&#8221;4.16&#8243; background_color=&#8221;rgba(255,255,255,0)&#8221; custom_padding_tablet=&#8221;50px|0|50px|0&#8243; custom_padding_phone=&#8221;&#8221; transparent_background=&#8221;on&#8221; padding_mobile=&#8221;off&#8221; make_fullwidth=&#8221;off&#8221; use_custom_width=&#8221;off&#8221; width_unit=&#8221;on&#8221; custom_width_px=&#8221;1080px&#8221; custom_width_percent=&#8221;80%&#8221; global_colors_info=&#8221;{}&#8221;][et_pb_row padding_mobile=&#8221;off&#8221; column_padding_mobile=&#8221;on&#8221; _builder_version=&#8221;4.16&#8243; background_size=&#8221;initial&#8221; background_position=&#8221;top_left&#8221; background_repeat=&#8221;repeat&#8221; make_fullwidth=&#8221;off&#8221; use_custom_width=&#8221;off&#8221; width_unit=&#8221;off&#8221; custom_width_px=&#8221;1080px&#8221; custom_width_percent=&#8221;80%&#8221; global_colors_info=&#8221;{}&#8221;][et_pb_column type=&#8221;4_4&#8243; _builder_version=&#8221;4.16&#8243; custom_padding=&#8221;|||&#8221; global_colors_info=&#8221;{}&#8221; custom_padding__hover=&#8221;|||&#8221;][et_pb_image src=&#8221;https:\/\/www.kronau.si\/wp-content\/uploads\/2017\/04\/logo-kronau1.png&#8221; align=&#8221;center&#8221; align_tablet=&#8221;center&#8221; align_phone=&#8221;&#8221; align_last_edited=&#8221;on|desktop&#8221; _builder_version=&#8221;4.16&#8243; animation_style=&#8221;slide&#8221; animation_direction=&#8221;left&#8221; animation_duration=&#8221;500ms&#8221; animation_intensity_slide=&#8221;10%&#8221; use_border_color=&#8221;off&#8221; border_color=&#8221;#ffffff&#8221; border_width=&#8221;1px&#8221; border_style=&#8221;solid&#8221; sticky=&#8221;off&#8221; always_center_on_mobile=&#8221;on&#8221; global_colors_info=&#8221;{}&#8221;][\/et_pb_image][et_pb_blurb admin_label=&#8221;Blurb &#8211; naslov footer SLO&#8221; _builder_version=&#8221;4.16&#8243; background_size=&#8221;initial&#8221; background_position=&#8221;top_left&#8221; background_repeat=&#8221;repeat&#8221; text_orientation=&#8221;center&#8221; max_width_tablet=&#8221;50px&#8221; border_style=&#8221;solid&#8221; global_colors_info=&#8221;{}&#8221;]<\/p>\n<div class=\"contact\">\n<p><strong>Kronau Chalet Resort<\/strong><br \/>\nSI-4280 Kranjska gora | Bezje 19 &#8211; 24 | Slovenija | Evropa<\/p>\n<\/div>\n<p>Cell: +386(0)51 356 179 | Fax: +386(0)83807451<br \/>\n<a class=\"email\" href=\"mailto:info@kronau.si\">info@kronau.si<\/a><br \/>\n[\/et_pb_blurb][\/et_pb_column][\/et_pb_row][\/et_pb_section]<\/p>\n","protected":false},"excerpt":{"rendered":"<p>Kronau Chalet Resort \u2013 il nostro piccolo villaggio &#8211; \u00e8 una struttura privata con case vacanza e altre propriet\u00e0 in locazione. \u00c8 gestito dalla societ\u00e0 DEJAN KO\u0160IR S.P. , registrata presso tutte le istituzioni locali e statali della Repubblica di Slovenia per svolgere attivit\u00e0 con tutte le autorizzazioni e le responsabilit\u00e0 previste.\u00a0 PRENOTAZIONE La scelta [&hellip;]<\/p>\n","protected":false},"author":1,"featured_media":0,"parent":0,"menu_order":0,"comment_status":"closed","ping_status":"closed","template":"","meta":{"_et_pb_use_builder":"on","_et_pb_old_content":"","_et_gb_content_width":"","footnotes":""},"class_list":["post-4089","page","type-page","status-publish","hentry"],"aioseo_notices":[],"_links":{"self":[{"href":"https:\/\/www.kronau.si\/it\/wp-json\/wp\/v2\/pages\/4089","targetHints":{"allow":["GET"]}}],"collection":[{"href":"https:\/\/www.kronau.si\/it\/wp-json\/wp\/v2\/pages"}],"about":[{"href":"https:\/\/www.kronau.si\/it\/wp-json\/wp\/v2\/types\/page"}],"author":[{"embeddable":true,"href":"https:\/\/www.kronau.si\/it\/wp-json\/wp\/v2\/users\/1"}],"replies":[{"embeddable":true,"href":"https:\/\/www.kronau.si\/it\/wp-json\/wp\/v2\/comments?post=4089"}],"version-history":[{"count":6,"href":"https:\/\/www.kronau.si\/it\/wp-json\/wp\/v2\/pages\/4089\/revisions"}],"predecessor-version":[{"id":7270,"href":"https:\/\/www.kronau.si\/it\/wp-json\/wp\/v2\/pages\/4089\/revisions\/7270"}],"wp:attachment":[{"href":"https:\/\/www.kronau.si\/it\/wp-json\/wp\/v2\/media?parent=4089"}],"curies":[{"name":"wp","href":"https:\/\/api.w.org\/{rel}","templated":true}]}}