{"id":3927,"date":"2017-04-24T11:06:39","date_gmt":"2017-04-24T10:06:39","guid":{"rendered":"https:\/\/www.kronau.si\/cenik\/splosni-pogoji-2\/"},"modified":"2024-04-02T09:54:18","modified_gmt":"2024-04-02T07:54:18","slug":"condizioni-generali","status":"publish","type":"page","link":"https:\/\/www.kronau.si\/it\/listino-di-prezzi\/condizioni-generali\/","title":{"rendered":"Condizioni generali"},"content":{"rendered":"<p>[et_pb_section fb_built=&#8221;1&#8243; custom_padding_last_edited=&#8221;on|desktop&#8221; _builder_version=&#8221;4.16&#8243; background_color=&#8221;#faf4e8&#8243; custom_padding_tablet=&#8221;50px|0|50px|0&#8243; custom_padding_phone=&#8221;&#8221; transparent_background=&#8221;off&#8221; padding_mobile=&#8221;off&#8221; make_fullwidth=&#8221;off&#8221; use_custom_width=&#8221;off&#8221; width_unit=&#8221;on&#8221; custom_width_px=&#8221;1080px&#8221; custom_width_percent=&#8221;80%&#8221; global_colors_info=&#8221;{}&#8221;][et_pb_row padding_mobile=&#8221;off&#8221; column_padding_mobile=&#8221;on&#8221; admin_label=&#8221;row&#8221; _builder_version=&#8221;4.16&#8243; background_size=&#8221;initial&#8221; background_position=&#8221;top_left&#8221; background_repeat=&#8221;repeat&#8221; make_fullwidth=&#8221;off&#8221; use_custom_width=&#8221;off&#8221; width_unit=&#8221;off&#8221; custom_width_px=&#8221;1080px&#8221; custom_width_percent=&#8221;80%&#8221; collapsed=&#8221;off&#8221; global_colors_info=&#8221;{}&#8221;][et_pb_column type=&#8221;4_4&#8243; _builder_version=&#8221;4.16&#8243; custom_padding=&#8221;|||&#8221; global_colors_info=&#8221;{}&#8221; custom_padding__hover=&#8221;|||&#8221;][et_pb_text admin_label=&#8221;Text &#8211; Condizioni generali&#8221; _builder_version=&#8221;4.16&#8243; background_size=&#8221;initial&#8221; background_position=&#8221;top_left&#8221; background_repeat=&#8221;repeat&#8221; text_orientation=&#8221;center&#8221; module_alignment=&#8221;center&#8221; border_style=&#8221;solid&#8221; global_colors_info=&#8221;{}&#8221;]<\/p>\n<h2 style=\"text-align: center;\">\u00a0\u00a0<a href=\"https:\/\/www.kronau.si\/wp-content\/uploads\/2014\/03\/flower-kronau-hiske.png\"><img loading=\"lazy\" decoding=\"async\" class=\"alignnone size-full wp-image-136\" src=\"https:\/\/www.kronau.si\/wp-content\/uploads\/2014\/03\/flower-kronau-hiske.png\" alt=\"flower-kronau hiske\" width=\"27\" height=\"24\" \/><\/a>\u00a0\u00a0Condizioni generali<\/h2>\n<p>[\/et_pb_text][et_pb_divider show_divider=&#8221;off&#8221; disabled_on=&#8221;on|on|off&#8221; _builder_version=&#8221;4.16&#8243; height=&#8221;5px&#8221; hide_on_mobile=&#8221;on&#8221; global_colors_info=&#8221;{}&#8221;][\/et_pb_divider][\/et_pb_column][\/et_pb_row][et_pb_row padding_mobile=&#8221;on&#8221; column_padding_mobile=&#8221;on&#8221; _builder_version=&#8221;4.16&#8243; background_color=&#8221;#ffffff&#8221; background_size=&#8221;initial&#8221; background_position=&#8221;top_left&#8221; background_repeat=&#8221;repeat&#8221; custom_margin=&#8221;|||&#8221; custom_padding=&#8221;30px|30px|30px|29px&#8221; make_fullwidth=&#8221;on&#8221; use_custom_width=&#8221;on&#8221; width_unit=&#8221;on&#8221; custom_width_px=&#8221;1080px&#8221; custom_width_percent=&#8221;80%&#8221; collapsed=&#8221;off&#8221; global_colors_info=&#8221;{}&#8221;][et_pb_column type=&#8221;4_4&#8243; _builder_version=&#8221;4.16&#8243; background_color=&#8221;#ffffff&#8221; custom_padding=&#8221;|||&#8221; global_colors_info=&#8221;{}&#8221; custom_padding__hover=&#8221;|||&#8221;][et_pb_text admin_label=&#8221;Text &#8211; Kronau Chalet Resort \u2013 il nostro piccolo villaggio&#8221; _builder_version=&#8221;4.24.0&#8243; background_size=&#8221;initial&#8221; background_position=&#8221;top_left&#8221; background_repeat=&#8221;repeat&#8221; module_alignment=&#8221;left&#8221; hover_enabled=&#8221;0&#8243; border_style=&#8221;solid&#8221; global_colors_info=&#8221;{}&#8221; sticky_enabled=&#8221;0&#8243;]<strong> Kronau Chalet Resort<\/strong> \u2013 il nostro piccolo villaggio &#8211; \u00e8 una struttura privata con case vacanza e altre propriet\u00e0 in locazione. \u00c8 gestito dalla societ\u00e0 DEJAN KO\u0160IR S.P., registrata presso tutte le istituzioni locali e statali della Repubblica di Slovenia per svolgere attivit\u00e0 con tutte le autorizzazioni e le responsabilit\u00e0 previste.[\/et_pb_text][et_pb_divider show_divider=&#8221;off&#8221; disabled_on=&#8221;on|on|off&#8221; _builder_version=&#8221;4.16&#8243; height=&#8221;5px&#8221; hide_on_mobile=&#8221;on&#8221; global_colors_info=&#8221;{}&#8221;][\/et_pb_divider][et_pb_image src=&#8221;https:\/\/www.kronau.si\/wp-content\/uploads\/2014\/03\/test.png&#8221; align=&#8221;center&#8221; align_tablet=&#8221;center&#8221; align_phone=&#8221;center&#8221; align_last_edited=&#8221;on|desktop&#8221; _builder_version=&#8221;4.16&#8243; animation_style=&#8221;slide&#8221; animation_direction=&#8221;left&#8221; animation_duration=&#8221;500ms&#8221; animation_intensity_slide=&#8221;10%&#8221; use_border_color=&#8221;off&#8221; border_color=&#8221;#ffffff&#8221; border_width=&#8221;1px&#8221; border_style=&#8221;solid&#8221; sticky=&#8221;off&#8221; always_center_on_mobile=&#8221;on&#8221; global_colors_info=&#8221;{}&#8221;][\/et_pb_image][et_pb_divider show_divider=&#8221;off&#8221; disabled_on=&#8221;on|on|off&#8221; _builder_version=&#8221;4.16&#8243; height=&#8221;5px&#8221; hide_on_mobile=&#8221;on&#8221; global_colors_info=&#8221;{}&#8221;][\/et_pb_divider][et_pb_text admin_label=&#8221;Text &#8211; CONDIZIONI GENERALI&#8221; _builder_version=&#8221;4.16&#8243; background_size=&#8221;initial&#8221; background_position=&#8221;top_left&#8221; background_repeat=&#8221;repeat&#8221; module_alignment=&#8221;left&#8221; border_style=&#8221;solid&#8221; global_colors_info=&#8221;{}&#8221;]<\/p>\n<p style=\"text-align: center;\"><strong style=\"background-color: #ffffff; font-size: large; text-align: center;\">CONDIZIONI GENERALI<\/strong><\/p>\n<p>[\/et_pb_text][et_pb_divider show_divider=&#8221;off&#8221; disabled_on=&#8221;on|on|off&#8221; _builder_version=&#8221;4.16&#8243; height=&#8221;5px&#8221; hide_on_mobile=&#8221;on&#8221; global_colors_info=&#8221;{}&#8221;][\/et_pb_divider][et_pb_text admin_label=&#8221;Text &#8211; L\u2019affitto delle nostre unit\u00e0 implica la comprensione e l\u2019accettazione dell\u2019Accordo&#8221; _builder_version=&#8221;4.16&#8243; background_size=&#8221;initial&#8221; background_position=&#8221;top_left&#8221; background_repeat=&#8221;repeat&#8221; module_alignment=&#8221;left&#8221; border_style=&#8221;solid&#8221; global_colors_info=&#8221;{}&#8221;] L\u2019affitto delle nostre unit\u00e0 implica la comprensione e l\u2019accettazione dell\u2019<strong><em>Accordo\u00a0<\/em><\/strong>(vedi <a href=\"https:\/\/www.kronau.si\/it\/informazioni-generali\/\" target=\"_blank\" rel=\"noopener\">Informazioni &amp; Condizioni generali<\/a>\u00a0) nel quale sono indicate le condizioni, le definizioni, le note e gli obblighi reciproci delle parti. [\/et_pb_text][et_pb_divider show_divider=&#8221;off&#8221; disabled_on=&#8221;on|on|off&#8221; _builder_version=&#8221;4.16&#8243; height=&#8221;5px&#8221; hide_on_mobile=&#8221;on&#8221; global_colors_info=&#8221;{}&#8221;][\/et_pb_divider][et_pb_text admin_label=&#8221;Text &#8211; SPLO\u0160NI POGOJI &#8211; I PREZZI&#8221; _builder_version=&#8221;4.24.0&#8243; background_size=&#8221;initial&#8221; background_position=&#8221;top_left&#8221; background_repeat=&#8221;repeat&#8221; module_alignment=&#8221;left&#8221; hover_enabled=&#8221;0&#8243; border_style=&#8221;solid&#8221; global_colors_info=&#8221;{}&#8221; sticky_enabled=&#8221;0&#8243;]<\/p>\n<p><strong>I PREZZI <\/strong>\u00a0nei nostri listini sono indicati in\u00a0<strong>euro (\u20ac) e includono l&#8217;IVA al 9,5%.<\/strong> La tassa di soggiorno ( \u20ac 2,50 per adulti di et\u00e0 18+, e \u20ac 1,25 per ragazzi tra 7\u201318 anni, per persona per notte ) <strong>non \u00e8 inclusa nel prezzo di locazione;<\/strong> sono esclusi altri servizi.<\/p>\n<ul>\n<li>I prezzi indicati si applicano unicamente quando la prenotazione viene effettuata direttamente con noi in uno dei tre modi disponibili.<\/li>\n<li>I prezzi ovvero l&#8217;importo finale in caso di prenotazione e\/o contratto di locazione stipulato tramite altri offerenti (i nostri partner) pu\u00f2 sub\u00ecre maggiorazioni dovute a eventuali spese aggiuntive, costi di servizio, commissioni o altro.<\/li>\n<\/ul>\n<p><em style=\"font-size: 14px; background-color: #ffffff; color: #e02b20;\">NOTA BENE: <\/em>oltre ai prezzi potenzialmente diversi, le chiediamo di verificare attentamente le eventuali condizioni aggiuntive di questi fornitori al momento della prenotazione!<\/p>\n<p>[\/et_pb_text][et_pb_divider show_divider=&#8221;off&#8221; disabled_on=&#8221;on|on|off&#8221; _builder_version=&#8221;4.16&#8243; height=&#8221;5px&#8221; hide_on_mobile=&#8221;on&#8221; global_colors_info=&#8221;{}&#8221;][\/et_pb_divider][et_pb_text admin_label=&#8221;Text &#8211; Costi supplementari&#8221; _builder_version=&#8221;4.24.0&#8243; background_size=&#8221;initial&#8221; background_position=&#8221;top_left&#8221; background_repeat=&#8221;repeat&#8221; module_alignment=&#8221;left&#8221; hover_enabled=&#8221;0&#8243; border_style=&#8221;solid&#8221; global_colors_info=&#8221;{}&#8221; sticky_enabled=&#8221;0&#8243;]<\/p>\n<p><strong style=\"background-color: #ffffff; font-size: medium; color: #791e1c;\">Costi supplementari<\/strong><\/p>\n<ul>\n<li>Tassa di soggiorno locale: \u20ac 2,50 per adulti di et\u00e0 18+ e \u20ac 1,25 per ragazzi tra 7\u201318 anni, per persona a notte<\/li>\n<li>Ciasciun occupante eccedente la capienza consentita paga: \u20ac 20\u20ac + tassa di soggiorno, a notte<\/li>\n<li>Animali domestici \u2013 previo accordo, si accettano cani da compagnia di piccola taglia (fino a\u00a0 5\/6 kg): \u00a0\u20ac 5 \u20ac \u00a0a notte<\/li>\n<li>Servizio lavanderia: per soggiorni superiori a 10 pernottamenti (primo servizio gratis): \u00a0\u20ac 8<\/li>\n<li>Pulizia finale: \u00a0\u20ac 50<\/li>\n<\/ul>\n<p><strong>Condizioni di pagamento per prenotazioni<\/strong><\/p>\n<ul>\n<li>Scegliendo l&#8217;opzione \u00a0<u>PRENOTA ADESSO<\/u>, ( vedi la\u00a0<strong>procedura\u00a0<\/strong>)\u00a0:<\/li>\n<\/ul>\n<p>Effettuando questa prenotazione, le verr\u00e0 addebitato immediatamente (tramite la sua carta di credito) l&#8217;intero importo (\u00a0<strong>100%<\/strong>\u00a0). La tassa di soggiorno \u00e8 dovuta il giorno della partenza in contanti.<\/p>\n<ul>\n<li>Scegliendo l&#8217;opzione\u00a0RICHIESTA DI PRENOTAZONE,\u00a0( vedi la<strong>\u00a0procedura\u00a0<\/strong>)\u00a0:<\/li>\n<\/ul>\n<p>Dopo la conferma della prenotazione o di un&#8217;offerta alternativa, ricever\u00e0 la nostra conferma\/\u201dprenotazione temporanea\u201d e la <strong>1. fattura IBAN <\/strong>per il pagamento dell\u2019acconto pari al\u00a0<strong>50% <\/strong>dell\u2019intero importo, con un termine di pagamento (5 giorni lavorativi). Al pagamento avvenuto (e trasferito sul nostro conto) ricever\u00e0 una conferma formale del pagamento e della prenotazione. 5\u00a0settimane prima dell\u2019arrivo le invieremo la\u00a0<strong>2. fattura IBAN\u00a0<\/strong>\u00a0per il pagamento di un secondo acconto pari al\u00a0<strong>20%<\/strong>\u00a0( o al 50%, se desidera pagare l\u2019intero importo tramite la transazione bancaria per evitare di saldare il rimanente 30% in contanti al giorno di partenza ), pagabile entro 4 settimane prima dell\u2019arrivo.<br \/>Il rimanente\u00a0<strong>30%<\/strong> + la tassa di soggiorno(\u20ac 2,50\/1,25), o anche solo la tassa di soggiorno, \u00e8 dovuta il giorno della partenza di fronte alla fattura definitiva in originale (il pagamento \u00e8 possibile solo in contanti).<\/p>\n<p><em style=\"font-size: 14px; background-color: #ffffff; color: #e02b20;\">NOTA BENE:<\/em>\u00a0In caso di mancato pagamento (salvo diversi accordi) entro il termine specificato\/concordato si considera cancellata la sua prenotazione. Da quel momento in poi la prenotazione sar\u00e0 NULLA. Vedi la\u00a0<strong>politica di annullamento <\/strong>di seguito.<\/p>\n<p>Per le prenotazioni entro le 4 settimane prima dell\u2019arrivo si rilascia\u00a0<strong>un\u2019unica fattura IBAN <\/strong>\u00a0per il pagamento anticipato pari al\u00a0<strong>70%<\/strong>\u00a0del prezzo totale. La differenza e la tassa di soggiorno sono dovute in contanti il giorno della partenza, di fronte alla ricevuta del conto finale.<\/p>\n<ul>\n<li>Scegliendo l\u2019opzione\u00a0<u>LAST-MINUTE<\/u>,\u00a0(\u00a0vedi la<strong>\u00a0procedura\u00a0<\/strong>)<strong>\u00a0<\/strong>:<\/li>\n<\/ul>\n<p>Importo totale (\u00a0<strong>100%<\/strong>\u00a0) come concordato, oltre alla tassa di soggiorno, \u00e8 pagabile il giorno della partenza in contanti.<\/p>\n<p>[\/et_pb_text][et_pb_divider show_divider=&#8221;off&#8221; disabled_on=&#8221;on|on|off&#8221; _builder_version=&#8221;4.16&#8243; height=&#8221;5px&#8221; hide_on_mobile=&#8221;on&#8221; global_colors_info=&#8221;{}&#8221;][\/et_pb_divider][et_pb_text admin_label=&#8221;Text &#8211; SPLO\u0160NI POGOJI &#8211; Deposito cauzionale&#8221; _builder_version=&#8221;4.16&#8243; background_size=&#8221;initial&#8221; background_position=&#8221;top_left&#8221; background_repeat=&#8221;repeat&#8221; module_alignment=&#8221;left&#8221; border_style=&#8221;solid&#8221; global_colors_info=&#8221;{}&#8221;]<strong style=\"background-color: #ffffff; font-size: medium; color: #791e1c;\">Deposito cauzionale<\/strong><\/p>\n<p>Al momento non addebitiamo un deposito cauzionale anticipato per eventuali danni causati, tuttavia, in caso di (maggiori) danni, causati intenzionalmente o involontariamente, ci riserviamo la facolt\u00e0 di addebbitare le nostre perdite. La struttura non \u00e8 assicurata per i danni derivanti dalle azioni dei clienti, che ne assumono la piena responsabilit\u00e0 (i costi dei pezzi o dispositivi danneggiati possono superare i prezzi d\u2019acquisto).<br \/>\n[\/et_pb_text][et_pb_divider show_divider=&#8221;off&#8221; disabled_on=&#8221;on|on|off&#8221; _builder_version=&#8221;4.16&#8243; height=&#8221;5px&#8221; hide_on_mobile=&#8221;on&#8221; global_colors_info=&#8221;{}&#8221;][\/et_pb_divider][et_pb_text admin_label=&#8221;Text &#8211; Politica di annullamento&#8221; _builder_version=&#8221;4.16&#8243; background_size=&#8221;initial&#8221; background_position=&#8221;top_left&#8221; background_repeat=&#8221;repeat&#8221; module_alignment=&#8221;left&#8221; border_style=&#8221;solid&#8221; global_colors_info=&#8221;{}&#8221;]<strong style=\"background-color: #ffffff; font-size: medium; color: #791e1c;\">Politica di annullamento<\/strong><\/p>\n<p><strong>La prenotazione provoca il fermo di un\u2019determinato alloggio per un determinato periodo sul mercato<\/strong>, quindi tutte le altre richieste saranno respinte o annullate. Per questo motivo, le eventuali successive prenotazioni da parte di altri clienti\/ospiti non potranno essere accolte e quindi non avranno un esito positivo per noi. Se non \u00e8 sicuro dell\u2019acquisto definitivo ovvero della \u201clocazione del termine\u201d, pu\u00f2 provare a scegliere l\u2019opzione \u00bblast-minute\u00ab, chiamandoci uno o due giorni prima dell\u2019arrivo desiderato, oppure stipula un\u2019adeguata assicurazione del viaggio.<\/p>\n<p><strong>Se e\/o quando<\/strong>\u00a0viene emessa la\u00a0<strong>2. fattura IBAN<\/strong>\u00a0per il pagamento anticipato e\u00a0<strong>l\u2019obbligo non \u00e8 stato assolto<\/strong>\u00a0entro la data dovuta, verr\u00f2\u00a0<strong>opportunamente ricordato\u00a0<\/strong>e invitato a farlo entro la nuova scadenza del pagamento. Se entro tale data l\u2019obbligo \u00e8 ancora in sospeso (salvo diversi accordi o in caso del ritardo dovuto a terzi), la sua prenotazione sar\u00e0 considerata\u00a0 \u00a0<strong>cancellata<\/strong>. Da questo momento in poi, la prenotazione sar\u00e0 NULLA..<\/p>\n<p><em style=\"font-size: 14px; background-color: #ffffff; color: #e02b20;\">NOTA BENE:\u00a0<\/em>Se la 2. fattura IBAN per il pagamento anticipato<strong>\u00a0non \u00e8 stata rilasciata,\u00a0<\/strong>la differenza fino all\u2019importo finale in base all\u2019offerta confermata sar\u00e0 dovuta unitamente alla tassa di soggiorno il giorno della partenza.<\/p>\n<p><strong>L\u2019arrivo posticipato\u00a0<\/strong>o\u00a0<strong>la partenza anticipata<\/strong>\u00a0( se non diversamente concordato) rispetto alla prenotazione, per motivi di cui sopra\u00a0<strong>non cambiano il prezzo finale<\/strong>.<\/p>\n<p><strong>In caso di mancato arrivo<\/strong>\u00a0il giorno prenotato (se non diversamente concordato),<strong>\u00a0ci riserviamo il diritto<\/strong>\u00a0di \u00a0<strong>riproporre in vendita tale periodo di locazione, <\/strong>a partire dal giorno successivo al mancato arrivo. Sar\u00e0 rilasciato il conto definitivo ( <em>no-show<\/em> ) con importi gi\u00e0 contabilizzati e imposte, al netto della tassa di soggiorno. In questo caso, il cliente\u00a0<strong>non ha diritto<\/strong>\u00a0ad alcun\u00a0<strong>rimborso<\/strong>\u00a0o \u00a0<strong>restituzione<\/strong>\u00a0delle somme gi\u00e0 versate.<\/p>\n<p>In caso di\u00a0<strong>qualsiasi cancellazione o annullamento<\/strong>\u00a0( scritta o automatica, in caso di obblighi non assolti), le somme versate fino a quel momento saranno \u00a0<strong>trattenute<\/strong>\u00a0e \u00a0<strong>non veranno rimborsate<\/strong>.<\/p>\n<p>Qualsiasi cancellazione, unicamente in forma scritta, sar\u00e0 trattata in conformit\u00e0 con al nostra politica di annullamento e le regole qui descritte.<\/p>\n<p><strong>Gli importi versati<\/strong>\u00a0potranno \u00a0<strong>eventualmente<\/strong>\u00a0essere\u00a0<strong>recuperati<\/strong>\u00a0( esclusivamente in casi giustificati e indicati in seguito con,\u00a0<strong>a condizione che\u2026<\/strong>\u00a0) un un secondo periodo, concordato in base alle nostre disponibilit\u00e0 e possibilit\u00e0,\u00a0<strong>a condizione che<\/strong>:<\/p>\n<p>Faremo del nostro meglio per riproporre il detto periodo di locazione sul mercato. Se riusciamo a\u00a0<strong>rivendere<\/strong>\u00a0il detto periodo ovvero\u00a0 \u201c<em>il suo periodo di locazione<\/em>\u201d, eventualmente con ulteriori strumenti pubblicitari etv., avr\u00e0 diritto al rimborso delle somme pagate. Verr\u00e0 avvisato non appena riusciamo a rivendere il periodo o una parte dello stesso. In caso contrario gli importi versati non sono rimborsabili.<\/p>\n<p><em style=\"font-size: 14px; background-color: #ffffff; color: #e02b20;\">NOTA BENE:\u00a0<\/em>L\u2019ammontare degli importi pu\u00f2 essere ridotto per i costi \u201c<em>out-of-pocket<\/em>\u201d, altri costi relativi alla ricerca di ospiti alternativi, oltre a eventuali costi aggiuntivi pubblicitari, sconti di prenotazione tardiva ( <em>late-booking<\/em> ) e qualunque tipo di canone di locazione ridotto per prenotazioni pi\u00f9 brevi durante questo periodo.<\/p>\n<p>In caso di\u00a0<strong>nostra cancellazione<\/strong>\u00a0( situazioni eccezionali, quando, a causa di determinate circostanze particolari non possiamo offrire l\u2019alloggio concordato), ci impegnamo a \u00a0<strong>rimborsare immediatamente tutti gli importi versati.<\/strong><\/p>\n<p><em style=\"font-size: 14px; background-color: #ffffff; color: #e02b20;\">NOTA BENE:\u00a0<\/em>Situazioni eccezionali impreviste o circostanze particolari \u2013 come terremoti, alluvioni \u2026<br \/>\n[\/et_pb_text][et_pb_divider show_divider=&#8221;off&#8221; disabled_on=&#8221;on|on|off&#8221; _builder_version=&#8221;4.16&#8243; height=&#8221;5px&#8221; hide_on_mobile=&#8221;on&#8221; global_colors_info=&#8221;{}&#8221;][\/et_pb_divider][et_pb_text admin_label=&#8221;Text &#8211; Assicurazione &#8221; _builder_version=&#8221;4.16&#8243; background_size=&#8221;initial&#8221; background_position=&#8221;top_left&#8221; background_repeat=&#8221;repeat&#8221; module_alignment=&#8221;left&#8221; border_style=&#8221;solid&#8221; global_colors_info=&#8221;{}&#8221;]<strong style=\"background-color: #ffffff; font-size: medium; color: #791e1c;\">Assicurazione <\/strong><\/p>\n<p>Si consiglia di stipulare un\u2019assicruazione di viaggio completa, con copertura di rischio di cancellazione, effetti personali e responsabilit\u00e0 civile.<br \/>\n[\/et_pb_text][\/et_pb_column][\/et_pb_row][et_pb_row padding_mobile=&#8221;off&#8221; column_padding_mobile=&#8221;on&#8221; _builder_version=&#8221;4.16&#8243; background_size=&#8221;initial&#8221; background_position=&#8221;top_left&#8221; background_repeat=&#8221;repeat&#8221; make_fullwidth=&#8221;off&#8221; use_custom_width=&#8221;off&#8221; width_unit=&#8221;off&#8221; custom_width_px=&#8221;1080px&#8221; custom_width_percent=&#8221;80%&#8221; global_colors_info=&#8221;{}&#8221;][et_pb_column type=&#8221;4_4&#8243; _builder_version=&#8221;4.16&#8243; custom_padding=&#8221;|||&#8221; global_colors_info=&#8221;{}&#8221; custom_padding__hover=&#8221;|||&#8221;][et_pb_button button_url=&#8221;https:\/\/www.kronau.si\/it&#8221; button_text=&#8221;TORNA ALLA HOME PAGE&#8221; button_alignment=&#8221;center&#8221; admin_label=&#8221;Button &#8211; TORNA ALLA HOME PAGE&#8221; _builder_version=&#8221;4.16&#8243; custom_button=&#8221;on&#8221; button_text_size=&#8221;15px&#8221; button_text_color=&#8221;#6e3a15&#8243; button_border_width=&#8221;1px&#8221; button_border_radius=&#8221;14px&#8221; button_letter_spacing=&#8221;1px&#8221; button_icon=&#8221;&#xe045;||divi||400&#8243; button_icon_color=&#8221;#6e3a15&#8243; button_icon_placement=&#8221;left&#8221; button_border_radius_hover=&#8221;14px&#8221; global_colors_info=&#8221;{}&#8221; button_text_size__hover_enabled=&#8221;off&#8221; button_one_text_size__hover_enabled=&#8221;off&#8221; button_two_text_size__hover_enabled=&#8221;off&#8221; button_text_color__hover_enabled=&#8221;off&#8221; button_one_text_color__hover_enabled=&#8221;off&#8221; button_two_text_color__hover_enabled=&#8221;off&#8221; button_border_width__hover_enabled=&#8221;off&#8221; button_one_border_width__hover_enabled=&#8221;off&#8221; button_two_border_width__hover_enabled=&#8221;off&#8221; button_border_color__hover_enabled=&#8221;off&#8221; button_one_border_color__hover_enabled=&#8221;off&#8221; button_two_border_color__hover_enabled=&#8221;off&#8221; button_border_radius__hover_enabled=&#8221;on&#8221; button_border_radius__hover=&#8221;14px&#8221; button_one_border_radius__hover_enabled=&#8221;off&#8221; button_two_border_radius__hover_enabled=&#8221;off&#8221; button_letter_spacing__hover_enabled=&#8221;off&#8221; button_one_letter_spacing__hover_enabled=&#8221;off&#8221; button_two_letter_spacing__hover_enabled=&#8221;off&#8221; button_bg_color__hover_enabled=&#8221;off&#8221; button_one_bg_color__hover_enabled=&#8221;off&#8221; button_two_bg_color__hover_enabled=&#8221;off&#8221;][\/et_pb_button][\/et_pb_column][\/et_pb_row][\/et_pb_section][et_pb_section fb_built=&#8221;1&#8243; custom_padding_last_edited=&#8221;on|desktop&#8221; _builder_version=&#8221;4.16&#8243; background_color=&#8221;rgba(255,255,255,0)&#8221; custom_padding_tablet=&#8221;50px|0|50px|0&#8243; custom_padding_phone=&#8221;&#8221; transparent_background=&#8221;on&#8221; padding_mobile=&#8221;off&#8221; make_fullwidth=&#8221;off&#8221; use_custom_width=&#8221;off&#8221; width_unit=&#8221;on&#8221; custom_width_px=&#8221;1080px&#8221; custom_width_percent=&#8221;80%&#8221; global_colors_info=&#8221;{}&#8221;][et_pb_row padding_mobile=&#8221;off&#8221; column_padding_mobile=&#8221;on&#8221; _builder_version=&#8221;4.16&#8243; background_size=&#8221;initial&#8221; background_position=&#8221;top_left&#8221; background_repeat=&#8221;repeat&#8221; make_fullwidth=&#8221;off&#8221; use_custom_width=&#8221;off&#8221; width_unit=&#8221;off&#8221; custom_width_px=&#8221;1080px&#8221; custom_width_percent=&#8221;80%&#8221; global_colors_info=&#8221;{}&#8221;][et_pb_column type=&#8221;4_4&#8243; _builder_version=&#8221;4.16&#8243; custom_padding=&#8221;|||&#8221; global_colors_info=&#8221;{}&#8221; custom_padding__hover=&#8221;|||&#8221;][et_pb_image src=&#8221;https:\/\/www.kronau.si\/wp-content\/uploads\/2017\/04\/logo-kronau1.png&#8221; align=&#8221;center&#8221; align_tablet=&#8221;center&#8221; align_phone=&#8221;center&#8221; align_last_edited=&#8221;on|desktop&#8221; _builder_version=&#8221;4.16&#8243; animation_style=&#8221;slide&#8221; animation_direction=&#8221;left&#8221; animation_duration=&#8221;500ms&#8221; animation_intensity_slide=&#8221;10%&#8221; use_border_color=&#8221;off&#8221; border_color=&#8221;#ffffff&#8221; border_width=&#8221;1px&#8221; border_style=&#8221;solid&#8221; sticky=&#8221;off&#8221; always_center_on_mobile=&#8221;on&#8221; global_colors_info=&#8221;{}&#8221;][\/et_pb_image][et_pb_blurb admin_label=&#8221;Blurb &#8211; naslov footer SLO&#8221; _builder_version=&#8221;4.16&#8243; background_size=&#8221;initial&#8221; background_position=&#8221;top_left&#8221; background_repeat=&#8221;repeat&#8221; text_orientation=&#8221;center&#8221; max_width_tablet=&#8221;50px&#8221; border_style=&#8221;solid&#8221; use_circle=&#8221;off&#8221; use_circle_border=&#8221;off&#8221; global_colors_info=&#8221;{}&#8221;]<\/p>\n<div class=\"contact\">\n<p><strong>Kronau Chalet Resort<\/strong><br \/>\nSI-4280 Kranjska gora | Bezje 19 &#8211; 24 | Slovenija | Evropa<\/p>\n<\/div>\n<p>Cell: +386(0)51 356 179 | Fax: +386(0)83807451<br \/>\n<a class=\"email\" href=\"mailto:info@kronau.si\">info@kronau.si<\/a><br \/>\n[\/et_pb_blurb][\/et_pb_column][\/et_pb_row][\/et_pb_section]<\/p>\n","protected":false},"excerpt":{"rendered":"<p>\u00a0\u00a0\u00a0\u00a0Condizioni generali Kronau Chalet Resort \u2013 il nostro piccolo villaggio &#8211; \u00e8 una struttura privata con case vacanza e altre propriet\u00e0 in locazione. \u00c8 gestito dalla societ\u00e0 DEJAN KO\u0160IR S.P., registrata presso tutte le istituzioni locali e statali della Repubblica di Slovenia per svolgere attivit\u00e0 con tutte le autorizzazioni e le responsabilit\u00e0 previste.CONDIZIONI GENERALI L\u2019affitto [&hellip;]<\/p>\n","protected":false},"author":1,"featured_media":0,"parent":3918,"menu_order":0,"comment_status":"closed","ping_status":"closed","template":"","meta":{"_et_pb_use_builder":"on","_et_pb_old_content":"","_et_gb_content_width":"","footnotes":""},"class_list":["post-3927","page","type-page","status-publish","hentry"],"aioseo_notices":[],"_links":{"self":[{"href":"https:\/\/www.kronau.si\/it\/wp-json\/wp\/v2\/pages\/3927","targetHints":{"allow":["GET"]}}],"collection":[{"href":"https:\/\/www.kronau.si\/it\/wp-json\/wp\/v2\/pages"}],"about":[{"href":"https:\/\/www.kronau.si\/it\/wp-json\/wp\/v2\/types\/page"}],"author":[{"embeddable":true,"href":"https:\/\/www.kronau.si\/it\/wp-json\/wp\/v2\/users\/1"}],"replies":[{"embeddable":true,"href":"https:\/\/www.kronau.si\/it\/wp-json\/wp\/v2\/comments?post=3927"}],"version-history":[{"count":7,"href":"https:\/\/www.kronau.si\/it\/wp-json\/wp\/v2\/pages\/3927\/revisions"}],"predecessor-version":[{"id":7249,"href":"https:\/\/www.kronau.si\/it\/wp-json\/wp\/v2\/pages\/3927\/revisions\/7249"}],"up":[{"embeddable":true,"href":"https:\/\/www.kronau.si\/it\/wp-json\/wp\/v2\/pages\/3918"}],"wp:attachment":[{"href":"https:\/\/www.kronau.si\/it\/wp-json\/wp\/v2\/media?parent=3927"}],"curies":[{"name":"wp","href":"https:\/\/api.w.org\/{rel}","templated":true}]}}