{"id":3918,"date":"2014-03-05T20:58:38","date_gmt":"2014-03-05T19:58:38","guid":{"rendered":"https:\/\/www.kronau.si\/cenik-2\/"},"modified":"2026-04-08T14:46:44","modified_gmt":"2026-04-08T12:46:44","slug":"listino-di-prezzi","status":"publish","type":"page","link":"https:\/\/www.kronau.si\/it\/listino-di-prezzi\/","title":{"rendered":"LISTINO DI PREZZI"},"content":{"rendered":"<p>[et_pb_section fb_built=&#8221;1&#8243; custom_padding_last_edited=&#8221;on|desktop&#8221; admin_label=&#8221;section&#8221; _builder_version=&#8221;4.16&#8243; background_color=&#8221;#faf4e8&#8243; custom_padding_tablet=&#8221;50px|0|50px|0&#8243; custom_padding_phone=&#8221;&#8221; transparent_background=&#8221;off&#8221; padding_mobile=&#8221;off&#8221; global_colors_info=&#8221;{}&#8221;][et_pb_row padding_mobile=&#8221;off&#8221; column_padding_mobile=&#8221;on&#8221; admin_label=&#8221;row&#8221; _builder_version=&#8221;4.16&#8243; background_size=&#8221;initial&#8221; background_position=&#8221;top_left&#8221; background_repeat=&#8221;repeat&#8221; global_colors_info=&#8221;{}&#8221;][et_pb_column type=&#8221;4_4&#8243; _builder_version=&#8221;4.16&#8243; custom_padding=&#8221;|||&#8221; global_colors_info=&#8221;{}&#8221; custom_padding__hover=&#8221;|||&#8221;][et_pb_text admin_label=&#8221;Text &#8211; KRONAU CHALET RESORT- un complesso botique di appartamenti, ti offre l&#8217;esclusive Case per Vacanze- appartamenti dotati di tutti i comfort, e un&#8217;offerta aggiuntiva per le vostre vacanze di qualit\u00e0.&#8221; _builder_version=&#8221;4.16&#8243; background_size=&#8221;initial&#8221; background_position=&#8221;top_left&#8221; background_repeat=&#8221;repeat&#8221; module_alignment=&#8221;left&#8221; border_style=&#8221;solid&#8221; global_colors_info=&#8221;{}&#8221;]<\/p>\n<p style=\"text-align: justify;\"><strong>KRONAU CHALET RESORT<\/strong> un complesso botique di appartamenti, ti offre l&#8217;esclusive Case per Vacanze- appartamenti dotati di tutti i comfort, e un&#8217;offerta aggiuntiva per le vostre vacanze di qualit\u00e0.<\/p>\n<p>[\/et_pb_text][et_pb_divider show_divider=&#8221;off&#8221; disabled_on=&#8221;on|on|off&#8221; _builder_version=&#8221;4.16&#8243; height=&#8221;10px&#8221; hide_on_mobile=&#8221;on&#8221; global_colors_info=&#8221;{}&#8221;][\/et_pb_divider][et_pb_text admin_label=&#8221;Text &#8211; PREZZI 2017\/2018&#8243; _builder_version=&#8221;4.27.6&#8243; text_font=&#8221;Open Sans||||&#8221; header_font=&#8221;Open Sans||||&#8221; background_size=&#8221;initial&#8221; background_position=&#8221;top_left&#8221; background_repeat=&#8221;repeat&#8221; text_orientation=&#8221;center&#8221; module_alignment=&#8221;center&#8221; hover_enabled=&#8221;0&#8243; global_colors_info=&#8221;{}&#8221; sticky_enabled=&#8221;0&#8243;]<\/p>\n<h2 style=\"text-align: center;\"><a href=\"https:\/\/www.kronau.si\/wp-content\/uploads\/2014\/03\/flower-kronau-hiske.png\"><img loading=\"lazy\" decoding=\"async\" class=\"alignnone size-full wp-image-136\" src=\"https:\/\/www.kronau.si\/wp-content\/uploads\/2014\/03\/flower-kronau-hiske.png\" alt=\"flower-kronau hiske\" width=\"27\" height=\"24\" \/><\/a>\u00a0 PREZZI 2026\/2027<\/h2>\n<p style=\"text-align: center; color: red;\"><span style=\"color: #791e1c;\">( I prezzi si intendono <span style=\"color: #791e1c;\"><strong>per notte<\/strong><\/span>, in Euro e comprendono IVA: Tassa di soggiorno non inclusa )<\/span><\/p>\n<p>[\/et_pb_text][\/et_pb_column][\/et_pb_row][et_pb_row column_structure=&#8221;1_2,1_2&#8243; padding_mobile=&#8221;off&#8221; column_padding_mobile=&#8221;on&#8221; _builder_version=&#8221;4.16&#8243; background_size=&#8221;initial&#8221; background_position=&#8221;top_left&#8221; background_repeat=&#8221;repeat&#8221; global_colors_info=&#8221;{}&#8221;][et_pb_column type=&#8221;1_2&#8243; _builder_version=&#8221;4.16&#8243; custom_padding=&#8221;|||&#8221; global_colors_info=&#8221;{}&#8221; custom_padding__hover=&#8221;|||&#8221;][et_pb_blurb title=&#8221;INVERNO&#8221; url=&#8221;https:\/\/www.kronau.si\/it\/listino-di-prezzi\/inverno\/&#8221; image=&#8221;https:\/\/www.kronau.si\/wp-content\/uploads\/2014\/03\/zima-750-500-rob.jpg&#8221; admin_label=&#8221;Blurb &#8211; Cenik INVERNO&#8221; _builder_version=&#8221;4.16&#8243; header_font_size=&#8221;24px&#8221; body_font_size=&#8221;17&#8243; background_size=&#8221;initial&#8221; background_position=&#8221;top_left&#8221; background_repeat=&#8221;repeat&#8221; text_orientation=&#8221;center&#8221; max_width_tablet=&#8221;50px&#8221; border_style=&#8221;solid&#8221; global_colors_info=&#8221;{}&#8221;][\/et_pb_blurb][\/et_pb_column][et_pb_column type=&#8221;1_2&#8243; _builder_version=&#8221;4.16&#8243; custom_padding=&#8221;|||&#8221; global_colors_info=&#8221;{}&#8221; custom_padding__hover=&#8221;|||&#8221;][et_pb_blurb title=&#8221;ESTATE&#8221; url=&#8221;https:\/\/www.kronau.si\/it\/listino-di-prezzi\/estate\/&#8221; image=&#8221;https:\/\/www.kronau.si\/wp-content\/uploads\/2014\/03\/poletje-750-500-obroba.jpg&#8221; admin_label=&#8221;Blurb &#8211; Cenik ESTATE&#8221; _builder_version=&#8221;4.16&#8243; header_font_size=&#8221;24px&#8221; body_font_size=&#8221;17&#8243; background_size=&#8221;initial&#8221; background_position=&#8221;top_left&#8221; background_repeat=&#8221;repeat&#8221; text_orientation=&#8221;center&#8221; max_width_tablet=&#8221;50px&#8221; border_style=&#8221;solid&#8221; global_colors_info=&#8221;{}&#8221;][\/et_pb_blurb][\/et_pb_column][\/et_pb_row][et_pb_row padding_mobile=&#8221;off&#8221; column_padding_mobile=&#8221;on&#8221; _builder_version=&#8221;4.16&#8243; background_size=&#8221;initial&#8221; background_position=&#8221;top_left&#8221; background_repeat=&#8221;repeat&#8221; global_colors_info=&#8221;{}&#8221;][et_pb_column type=&#8221;4_4&#8243; _builder_version=&#8221;4.16&#8243; custom_padding=&#8221;|||&#8221; global_colors_info=&#8221;{}&#8221; custom_padding__hover=&#8221;|||&#8221;][et_pb_button button_url=&#8221;https:\/\/www.kronau.si\/it\/listino-di-prezzi\/condizioni-generali\/&#8221; button_text=&#8221;CONDIZIONI GENERALI&#8221; button_alignment=&#8221;center&#8221; admin_label=&#8221;Button &#8211; CONDIZIONI GENERALI&#8221; _builder_version=&#8221;4.16&#8243; custom_button=&#8221;on&#8221; button_text_size=&#8221;15px&#8221; button_text_color=&#8221;#6e3a15&#8243; button_border_width=&#8221;1px&#8221; button_border_radius=&#8221;14px&#8221; button_letter_spacing=&#8221;1px&#8221; button_icon=&#8221;&#x69;||divi||400&#8243; button_icon_color=&#8221;#6e3a15&#8243; button_border_radius_hover=&#8221;14px&#8221; global_colors_info=&#8221;{}&#8221; button_text_size__hover_enabled=&#8221;off&#8221; button_one_text_size__hover_enabled=&#8221;off&#8221; button_two_text_size__hover_enabled=&#8221;off&#8221; button_text_color__hover_enabled=&#8221;off&#8221; button_one_text_color__hover_enabled=&#8221;off&#8221; button_two_text_color__hover_enabled=&#8221;off&#8221; button_border_width__hover_enabled=&#8221;off&#8221; button_one_border_width__hover_enabled=&#8221;off&#8221; button_two_border_width__hover_enabled=&#8221;off&#8221; button_border_color__hover_enabled=&#8221;off&#8221; button_one_border_color__hover_enabled=&#8221;off&#8221; button_two_border_color__hover_enabled=&#8221;off&#8221; button_border_radius__hover_enabled=&#8221;on&#8221; button_border_radius__hover=&#8221;14px&#8221; button_one_border_radius__hover_enabled=&#8221;off&#8221; button_two_border_radius__hover_enabled=&#8221;off&#8221; button_letter_spacing__hover_enabled=&#8221;off&#8221; button_one_letter_spacing__hover_enabled=&#8221;off&#8221; button_two_letter_spacing__hover_enabled=&#8221;off&#8221; button_bg_color__hover_enabled=&#8221;off&#8221; button_one_bg_color__hover_enabled=&#8221;off&#8221; button_two_bg_color__hover_enabled=&#8221;off&#8221;][\/et_pb_button][\/et_pb_column][\/et_pb_row][et_pb_row padding_mobile=&#8221;off&#8221; column_padding_mobile=&#8221;on&#8221; _builder_version=&#8221;4.16&#8243; background_size=&#8221;initial&#8221; background_position=&#8221;top_left&#8221; background_repeat=&#8221;repeat&#8221; global_colors_info=&#8221;{}&#8221;][et_pb_column type=&#8221;4_4&#8243; _builder_version=&#8221;4.16&#8243; custom_padding=&#8221;|||&#8221; global_colors_info=&#8221;{}&#8221; custom_padding__hover=&#8221;|||&#8221;][et_pb_text admin_label=&#8221;Text &#8211; Informazioni importanti&#8221; _builder_version=&#8221;4.24.0&#8243; background_size=&#8221;initial&#8221; background_position=&#8221;top_left&#8221; background_repeat=&#8221;repeat&#8221; module_alignment=&#8221;left&#8221; border_style=&#8221;solid&#8221; global_colors_info=&#8221;{}&#8221;]<\/p>\n<p><img loading=\"lazy\" decoding=\"async\" class=\"alignleft size-full wp-image-1936\" src=\"https:\/\/www.kronau.si\/wp-content\/uploads\/2017\/04\/kronau-flower-16-16.png\" alt=\"\" width=\"16\" height=\"16\" \/> <strong>Informazioni importanti<\/strong><\/p>\n<ul>\n<li>Durante la <strong>stagione A<\/strong> (alta stagione) e gran parte della <strong>stagione B<\/strong> (stagione intermedia) in corrispondenza con vacanze scolastiche, picchi, eventi e in presenza di un elevato numero di richieste&#8230; affittiamo <strong>tutte le nostre unit\u00e0<\/strong> a <strong>prezzi<\/strong> ( consultabili nel <strong>listino<\/strong> <strong>prezzi <\/strong>) per i quali \u00e8 consentita una capienza a partire da <strong>\u201cfino a un massimo di 4 persone\u201d<\/strong> e oltre&#8230;<\/li>\n<li>L\u2019affitto <strong>con i prezzi<\/strong> relativi allo Chalet Bled (in caso di richieste <strong>\u201cfino a 3 persone\u201d<\/strong>, che per tali prezzi \u00e8 la capienza massima consentita) \u00e8 possibile <strong>anche per le altre unit\u00e0 <\/strong>nella <strong>stagione C<\/strong> e in parte della stagione B, a seconda delle richieste (della durata del periodo d\u2019affitto) e della disponibilit\u00e0.<\/li>\n<li><strong>Qualunque <\/strong>unit\u00e0 selezionata (ossia unit\u00e0 assegnata in base agli accordi) pu\u00f2 essere affittata anche <strong>da 1 sola persona <\/strong>o<strong> da 2 persone.<\/strong><\/li>\n<li>Durante della <strong>stagione A<\/strong> e la maggior parte della <strong>stagione B<\/strong>, affittiamo le nostre unit\u00e0 in linea di principio <strong>solo settimanalmente<\/strong>; Sabato &#8211; Sabato o Domenica &#8211; Domenica; rispettivamente. \u00e8 il <strong>&#8220;soggiorno minimo&#8221;<\/strong> stagione A \/ <strong>7<\/strong> notti, la stagione B \/ <strong>5<\/strong> notti e la stagione C \/ <strong>3<\/strong> notti ( per 1 o 2 notti affittiamo eccezionalmente )<\/li>\n<li>\u00a0La tassa di soggiorno non \u00e8 inclusa nel prezzo ( 1,25 \u20ac \/ 7-18, 2,50 \u20ac \/ 18 + )<\/li>\n<li>\u00a0<strong>Un bambino<\/strong> di et\u00e0 inferiore a 3 anni \u00e8 gratuito ( lettino per bambini inclusa )<\/li>\n<li><strong>Arrivo <\/strong>dalle 15:00 PM\u2026; <strong>Partenza<\/strong> al pi\u00f9 facile alle ore 10:00 AM; o per accordo<\/li>\n<li>Ci riserviamo il diritto di sostituire l\u2019unit\u00e0 (come da accordi) in casi eccezionali, come segnalato nell\u2019apposita nota nel listino prezzi.<\/li>\n<\/ul>\n<p>[\/et_pb_text][\/et_pb_column][\/et_pb_row][et_pb_row padding_mobile=&#8221;off&#8221; column_padding_mobile=&#8221;on&#8221; _builder_version=&#8221;4.16&#8243; background_size=&#8221;initial&#8221; background_position=&#8221;top_left&#8221; background_repeat=&#8221;repeat&#8221; global_colors_info=&#8221;{}&#8221;][et_pb_column type=&#8221;4_4&#8243; _builder_version=&#8221;4.16&#8243; custom_padding=&#8221;|||&#8221; global_colors_info=&#8221;{}&#8221; custom_padding__hover=&#8221;|||&#8221;][et_pb_image src=&#8221;https:\/\/www.kronau.si\/wp-content\/uploads\/2014\/03\/test.png&#8221; align=&#8221;center&#8221; align_tablet=&#8221;center&#8221; align_phone=&#8221;&#8221; align_last_edited=&#8221;on|desktop&#8221; _builder_version=&#8221;4.16&#8243; animation_style=&#8221;slide&#8221; animation_direction=&#8221;left&#8221; animation_duration=&#8221;500ms&#8221; animation_intensity_slide=&#8221;10%&#8221; use_border_color=&#8221;off&#8221; border_color=&#8221;#ffffff&#8221; border_width=&#8221;1px&#8221; border_style=&#8221;solid&#8221; sticky=&#8221;off&#8221; global_colors_info=&#8221;{}&#8221;][\/et_pb_image][\/et_pb_column][\/et_pb_row][et_pb_row padding_mobile=&#8221;off&#8221; column_padding_mobile=&#8221;on&#8221; _builder_version=&#8221;4.16&#8243; background_size=&#8221;initial&#8221; background_position=&#8221;top_left&#8221; background_repeat=&#8221;repeat&#8221; global_colors_info=&#8221;{}&#8221;][et_pb_column type=&#8221;4_4&#8243; _builder_version=&#8221;4.16&#8243; custom_padding=&#8221;|||&#8221; global_colors_info=&#8221;{}&#8221; custom_padding__hover=&#8221;|||&#8221;][et_pb_text admin_label=&#8221;Text &#8211; Informazioni utili&#8221; _builder_version=&#8221;4.16&#8243; background_size=&#8221;initial&#8221; background_position=&#8221;top_left&#8221; background_repeat=&#8221;repeat&#8221; module_alignment=&#8221;left&#8221; border_style=&#8221;solid&#8221; global_colors_info=&#8221;{}&#8221;]<img loading=\"lazy\" decoding=\"async\" class=\"alignleft wp-image-1936\" src=\"https:\/\/www.kronau.si\/wp-content\/uploads\/2017\/04\/kronau-flower-16-16.png\" alt=\"\" width=\"15\" height=\"15\" \/> <strong>Informazioni utili<\/strong><br \/>\n&nbsp;<\/p>\n<ul>\n<li><a href=\"http:\/\/www.rentacarplus.si\/\">Autotrasporti<\/a>\u00a0( rent a car; o trasferimento da\/per l&#8217;aeroporto )<\/li>\n<li><a href=\"http:\/\/www.kr-gora.si\/\">Biglietti sci<\/a>\u00a0( centro sciistico Kranjska Gora )<\/li>\n<li><a href=\"http:\/\/www.intersport-bernik.com\/sl\/izposoja-sportne-opreme\">Noleggio sci <\/a><\/li>\n<li>Noleggio biciclette\u00a0<a href=\"http:\/\/www.kr-gora.si\/slo\/poletje\/aktivnosti-in-ponudbe\/kolesarski-park\">parco di ciclismo <\/a><\/li>\n<li>Informazioni meteo<\/li>\n<\/ul>\n<p>[\/et_pb_text][\/et_pb_column][\/et_pb_row][et_pb_row padding_mobile=&#8221;off&#8221; column_padding_mobile=&#8221;on&#8221; _builder_version=&#8221;4.16&#8243; background_size=&#8221;initial&#8221; background_position=&#8221;top_left&#8221; background_repeat=&#8221;repeat&#8221; global_colors_info=&#8221;{}&#8221;][et_pb_column type=&#8221;4_4&#8243; _builder_version=&#8221;4.16&#8243; custom_padding=&#8221;|||&#8221; global_colors_info=&#8221;{}&#8221; custom_padding__hover=&#8221;|||&#8221;][et_pb_button button_url=&#8221;https:\/\/www.kronau.si\/it\/prenotazione\/&#8221; button_text=&#8221;PRENOTAZIONE&#8221; button_alignment=&#8221;center&#8221; admin_label=&#8221;Button &#8211; PRENOTAZIONE&#8221; _builder_version=&#8221;4.16&#8243; custom_button=&#8221;on&#8221; button_text_size=&#8221;15px&#8221; button_text_color=&#8221;#6e3a15&#8243; button_border_width=&#8221;1px&#8221; button_border_radius=&#8221;14px&#8221; button_letter_spacing=&#8221;1px&#8221; button_icon=&#8221;&#xe046;||divi||400&#8243; button_icon_color=&#8221;#6e3a15&#8243; button_border_radius_hover=&#8221;14px&#8221; global_colors_info=&#8221;{}&#8221; button_text_size__hover_enabled=&#8221;off&#8221; button_one_text_size__hover_enabled=&#8221;off&#8221; button_two_text_size__hover_enabled=&#8221;off&#8221; button_text_color__hover_enabled=&#8221;off&#8221; button_one_text_color__hover_enabled=&#8221;off&#8221; button_two_text_color__hover_enabled=&#8221;off&#8221; button_border_width__hover_enabled=&#8221;off&#8221; button_one_border_width__hover_enabled=&#8221;off&#8221; button_two_border_width__hover_enabled=&#8221;off&#8221; button_border_color__hover_enabled=&#8221;off&#8221; button_one_border_color__hover_enabled=&#8221;off&#8221; button_two_border_color__hover_enabled=&#8221;off&#8221; button_border_radius__hover_enabled=&#8221;on&#8221; button_border_radius__hover=&#8221;14px&#8221; button_one_border_radius__hover_enabled=&#8221;off&#8221; button_two_border_radius__hover_enabled=&#8221;off&#8221; button_letter_spacing__hover_enabled=&#8221;off&#8221; button_one_letter_spacing__hover_enabled=&#8221;off&#8221; button_two_letter_spacing__hover_enabled=&#8221;off&#8221; button_bg_color__hover_enabled=&#8221;off&#8221; button_one_bg_color__hover_enabled=&#8221;off&#8221; button_two_bg_color__hover_enabled=&#8221;off&#8221;][\/et_pb_button][\/et_pb_column][\/et_pb_row][et_pb_row padding_mobile=&#8221;off&#8221; column_padding_mobile=&#8221;on&#8221; _builder_version=&#8221;4.16&#8243; background_size=&#8221;initial&#8221; background_position=&#8221;top_left&#8221; background_repeat=&#8221;repeat&#8221; custom_padding=&#8221;||1px|&#8221; global_colors_info=&#8221;{}&#8221;][et_pb_column type=&#8221;4_4&#8243; _builder_version=&#8221;4.16&#8243; custom_padding=&#8221;|||&#8221; global_colors_info=&#8221;{}&#8221; custom_padding__hover=&#8221;|||&#8221;][et_pb_text admin_label=&#8221;Text &#8211; Osnovne informacije &#038; Splo\u0161ni pogoji&#8221; _builder_version=&#8221;4.16&#8243; text_font_size=&#8221;12px&#8221; background_size=&#8221;initial&#8221; background_position=&#8221;top_left&#8221; background_repeat=&#8221;repeat&#8221; text_orientation=&#8221;center&#8221; module_alignment=&#8221;center&#8221; custom_margin=&#8221;||-10px|&#8221; custom_padding=&#8221;||-10px|&#8221; border_style=&#8221;solid&#8221; global_colors_info=&#8221;{}&#8221;]<\/p>\n<p style=\"text-align: center;\"><a href=\"https:\/\/www.kronau.si\/it\/informazioni-generali\/\" target=\"_blank\" rel=\"noopener noreferrer\">Informazioni generali &amp; Regole e condizioni <\/a><\/p>\n<p>[\/et_pb_text][\/et_pb_column][\/et_pb_row][\/et_pb_section][et_pb_section fb_built=&#8221;1&#8243; custom_padding_last_edited=&#8221;on|desktop&#8221; _builder_version=&#8221;4.16&#8243; background_color=&#8221;rgba(255,255,255,0)&#8221; custom_padding_tablet=&#8221;50px|0|50px|0&#8243; custom_padding_phone=&#8221;&#8221; transparent_background=&#8221;on&#8221; padding_mobile=&#8221;off&#8221; global_colors_info=&#8221;{}&#8221;][et_pb_row padding_mobile=&#8221;off&#8221; column_padding_mobile=&#8221;on&#8221; _builder_version=&#8221;4.16&#8243; background_size=&#8221;initial&#8221; background_position=&#8221;top_left&#8221; background_repeat=&#8221;repeat&#8221; global_colors_info=&#8221;{}&#8221;][et_pb_column type=&#8221;4_4&#8243; _builder_version=&#8221;4.16&#8243; custom_padding=&#8221;|||&#8221; global_colors_info=&#8221;{}&#8221; custom_padding__hover=&#8221;|||&#8221;][et_pb_image src=&#8221;https:\/\/www.kronau.si\/wp-content\/uploads\/2017\/04\/logo-kronau1.png&#8221; align=&#8221;center&#8221; align_tablet=&#8221;center&#8221; align_phone=&#8221;&#8221; align_last_edited=&#8221;on|desktop&#8221; _builder_version=&#8221;4.16&#8243; animation_style=&#8221;slide&#8221; animation_direction=&#8221;left&#8221; animation_duration=&#8221;500ms&#8221; animation_intensity_slide=&#8221;10%&#8221; use_border_color=&#8221;off&#8221; border_color=&#8221;#ffffff&#8221; border_width=&#8221;1px&#8221; border_style=&#8221;solid&#8221; sticky=&#8221;off&#8221; global_colors_info=&#8221;{}&#8221;][\/et_pb_image][et_pb_blurb admin_label=&#8221;Blurb &#8211; naslov footer SLO&#8221; _builder_version=&#8221;4.16&#8243; background_size=&#8221;initial&#8221; background_position=&#8221;top_left&#8221; background_repeat=&#8221;repeat&#8221; text_orientation=&#8221;center&#8221; use_border_color=&#8221;off&#8221; border_color=&#8221;#ffffff&#8221; border_width=&#8221;1px&#8221; border_style=&#8221;solid&#8221; global_colors_info=&#8221;{}&#8221;]<\/p>\n<div class=\"contact\">\n<p><strong>Kronau Chalet Resort<\/strong><br \/>\nSI-4280 Kranjska gora | Bezje 19 &#8211; 24 | Slovenija | Evropa<\/p>\n<\/div>\n<p>Telefon: +386(0)51 356 179 | Fax: +386(0)83807451<br \/>\n<a class=\"email\" href=\"mailto:info@kronau.si\">info@kronau.si<\/a><br \/>\n[\/et_pb_blurb][\/et_pb_column][\/et_pb_row][\/et_pb_section]<\/p>\n","protected":false},"excerpt":{"rendered":"<p>KRONAU CHALET RESORT un complesso botique di appartamenti, ti offre l&#8217;esclusive Case per Vacanze- appartamenti dotati di tutti i comfort, e un&#8217;offerta aggiuntiva per le vostre vacanze di qualit\u00e0. \u00a0 PREZZI 2026\/2027 ( I prezzi si intendono per notte, in Euro e comprendono IVA: Tassa di soggiorno non inclusa ) Informazioni importanti Durante la stagione [&hellip;]<\/p>\n","protected":false},"author":1,"featured_media":0,"parent":0,"menu_order":0,"comment_status":"closed","ping_status":"open","template":"","meta":{"_et_pb_use_builder":"on","_et_pb_old_content":"<p style=\"text-align: justify;\"><strong>KRONAU CHALET RESORT<\/strong> Apartmajsko naselje vam nudi unikatne ALPSKE HI\u0160ICE \u2013 apartmaje z vsem udobjem in dodatno ponudbo za va\u0161 kvaliteten oddih oz. po\u010ditnice.<\/p>\n\u00a0\n<h1 style=\"text-align: center;\"><strong><img class=\"alignnone size-full wp-image-136\" src=\"https:\/\/www.kronau.si\/wp-content\/uploads\/2014\/03\/flower-kronau-hiske.png\" alt=\"flower-kronau hiske\" width=\"27\" height=\"24\" \/>CENE 2016\/2017<\/strong><\/h1>\n<p style=\"text-align: center; color: red;\"><span style=\"color: #791e1c;\">( Cene so <span style=\"color: #791e1c;\"><strong>po no\u010ditvi<\/strong><\/span>, v evrih in vklju\u010dujejo DDV; Turisti\u010dna taksa ni vklju\u010dena )<\/span><\/p>\n\u00a0\n<p style=\"text-align: center;\">[one_half]<\/p>\n\n<h2 style=\"text-align: center;\"><img class=\"alignnone size-full wp-image-136\" src=\"https:\/\/www.kronau.si\/wp-content\/uploads\/2014\/03\/flower-kronau-hiske.png\" alt=\"flower-kronau hiske\" width=\"27\" height=\"24\" \/>ZIMA<\/h2>\n<h4 style=\"text-align: center;\">December - Marec<\/h4>\n<h2 style=\"text-align: center;\"><span style=\"color: #791e1c;\">od 78 \u20ac...<\/span><\/h2>[\/one_half]<\/p>\n<p style=\"text-align: center;\">[one_half_last]<\/p>\n\n<h2 style=\"text-align: center;\"><img class=\"alignnone size-full wp-image-136\" src=\"https:\/\/www.kronau.si\/wp-content\/uploads\/2014\/03\/flower-kronau-hiske.png\" alt=\"flower-kronau hiske\" width=\"27\" height=\"24\" \/>POLETJE<\/h2>\n<h4 style=\"text-align: center;\">Maj - September<\/h4>\n<h2 style=\"text-align: center;\"><span style=\"color: #791e1c;\">od 76 \u20ac...<\/span><\/h2>[\/one_half_last]<\/p>\n\n<h3 style=\"text-align: left;\"><img class=\"alignnone size-full wp-image-136\" src=\"https:\/\/www.kronau.si\/wp-content\/uploads\/2014\/03\/flower-kronau-hiske.png\" alt=\"flower-kronau hiske\" width=\"27\" height=\"24\" \/>Info<\/h3>\n<img src=\"https:\/\/www.kronau.si\/wp-content\/uploads\/2014\/03\/pika-kronau-16-16.png\" alt=\"favicon\" width=\"16\" height=\"16\" \/>\u00a0V obdobju <strong>Visoke<\/strong> in ve\u010dji del <strong>Srednje<\/strong> sezone, ko po\u010ditnice, najve\u010d povpra\u0161evanj... oddamo na\u0161e enote z nanjni\u017ejo ceno \"do 4 osebe\" in ve\u010d... (najem za ceno \"do 3 osebe\" je mo\u017een v \u010dasu <strong>Nizke<\/strong> sezone in v dolo\u010denih tednih srednje sezone, ko ni po\u010ditnic.)\n<img src=\"https:\/\/www.kronau.si\/wp-content\/uploads\/2014\/03\/pika-kronau-16-16.png\" alt=\"favicon\" width=\"16\" height=\"16\" \/>\u00a0V obdobju <strong>Visoke<\/strong> sezone oddajamo na\u0161e enote <strong>na\u010deloma le tedensko<\/strong>; sobota - sobota ali nedelja - nedelja.\n<img src=\"https:\/\/www.kronau.si\/wp-content\/uploads\/2014\/03\/pika-kronau-16-16.png\" alt=\"favicon\" width=\"16\" height=\"16\" \/>\u00a0Turisti\u010dna taksa ni v\u0161teta v ceno ( 0,63\u20ac\/7-18;\u00a01,27\u20ac\/18+\u00a0).\n<img src=\"https:\/\/www.kronau.si\/wp-content\/uploads\/2014\/03\/pika-kronau-16-16.png\" alt=\"favicon\" width=\"16\" height=\"16\" \/>\u00a0En otrok do 3. leta starosti biva brezpla\u010dno (vklju\u010dena otro\u0161ka posteljica).\n<img src=\"https:\/\/www.kronau.si\/wp-content\/uploads\/2014\/03\/pika-kronau-16-16.png\" alt=\"favicon\" width=\"16\" height=\"16\" \/>\u00a0Pridr\u017eujemo si pravico do spremembe cen.\n\n\u00a0\n<h3 style=\"text-align: left;\"><img class=\"alignnone size-full wp-image-136\" src=\"https:\/\/www.kronau.si\/wp-content\/uploads\/2014\/03\/flower-kronau-hiske.png\" alt=\"flower-kronau hiske\" width=\"27\" height=\"24\" \/>Dodatna ponudba<\/h3>\n<img src=\"https:\/\/www.kronau.si\/wp-content\/uploads\/2014\/03\/pika-kronau-16-16.png\" alt=\"favicon\" width=\"16\" height=\"16\" \/>\u00a0 Otro\u0161ka posteljica (120\u00d760) postavimo jo v sobo 1 (brezpla\u010dno)\n<img src=\"https:\/\/www.kronau.si\/wp-content\/uploads\/2014\/03\/pika-kronau-16-16.png\" alt=\"favicon\" width=\"16\" height=\"16\" \/>\u00a0 Sesalec\n<img src=\"https:\/\/www.kronau.si\/wp-content\/uploads\/2014\/03\/pika-kronau-16-16.png\" alt=\"favicon\" width=\"16\" height=\"16\" \/>\u00a0 Zunanje omare za smu\u010di (ski-locker)\u2026 so v kolesarnicah ali na terasah (brezpla\u010dno)\n<img src=\"https:\/\/www.kronau.si\/wp-content\/uploads\/2014\/03\/pika-kronau-16-16.png\" alt=\"favicon\" width=\"16\" height=\"16\" \/>\u00a0 Pranje \u2013 ob dalj\u0161em bivanju vam omogo\u010dimo pranje perila (proti pla\u010dilu)\n<img src=\"https:\/\/www.kronau.si\/wp-content\/uploads\/2014\/03\/pika-kronau-16-16.png\" alt=\"favicon\" width=\"16\" height=\"16\" \/>\u00a0 Drva za kamin (\u00bbbukice\u00ab) brezpla\u010dno\n<img src=\"https:\/\/www.kronau.si\/wp-content\/uploads\/2014\/03\/pika-kronau-16-16.png\" alt=\"favicon\" width=\"16\" height=\"16\" \/>\u00a0 Naprava za su\u0161enje smu\u010darskih \u010devljev \u2013 v pripravi\n<img src=\"https:\/\/www.kronau.si\/wp-content\/uploads\/2014\/03\/pika-kronau-16-16.png\" alt=\"favicon\" width=\"16\" height=\"16\" \/>\u00a0 \u017dar \u2013 za poletne vrtne zabave (brezpla\u010dno)\n<img src=\"https:\/\/www.kronau.si\/wp-content\/uploads\/2014\/03\/pika-kronau-16-16.png\" alt=\"favicon\" width=\"16\" height=\"16\" \/>\u00a0 Prevozi (proti pla\u010dilu)","_et_gb_content_width":"","footnotes":""},"class_list":["post-3918","page","type-page","status-publish","hentry"],"aioseo_notices":[],"_links":{"self":[{"href":"https:\/\/www.kronau.si\/it\/wp-json\/wp\/v2\/pages\/3918","targetHints":{"allow":["GET"]}}],"collection":[{"href":"https:\/\/www.kronau.si\/it\/wp-json\/wp\/v2\/pages"}],"about":[{"href":"https:\/\/www.kronau.si\/it\/wp-json\/wp\/v2\/types\/page"}],"author":[{"embeddable":true,"href":"https:\/\/www.kronau.si\/it\/wp-json\/wp\/v2\/users\/1"}],"replies":[{"embeddable":true,"href":"https:\/\/www.kronau.si\/it\/wp-json\/wp\/v2\/comments?post=3918"}],"version-history":[{"count":21,"href":"https:\/\/www.kronau.si\/it\/wp-json\/wp\/v2\/pages\/3918\/revisions"}],"predecessor-version":[{"id":7471,"href":"https:\/\/www.kronau.si\/it\/wp-json\/wp\/v2\/pages\/3918\/revisions\/7471"}],"wp:attachment":[{"href":"https:\/\/www.kronau.si\/it\/wp-json\/wp\/v2\/media?parent=3918"}],"curies":[{"name":"wp","href":"https:\/\/api.w.org\/{rel}","templated":true}]}}