{"id":3910,"date":"2014-03-05T20:58:38","date_gmt":"2014-03-05T19:58:38","guid":{"rendered":"https:\/\/www.kronau.si\/cenik-2\/"},"modified":"2026-04-08T14:46:18","modified_gmt":"2026-04-08T12:46:18","slug":"price-list","status":"publish","type":"page","link":"https:\/\/www.kronau.si\/en\/price-list\/","title":{"rendered":"PRICE LIST"},"content":{"rendered":"<p>[et_pb_section fb_built=&#8221;1&#8243; custom_padding_last_edited=&#8221;on|desktop&#8221; admin_label=&#8221;section&#8221; _builder_version=&#8221;4.16&#8243; background_color=&#8221;#faf4e8&#8243; custom_padding_tablet=&#8221;50px|0|50px|0&#8243; custom_padding_phone=&#8221;&#8221; transparent_background=&#8221;off&#8221; padding_mobile=&#8221;off&#8221; global_colors_info=&#8221;{}&#8221;][et_pb_row padding_mobile=&#8221;off&#8221; column_padding_mobile=&#8221;on&#8221; admin_label=&#8221;row&#8221; _builder_version=&#8221;4.16&#8243; background_size=&#8221;initial&#8221; background_position=&#8221;top_left&#8221; background_repeat=&#8221;repeat&#8221; global_colors_info=&#8221;{}&#8221;][et_pb_column type=&#8221;4_4&#8243; _builder_version=&#8221;4.16&#8243; custom_padding=&#8221;|||&#8221; global_colors_info=&#8221;{}&#8221; custom_padding__hover=&#8221;|||&#8221;][et_pb_text admin_label=&#8221;Text &#8211; KRONAU CHALET RESORT&#8221; _builder_version=&#8221;4.16&#8243; background_size=&#8221;initial&#8221; background_position=&#8221;top_left&#8221; background_repeat=&#8221;repeat&#8221; module_alignment=&#8221;left&#8221; border_style=&#8221;solid&#8221; global_colors_info=&#8221;{}&#8221;]<strong>KRONAU CHALET RESORT<\/strong>\u00a0a boutique Chalet complex, offers you unique Alpine homes, with all comfort and an additional offer for your quality holidays.<br \/>\n[\/et_pb_text][et_pb_divider show_divider=&#8221;off&#8221; disabled_on=&#8221;on|on|off&#8221; _builder_version=&#8221;4.16&#8243; height=&#8221;10px&#8221; hide_on_mobile=&#8221;on&#8221; global_colors_info=&#8221;{}&#8221;][\/et_pb_divider][et_pb_text admin_label=&#8221;Text &#8211; PRICES 2017\/2018&#8243; _builder_version=&#8221;4.27.6&#8243; text_font=&#8221;Open Sans||||&#8221; header_font=&#8221;Open Sans||||&#8221; background_size=&#8221;initial&#8221; background_position=&#8221;top_left&#8221; background_repeat=&#8221;repeat&#8221; text_orientation=&#8221;center&#8221; module_alignment=&#8221;center&#8221; hover_enabled=&#8221;0&#8243; border_style=&#8221;solid&#8221; global_colors_info=&#8221;{}&#8221; sticky_enabled=&#8221;0&#8243;]<\/p>\n<h2 style=\"text-align: center;\"><a href=\"https:\/\/www.kronau.si\/wp-content\/uploads\/2014\/03\/flower-kronau-hiske.png\"><img loading=\"lazy\" decoding=\"async\" class=\"alignnone size-full wp-image-136\" src=\"https:\/\/www.kronau.si\/wp-content\/uploads\/2014\/03\/flower-kronau-hiske.png\" alt=\"flower-kronau hiske\" width=\"27\" height=\"24\" \/><\/a>\u00a0 PRICES 2026\/2027<\/h2>\n<p style=\"text-align: center; color: red;\"><span style=\"color: #791e1c;\">( Prices are <span style=\"color: #791e1c;\"><strong>per a night<\/strong><\/span>, in Euros, VAT included; Tourist tax\/Municipal Tax not included )<\/span><\/p>\n<p>[\/et_pb_text][\/et_pb_column][\/et_pb_row][et_pb_row column_structure=&#8221;1_2,1_2&#8243; padding_mobile=&#8221;off&#8221; column_padding_mobile=&#8221;on&#8221; _builder_version=&#8221;4.16&#8243; background_size=&#8221;initial&#8221; background_position=&#8221;top_left&#8221; background_repeat=&#8221;repeat&#8221; global_colors_info=&#8221;{}&#8221;][et_pb_column type=&#8221;1_2&#8243; _builder_version=&#8221;4.16&#8243; custom_padding=&#8221;|||&#8221; global_colors_info=&#8221;{}&#8221; custom_padding__hover=&#8221;|||&#8221;][et_pb_blurb title=&#8221;WINTER&#8221; url=&#8221;https:\/\/www.kronau.si\/en\/price-list\/winter&#8221; image=&#8221;https:\/\/www.kronau.si\/wp-content\/uploads\/2014\/03\/zima-750-500-rob.jpg&#8221; admin_label=&#8221;Blurb &#8211; Price list winter&#8221; _builder_version=&#8221;4.16&#8243; header_font_size=&#8221;24px&#8221; body_font_size=&#8221;17&#8243; background_size=&#8221;initial&#8221; background_position=&#8221;top_left&#8221; background_repeat=&#8221;repeat&#8221; text_orientation=&#8221;center&#8221; max_width_tablet=&#8221;50px&#8221; border_style=&#8221;solid&#8221; global_colors_info=&#8221;{}&#8221;][\/et_pb_blurb][\/et_pb_column][et_pb_column type=&#8221;1_2&#8243; _builder_version=&#8221;4.16&#8243; custom_padding=&#8221;|||&#8221; global_colors_info=&#8221;{}&#8221; custom_padding__hover=&#8221;|||&#8221;][et_pb_blurb title=&#8221;SUMMER&#8221; url=&#8221;https:\/\/www.kronau.si\/en\/price-list\/summer&#8221; image=&#8221;https:\/\/www.kronau.si\/wp-content\/uploads\/2014\/03\/poletje-750-500-obroba.jpg&#8221; admin_label=&#8221;Blurb &#8211; Price list summer&#8221; _builder_version=&#8221;4.16&#8243; header_font_size=&#8221;24px&#8221; body_font_size=&#8221;17&#8243; background_size=&#8221;initial&#8221; background_position=&#8221;top_left&#8221; background_repeat=&#8221;repeat&#8221; text_orientation=&#8221;center&#8221; max_width_tablet=&#8221;50px&#8221; border_style=&#8221;solid&#8221; global_colors_info=&#8221;{}&#8221;][\/et_pb_blurb][\/et_pb_column][\/et_pb_row][et_pb_row padding_mobile=&#8221;off&#8221; column_padding_mobile=&#8221;on&#8221; _builder_version=&#8221;4.16&#8243; background_size=&#8221;initial&#8221; background_position=&#8221;top_left&#8221; background_repeat=&#8221;repeat&#8221; global_colors_info=&#8221;{}&#8221;][et_pb_column type=&#8221;4_4&#8243; _builder_version=&#8221;4.16&#8243; custom_padding=&#8221;|||&#8221; global_colors_info=&#8221;{}&#8221; custom_padding__hover=&#8221;|||&#8221;][et_pb_button button_url=&#8221;https:\/\/www.kronau.si\/en\/price-list\/general-conditions\/&#8221; button_text=&#8221;GENERAL CONDITIONS&#8221; button_alignment=&#8221;center&#8221; admin_label=&#8221;Button &#8211; GENERAL CONDITIONS&#8221; _builder_version=&#8221;4.16&#8243; custom_button=&#8221;on&#8221; button_text_size=&#8221;15px&#8221; button_text_color=&#8221;#6e3a15&#8243; button_border_width=&#8221;1px&#8221; button_border_radius=&#8221;14px&#8221; button_letter_spacing=&#8221;1px&#8221; button_icon=&#8221;&#x69;||divi||400&#8243; button_icon_color=&#8221;#6e3a15&#8243; button_border_radius_hover=&#8221;14px&#8221; global_colors_info=&#8221;{}&#8221; button_text_size__hover_enabled=&#8221;off&#8221; button_one_text_size__hover_enabled=&#8221;off&#8221; button_two_text_size__hover_enabled=&#8221;off&#8221; button_text_color__hover_enabled=&#8221;off&#8221; button_one_text_color__hover_enabled=&#8221;off&#8221; button_two_text_color__hover_enabled=&#8221;off&#8221; button_border_width__hover_enabled=&#8221;off&#8221; button_one_border_width__hover_enabled=&#8221;off&#8221; button_two_border_width__hover_enabled=&#8221;off&#8221; button_border_color__hover_enabled=&#8221;off&#8221; button_one_border_color__hover_enabled=&#8221;off&#8221; button_two_border_color__hover_enabled=&#8221;off&#8221; button_border_radius__hover_enabled=&#8221;on&#8221; button_border_radius__hover=&#8221;14px&#8221; button_one_border_radius__hover_enabled=&#8221;off&#8221; button_two_border_radius__hover_enabled=&#8221;off&#8221; button_letter_spacing__hover_enabled=&#8221;off&#8221; button_one_letter_spacing__hover_enabled=&#8221;off&#8221; button_two_letter_spacing__hover_enabled=&#8221;off&#8221; button_bg_color__hover_enabled=&#8221;off&#8221; button_one_bg_color__hover_enabled=&#8221;off&#8221; button_two_bg_color__hover_enabled=&#8221;off&#8221;][\/et_pb_button][\/et_pb_column][\/et_pb_row][et_pb_row padding_mobile=&#8221;off&#8221; column_padding_mobile=&#8221;on&#8221; _builder_version=&#8221;4.16&#8243; background_size=&#8221;initial&#8221; background_position=&#8221;top_left&#8221; background_repeat=&#8221;repeat&#8221; global_colors_info=&#8221;{}&#8221;][et_pb_column type=&#8221;4_4&#8243; _builder_version=&#8221;4.16&#8243; custom_padding=&#8221;|||&#8221; global_colors_info=&#8221;{}&#8221; custom_padding__hover=&#8221;|||&#8221;][et_pb_text admin_label=&#8221;Text &#8211; Important information&#8221; _builder_version=&#8221;4.24.0&#8243; background_size=&#8221;initial&#8221; background_position=&#8221;top_left&#8221; background_repeat=&#8221;repeat&#8221; module_alignment=&#8221;left&#8221; border_style=&#8221;solid&#8221; global_colors_info=&#8221;{}&#8221;]<\/p>\n<p><a href=\"https:\/\/www.kronau.si\/wp-content\/uploads\/2017\/04\/kronau-flower-16-16.png\"><img loading=\"lazy\" decoding=\"async\" class=\"alignleft wp-image-1936\" src=\"https:\/\/www.kronau.si\/wp-content\/uploads\/2017\/04\/kronau-flower-16-16.png\" alt=\"\" width=\"16\" height=\"16\" \/><\/a> <strong>Important information<\/strong><\/p>\n<p>&nbsp;<\/p>\n<ul>\n<li>During the <strong>Season A<\/strong> ( high season ) and the major part of the <strong>B Season<\/strong> ( middle season ), when holidays, striking dates, important events and the most requests&#8230; we rent <strong>all our Units <\/strong>with<strong> prices<\/strong> ( as seen from our <strong>pricelists<\/strong> ) for a certain permissible occupancy \u00a0&#8211; starting with &#8211; &#8220;up to 4 persons&#8221; and more &#8230;<\/li>\n<li>Rental, <strong>with<\/strong> Chalet Bled <strong>prices<\/strong> ( when, actualy a demand for <strong>&#8220;up to 3 people&#8221;<\/strong> &#8211; which is permitted for occupancy for this prices ) is possible also <strong>with other units<\/strong> in <strong>season C<\/strong> and partly season B, but depending on demand ( the length of the lease ) and availability<\/li>\n<li><strong>Any<\/strong> selected unit ( or unit as agreed ) can be rented also, only by 1 person or 2 persons &#8230;<\/li>\n<li>During <strong>Season A<\/strong> and most of the <strong>Season B<\/strong> we rent our units in principle <strong>only weekly<\/strong>; Saturday &#8211; Saturday or Sunday &#8211; Sunday; or, the <strong>&#8220;minimum stay&#8221;<\/strong> is at Season A \/ <strong>7<\/strong> nights, Season B \/ <strong>5<\/strong> nights and Season C \/ <strong>3<\/strong> nights ( for 1 or 2 nights we do rent only exceptionally )<\/li>\n<li>\u00a0Municipal Tax, its not included in the price ( 1,25\u20ac\/7-18; 2,50\u20ac\/18+ )<\/li>\n<li>\u00a0<strong>One child<\/strong> under 3 years of age, is <strong>free of charge<\/strong> ( baby-cot included )<\/li>\n<li>\u00a0<strong>Arival <\/strong>from 15:00 PM on\u2026 ;\u00a0<strong>Departure<\/strong>\u00a0latest at 10:00 AM; or as agreed<\/li>\n<li>We reserve the right, to replace you to the other unit ( as otherwise agreed\u00a0 ) in exceptional cases, what is noted in the price lists &#8211; under footnote<\/li>\n<li>We reserve the right to change prices ( agreed prices as per a offer and lease, remain unchanged )<\/li>\n<\/ul>\n<p>[\/et_pb_text][\/et_pb_column][\/et_pb_row][et_pb_row padding_mobile=&#8221;off&#8221; column_padding_mobile=&#8221;on&#8221; _builder_version=&#8221;4.16&#8243; background_size=&#8221;initial&#8221; background_position=&#8221;top_left&#8221; background_repeat=&#8221;repeat&#8221; global_colors_info=&#8221;{}&#8221;][et_pb_column type=&#8221;4_4&#8243; _builder_version=&#8221;4.16&#8243; custom_padding=&#8221;|||&#8221; global_colors_info=&#8221;{}&#8221; custom_padding__hover=&#8221;|||&#8221;][et_pb_image src=&#8221;https:\/\/www.kronau.si\/wp-content\/uploads\/2014\/03\/test.png&#8221; align=&#8221;center&#8221; align_tablet=&#8221;center&#8221; align_phone=&#8221;&#8221; align_last_edited=&#8221;on|desktop&#8221; _builder_version=&#8221;4.16&#8243; animation_style=&#8221;slide&#8221; animation_direction=&#8221;left&#8221; animation_duration=&#8221;500ms&#8221; animation_intensity_slide=&#8221;10%&#8221; use_border_color=&#8221;off&#8221; border_color=&#8221;#ffffff&#8221; border_width=&#8221;1px&#8221; border_style=&#8221;solid&#8221; sticky=&#8221;off&#8221; global_colors_info=&#8221;{}&#8221;][\/et_pb_image][\/et_pb_column][\/et_pb_row][et_pb_row padding_mobile=&#8221;off&#8221; column_padding_mobile=&#8221;on&#8221; _builder_version=&#8221;4.16&#8243; background_size=&#8221;initial&#8221; background_position=&#8221;top_left&#8221; background_repeat=&#8221;repeat&#8221; global_colors_info=&#8221;{}&#8221;][et_pb_column type=&#8221;4_4&#8243; _builder_version=&#8221;4.16&#8243; custom_padding=&#8221;|||&#8221; global_colors_info=&#8221;{}&#8221; custom_padding__hover=&#8221;|||&#8221;][et_pb_text admin_label=&#8221;Text &#8211; Useful informations&#8221; _builder_version=&#8221;4.16&#8243; background_size=&#8221;initial&#8221; background_position=&#8221;top_left&#8221; background_repeat=&#8221;repeat&#8221; module_alignment=&#8221;left&#8221; border_style=&#8221;solid&#8221; global_colors_info=&#8221;{}&#8221;]<img loading=\"lazy\" decoding=\"async\" class=\"alignleft size-full wp-image-1936\" src=\"https:\/\/www.kronau.si\/wp-content\/uploads\/2017\/04\/kronau-flower-16-16.png\" alt=\"\" width=\"16\" height=\"16\" \/> <strong>Useful informations<\/strong><\/p>\n<p>&nbsp;<\/p>\n<ul>\n<li><a href=\"http:\/\/www.rentacarplus.si\/\" target=\"_blank\" rel=\"noopener noreferrer\">Transport<\/a> ( rent a car or transfers from\/to the airport )<\/li>\n<li><a href=\"http:\/\/www.kr-gora.si\" target=\"_blank\" rel=\"noopener noreferrer\">Ski tickets<\/a> ( ski center Kranjska Gora )<\/li>\n<li><a href=\"http:\/\/www.intersport-bernik.com\/sl\/izposoja-sportne-opreme\" target=\"_blank\" rel=\"noopener noreferrer\">Ski rental<\/a><\/li>\n<li>Rent a bike and <a href=\"http:\/\/www.kr-gora.si\/slo\/poletje\/aktivnosti-in-ponudbe\/kolesarski-park\" target=\"_blank\" rel=\"noopener noreferrer\">bike park<\/a><\/li>\n<li><a href=\"https:\/\/www.accuweather.com\/sl\/si\/kranjska-gora\/298813\/weather-forecast\/298813\" target=\"_blank\" rel=\"noopener noreferrer\">Wheather infos<\/a><\/li>\n<\/ul>\n<p>[\/et_pb_text][\/et_pb_column][\/et_pb_row][et_pb_row padding_mobile=&#8221;off&#8221; column_padding_mobile=&#8221;on&#8221; _builder_version=&#8221;4.16&#8243; background_size=&#8221;initial&#8221; background_position=&#8221;top_left&#8221; background_repeat=&#8221;repeat&#8221; global_colors_info=&#8221;{}&#8221;][et_pb_column type=&#8221;4_4&#8243; _builder_version=&#8221;4.16&#8243; custom_padding=&#8221;|||&#8221; global_colors_info=&#8221;{}&#8221; custom_padding__hover=&#8221;|||&#8221;][et_pb_button button_url=&#8221;https:\/\/www.kronau.si\/en\/booking\/&#8221; button_text=&#8221;BOOKING&#8221; button_alignment=&#8221;center&#8221; admin_label=&#8221;Button &#8211; BOOKING&#8221; _builder_version=&#8221;4.16&#8243; custom_button=&#8221;on&#8221; button_text_size=&#8221;15px&#8221; button_text_color=&#8221;#6e3a15&#8243; button_border_width=&#8221;1px&#8221; button_border_radius=&#8221;14px&#8221; button_letter_spacing=&#8221;1px&#8221; button_icon=&#8221;&#xe046;||divi||400&#8243; button_icon_color=&#8221;#6e3a15&#8243; button_border_radius_hover=&#8221;14px&#8221; global_colors_info=&#8221;{}&#8221; button_text_size__hover_enabled=&#8221;off&#8221; button_one_text_size__hover_enabled=&#8221;off&#8221; button_two_text_size__hover_enabled=&#8221;off&#8221; button_text_color__hover_enabled=&#8221;off&#8221; button_one_text_color__hover_enabled=&#8221;off&#8221; button_two_text_color__hover_enabled=&#8221;off&#8221; button_border_width__hover_enabled=&#8221;off&#8221; button_one_border_width__hover_enabled=&#8221;off&#8221; button_two_border_width__hover_enabled=&#8221;off&#8221; button_border_color__hover_enabled=&#8221;off&#8221; button_one_border_color__hover_enabled=&#8221;off&#8221; button_two_border_color__hover_enabled=&#8221;off&#8221; button_border_radius__hover_enabled=&#8221;on&#8221; button_border_radius__hover=&#8221;14px&#8221; button_one_border_radius__hover_enabled=&#8221;off&#8221; button_two_border_radius__hover_enabled=&#8221;off&#8221; button_letter_spacing__hover_enabled=&#8221;off&#8221; button_one_letter_spacing__hover_enabled=&#8221;off&#8221; button_two_letter_spacing__hover_enabled=&#8221;off&#8221; button_bg_color__hover_enabled=&#8221;off&#8221; button_one_bg_color__hover_enabled=&#8221;off&#8221; button_two_bg_color__hover_enabled=&#8221;off&#8221;][\/et_pb_button][\/et_pb_column][\/et_pb_row][et_pb_row padding_mobile=&#8221;off&#8221; column_padding_mobile=&#8221;on&#8221; _builder_version=&#8221;4.16&#8243; background_size=&#8221;initial&#8221; background_position=&#8221;top_left&#8221; background_repeat=&#8221;repeat&#8221; custom_padding=&#8221;||1px|&#8221; global_colors_info=&#8221;{}&#8221;][et_pb_column type=&#8221;4_4&#8243; _builder_version=&#8221;4.16&#8243; custom_padding=&#8221;|||&#8221; global_colors_info=&#8221;{}&#8221; custom_padding__hover=&#8221;|||&#8221;][et_pb_text admin_label=&#8221;Text &#8211; Basic information &#038; General Conditions I Legal notice&#8221; _builder_version=&#8221;4.16&#8243; text_font_size=&#8221;12px&#8221; background_size=&#8221;initial&#8221; background_position=&#8221;top_left&#8221; background_repeat=&#8221;repeat&#8221; text_orientation=&#8221;center&#8221; module_alignment=&#8221;center&#8221; custom_margin=&#8221;||-10px|&#8221; custom_padding=&#8221;||-10px|&#8221; border_style=&#8221;solid&#8221; global_colors_info=&#8221;{}&#8221;]<\/p>\n<p style=\"text-align: center;\"><a href=\"https:\/\/www.kronau.si\/en\/basic-information-general-conditions\/\" target=\"_blank\" rel=\"noopener noreferrer\">Basic information &amp; General Conditions\u00a0<\/a>\u00a0 I \u00a0<a href=\"https:\/\/www.kronau.si\/en\/legal-notice\/\" target=\"_blank\" rel=\"noopener noreferrer\">Legal notice<\/a><\/p>\n<p>[\/et_pb_text][\/et_pb_column][\/et_pb_row][\/et_pb_section][et_pb_section fb_built=&#8221;1&#8243; custom_padding_last_edited=&#8221;on|desktop&#8221; _builder_version=&#8221;4.16&#8243; background_color=&#8221;rgba(255,255,255,0)&#8221; custom_padding_tablet=&#8221;50px|0|50px|0&#8243; custom_padding_phone=&#8221;&#8221; transparent_background=&#8221;on&#8221; padding_mobile=&#8221;off&#8221; global_colors_info=&#8221;{}&#8221;][et_pb_row padding_mobile=&#8221;off&#8221; column_padding_mobile=&#8221;on&#8221; _builder_version=&#8221;4.16&#8243; background_size=&#8221;initial&#8221; background_position=&#8221;top_left&#8221; background_repeat=&#8221;repeat&#8221; global_colors_info=&#8221;{}&#8221;][et_pb_column type=&#8221;4_4&#8243; _builder_version=&#8221;4.16&#8243; custom_padding=&#8221;|||&#8221; global_colors_info=&#8221;{}&#8221; custom_padding__hover=&#8221;|||&#8221;][et_pb_image src=&#8221;https:\/\/www.kronau.si\/wp-content\/uploads\/2017\/04\/logo-kronau1.png&#8221; align=&#8221;center&#8221; align_tablet=&#8221;center&#8221; align_phone=&#8221;&#8221; align_last_edited=&#8221;on|desktop&#8221; _builder_version=&#8221;4.16&#8243; animation_style=&#8221;slide&#8221; animation_direction=&#8221;left&#8221; animation_duration=&#8221;500ms&#8221; animation_intensity_slide=&#8221;10%&#8221; use_border_color=&#8221;off&#8221; border_color=&#8221;#ffffff&#8221; border_width=&#8221;1px&#8221; border_style=&#8221;solid&#8221; sticky=&#8221;off&#8221; global_colors_info=&#8221;{}&#8221;][\/et_pb_image][et_pb_blurb admin_label=&#8221;Blurb &#8211; naslov footer SLO&#8221; _builder_version=&#8221;4.16&#8243; background_size=&#8221;initial&#8221; background_position=&#8221;top_left&#8221; background_repeat=&#8221;repeat&#8221; text_orientation=&#8221;center&#8221; max_width_tablet=&#8221;50px&#8221; border_style=&#8221;solid&#8221; global_colors_info=&#8221;{}&#8221;]<\/p>\n<div class=\"contact\">\n<p><strong>Kronau Chalet Resort<\/strong><br \/>\nSI-4280 Kranjska gora | Bezje 19 &#8211; 24 | Slovenija | Evropa<\/p>\n<\/div>\n<p>Phone: +386(0)51 356 179 | Fax: +386(0)83807451<br \/>\n<a class=\"email\" href=\"mailto:info@kronau.si\">info@kronau.si<\/a><br \/>\n[\/et_pb_blurb][\/et_pb_column][\/et_pb_row][\/et_pb_section]<\/p>\n","protected":false},"excerpt":{"rendered":"<p>KRONAU CHALET RESORT\u00a0a boutique Chalet complex, offers you unique Alpine homes, with all comfort and an additional offer for your quality holidays. \u00a0 PRICES 2026\/2027 ( Prices are per a night, in Euros, VAT included; Tourist tax\/Municipal Tax not included ) Important information &nbsp; During the Season A ( high season ) and the major [&hellip;]<\/p>\n","protected":false},"author":1,"featured_media":0,"parent":0,"menu_order":0,"comment_status":"closed","ping_status":"open","template":"","meta":{"_et_pb_use_builder":"on","_et_pb_old_content":"<p style=\"text-align: justify;\"><strong>KRONAU CHALET RESORT<\/strong> Apartmajsko naselje vam nudi unikatne ALPSKE HI\u0160ICE \u2013 apartmaje z vsem udobjem in dodatno ponudbo za va\u0161 kvaliteten oddih oz. po\u010ditnice.<\/p>\n\u00a0\n<h1 style=\"text-align: center;\"><strong><img class=\"alignnone size-full wp-image-136\" src=\"https:\/\/www.kronau.si\/wp-content\/uploads\/2014\/03\/flower-kronau-hiske.png\" alt=\"flower-kronau hiske\" width=\"27\" height=\"24\" \/>CENE 2016\/2017<\/strong><\/h1>\n<p style=\"text-align: center; color: red;\"><span style=\"color: #791e1c;\">( Cene so <span style=\"color: #791e1c;\"><strong>po no\u010ditvi<\/strong><\/span>, v evrih in vklju\u010dujejo DDV; Turisti\u010dna taksa ni vklju\u010dena )<\/span><\/p>\n\u00a0\n<p style=\"text-align: center;\">[one_half]<\/p>\n\n<h2 style=\"text-align: center;\"><img class=\"alignnone size-full wp-image-136\" src=\"https:\/\/www.kronau.si\/wp-content\/uploads\/2014\/03\/flower-kronau-hiske.png\" alt=\"flower-kronau hiske\" width=\"27\" height=\"24\" \/>ZIMA<\/h2>\n<h4 style=\"text-align: center;\">December - Marec<\/h4>\n<h2 style=\"text-align: center;\"><span style=\"color: #791e1c;\">od 78 \u20ac...<\/span><\/h2>[\/one_half]<\/p>\n<p style=\"text-align: center;\">[one_half_last]<\/p>\n\n<h2 style=\"text-align: center;\"><img class=\"alignnone size-full wp-image-136\" src=\"https:\/\/www.kronau.si\/wp-content\/uploads\/2014\/03\/flower-kronau-hiske.png\" alt=\"flower-kronau hiske\" width=\"27\" height=\"24\" \/>POLETJE<\/h2>\n<h4 style=\"text-align: center;\">Maj - September<\/h4>\n<h2 style=\"text-align: center;\"><span style=\"color: #791e1c;\">od 76 \u20ac...<\/span><\/h2>[\/one_half_last]<\/p>\n\n<h3 style=\"text-align: left;\"><img class=\"alignnone size-full wp-image-136\" src=\"https:\/\/www.kronau.si\/wp-content\/uploads\/2014\/03\/flower-kronau-hiske.png\" alt=\"flower-kronau hiske\" width=\"27\" height=\"24\" \/>Info<\/h3>\n<img src=\"https:\/\/www.kronau.si\/wp-content\/uploads\/2014\/03\/pika-kronau-16-16.png\" alt=\"favicon\" width=\"16\" height=\"16\" \/>\u00a0V obdobju <strong>Visoke<\/strong> in ve\u010dji del <strong>Srednje<\/strong> sezone, ko po\u010ditnice, najve\u010d povpra\u0161evanj... oddamo na\u0161e enote z nanjni\u017ejo ceno \"do 4 osebe\" in ve\u010d... (najem za ceno \"do 3 osebe\" je mo\u017een v \u010dasu <strong>Nizke<\/strong> sezone in v dolo\u010denih tednih srednje sezone, ko ni po\u010ditnic.)\n<img src=\"https:\/\/www.kronau.si\/wp-content\/uploads\/2014\/03\/pika-kronau-16-16.png\" alt=\"favicon\" width=\"16\" height=\"16\" \/>\u00a0V obdobju <strong>Visoke<\/strong> sezone oddajamo na\u0161e enote <strong>na\u010deloma le tedensko<\/strong>; sobota - sobota ali nedelja - nedelja.\n<img src=\"https:\/\/www.kronau.si\/wp-content\/uploads\/2014\/03\/pika-kronau-16-16.png\" alt=\"favicon\" width=\"16\" height=\"16\" \/>\u00a0Turisti\u010dna taksa ni v\u0161teta v ceno ( 0,63\u20ac\/7-18;\u00a01,27\u20ac\/18+\u00a0).\n<img src=\"https:\/\/www.kronau.si\/wp-content\/uploads\/2014\/03\/pika-kronau-16-16.png\" alt=\"favicon\" width=\"16\" height=\"16\" \/>\u00a0En otrok do 3. leta starosti biva brezpla\u010dno (vklju\u010dena otro\u0161ka posteljica).\n<img src=\"https:\/\/www.kronau.si\/wp-content\/uploads\/2014\/03\/pika-kronau-16-16.png\" alt=\"favicon\" width=\"16\" height=\"16\" \/>\u00a0Pridr\u017eujemo si pravico do spremembe cen.\n\n\u00a0\n<h3 style=\"text-align: left;\"><img class=\"alignnone size-full wp-image-136\" src=\"https:\/\/www.kronau.si\/wp-content\/uploads\/2014\/03\/flower-kronau-hiske.png\" alt=\"flower-kronau hiske\" width=\"27\" height=\"24\" \/>Dodatna ponudba<\/h3>\n<img src=\"https:\/\/www.kronau.si\/wp-content\/uploads\/2014\/03\/pika-kronau-16-16.png\" alt=\"favicon\" width=\"16\" height=\"16\" \/>\u00a0 Otro\u0161ka posteljica (120\u00d760) postavimo jo v sobo 1 (brezpla\u010dno)\n<img src=\"https:\/\/www.kronau.si\/wp-content\/uploads\/2014\/03\/pika-kronau-16-16.png\" alt=\"favicon\" width=\"16\" height=\"16\" \/>\u00a0 Sesalec\n<img src=\"https:\/\/www.kronau.si\/wp-content\/uploads\/2014\/03\/pika-kronau-16-16.png\" alt=\"favicon\" width=\"16\" height=\"16\" \/>\u00a0 Zunanje omare za smu\u010di (ski-locker)\u2026 so v kolesarnicah ali na terasah (brezpla\u010dno)\n<img src=\"https:\/\/www.kronau.si\/wp-content\/uploads\/2014\/03\/pika-kronau-16-16.png\" alt=\"favicon\" width=\"16\" height=\"16\" \/>\u00a0 Pranje \u2013 ob dalj\u0161em bivanju vam omogo\u010dimo pranje perila (proti pla\u010dilu)\n<img src=\"https:\/\/www.kronau.si\/wp-content\/uploads\/2014\/03\/pika-kronau-16-16.png\" alt=\"favicon\" width=\"16\" height=\"16\" \/>\u00a0 Drva za kamin (\u00bbbukice\u00ab) brezpla\u010dno\n<img src=\"https:\/\/www.kronau.si\/wp-content\/uploads\/2014\/03\/pika-kronau-16-16.png\" alt=\"favicon\" width=\"16\" height=\"16\" \/>\u00a0 Naprava za su\u0161enje smu\u010darskih \u010devljev \u2013 v pripravi\n<img src=\"https:\/\/www.kronau.si\/wp-content\/uploads\/2014\/03\/pika-kronau-16-16.png\" alt=\"favicon\" width=\"16\" height=\"16\" \/>\u00a0 \u017dar \u2013 za poletne vrtne zabave (brezpla\u010dno)\n<img src=\"https:\/\/www.kronau.si\/wp-content\/uploads\/2014\/03\/pika-kronau-16-16.png\" alt=\"favicon\" width=\"16\" height=\"16\" \/>\u00a0 Prevozi (proti pla\u010dilu)","_et_gb_content_width":"","footnotes":""},"class_list":["post-3910","page","type-page","status-publish","hentry"],"aioseo_notices":[],"_links":{"self":[{"href":"https:\/\/www.kronau.si\/en\/wp-json\/wp\/v2\/pages\/3910","targetHints":{"allow":["GET"]}}],"collection":[{"href":"https:\/\/www.kronau.si\/en\/wp-json\/wp\/v2\/pages"}],"about":[{"href":"https:\/\/www.kronau.si\/en\/wp-json\/wp\/v2\/types\/page"}],"author":[{"embeddable":true,"href":"https:\/\/www.kronau.si\/en\/wp-json\/wp\/v2\/users\/1"}],"replies":[{"embeddable":true,"href":"https:\/\/www.kronau.si\/en\/wp-json\/wp\/v2\/comments?post=3910"}],"version-history":[{"count":25,"href":"https:\/\/www.kronau.si\/en\/wp-json\/wp\/v2\/pages\/3910\/revisions"}],"predecessor-version":[{"id":7470,"href":"https:\/\/www.kronau.si\/en\/wp-json\/wp\/v2\/pages\/3910\/revisions\/7470"}],"wp:attachment":[{"href":"https:\/\/www.kronau.si\/en\/wp-json\/wp\/v2\/media?parent=3910"}],"curies":[{"name":"wp","href":"https:\/\/api.w.org\/{rel}","templated":true}]}}