{"id":4073,"date":"2017-04-24T10:50:17","date_gmt":"2017-04-24T10:50:17","guid":{"rendered":"https:\/\/www.kronau.si\/pravno-obvestilo-2\/"},"modified":"2024-04-02T13:07:21","modified_gmt":"2024-04-02T11:07:21","slug":"rechtliche-mitteilung","status":"publish","type":"page","link":"https:\/\/www.kronau.si\/de\/rechtliche-mitteilung\/","title":{"rendered":"Rechtliche mitteilung"},"content":{"rendered":"<p>[et_pb_section fb_built=&#8220;1&#8243; custom_padding_last_edited=&#8220;on|desktop&#8220; _builder_version=&#8220;4.16&#8243; background_color=&#8220;#faf4e8&#8243; custom_padding_tablet=&#8220;50px|0|50px|0&#8243; custom_padding_phone=&#8220;&#8220; transparent_background=&#8220;off&#8220; padding_mobile=&#8220;off&#8220; make_fullwidth=&#8220;off&#8220; use_custom_width=&#8220;off&#8220; width_unit=&#8220;on&#8220; custom_width_px=&#8220;1080px&#8220; custom_width_percent=&#8220;80%&#8220; global_colors_info=&#8220;{}&#8220;][et_pb_row padding_mobile=&#8220;off&#8220; column_padding_mobile=&#8220;on&#8220; admin_label=&#8220;row&#8220; _builder_version=&#8220;4.16&#8243; background_size=&#8220;initial&#8220; background_position=&#8220;top_left&#8220; background_repeat=&#8220;repeat&#8220; make_fullwidth=&#8220;off&#8220; use_custom_width=&#8220;off&#8220; width_unit=&#8220;off&#8220; custom_width_px=&#8220;1080px&#8220; custom_width_percent=&#8220;80%&#8220; global_colors_info=&#8220;{}&#8220;][et_pb_column type=&#8220;4_4&#8243; _builder_version=&#8220;4.16&#8243; custom_padding=&#8220;|||&#8220; global_colors_info=&#8220;{}&#8220; custom_padding__hover=&#8220;|||&#8220;][et_pb_text admin_label=&#8220;Text &#8211; Vse potrebne informacije flower-kronau hiske Splo\u0161ni pogoji&#8220; _builder_version=&#8220;4.16&#8243; background_size=&#8220;initial&#8220; background_position=&#8220;top_left&#8220; background_repeat=&#8220;repeat&#8220; text_orientation=&#8220;center&#8220; module_alignment=&#8220;center&#8220; border_style=&#8220;solid&#8220; global_colors_info=&#8220;{}&#8220;]<\/p>\n<h2 style=\"text-align: center;\"><a href=\"https:\/\/www.kronau.si\/wp-content\/uploads\/2014\/03\/flower-kronau-hiske.png\"><img loading=\"lazy\" decoding=\"async\" class=\"alignnone size-full wp-image-136\" src=\"https:\/\/www.kronau.si\/wp-content\/uploads\/2014\/03\/flower-kronau-hiske.png\" alt=\"flower-kronau hiske\" width=\"27\" height=\"24\" \/><\/a>\u00a0 Rechtliche mitteilung<\/h2>\n<p>[\/et_pb_text][\/et_pb_column][\/et_pb_row][et_pb_row padding_mobile=&#8220;on&#8220; column_padding_mobile=&#8220;on&#8220; _builder_version=&#8220;4.16&#8243; background_color=&#8220;#ffffff&#8220; background_size=&#8220;initial&#8220; background_position=&#8220;top_left&#8220; background_repeat=&#8220;repeat&#8220; custom_margin=&#8220;|||&#8220; custom_padding=&#8220;30px|30px|30px|30px&#8220; make_fullwidth=&#8220;on&#8220; use_custom_width=&#8220;on&#8220; width_unit=&#8220;on&#8220; custom_width_px=&#8220;1080px&#8220; custom_width_percent=&#8220;80%&#8220; global_colors_info=&#8220;{}&#8220;][et_pb_column type=&#8220;4_4&#8243; _builder_version=&#8220;4.16&#8243; background_color=&#8220;#ffffff&#8220; custom_padding=&#8220;|||&#8220; global_colors_info=&#8220;{}&#8220; custom_padding__hover=&#8220;|||&#8220;][et_pb_text admin_label=&#8220;Text &#8211; pravno obvestlo&#8220; _builder_version=&#8220;4.24.0&#8243; background_size=&#8220;initial&#8220; background_position=&#8220;top_left&#8220; background_repeat=&#8220;repeat&#8220; module_alignment=&#8220;left&#8220; hover_enabled=&#8220;0&#8243; border_style=&#8220;solid&#8220; global_colors_info=&#8220;{}&#8220; sticky_enabled=&#8220;0&#8243;]<strong>Rechtshinweis<\/strong><\/p>\n<p>Die Internetseite www.kronau.si ist mit dem gesamten darauf ver\u00f6ffentlichen Inhalt Eigentum des Unternehmens DEJAN KO\u0160IR S.P. Die Nutzung jeglicher Textinhalte, graphischer, multimedialer oder anderer Internetinhalte aus dieser Internetseite zu anderen Zwecken ist nicht gestattet, au\u00dfer wenn der Eigent\u00fcmer eine solche Nutzung ausdr\u00fccklich erlaubt hat.<\/p>\n<p><strong>Privatsph\u00e4re und Datenschutz<\/strong><\/p>\n<p>Auf der Internetseite www.kronau.si werden einige personenbezogenen Daten erfasst, die f\u00fcr eine informative Reservierung von Zimmern und Paketangeboten sowie f\u00fcr den Erhalt von E-Mail-Mitteilungen und die Versendung von Antwortmails in Bezug auf die Fragen der Internetseiten-Besucher erforderlich sind. DEJAN KO\u0160IR S.P. verwendet s\u00e4mtliche personenbezogenen Daten im Einklang mit dem slowenischen Gesetz \u00fcber den Schutz personenbezogener Daten und speichert diese ausschlie\u00dflich zur eigenen Verwendung, d.h. dass er sie auf keinen Fall an dritte nat\u00fcrliche oder juristische Personen weitergibt.<\/p>\n<p><strong>Einsatz von Cookies<\/strong><\/p>\n<p>Beim Besuch unserer Internetseiten werden au\u00dfer den Inhalten auch Cookies auf Ihren Computer bzw. Ihr Smartphone, Tablet oder anderes Ger\u00e4t mit integriertem Internet-Browser \u00fcbertragen. Cookies sind kurze Textdateien, die Ihnen eine leichtere und hochwertige Nutzung unserer Internetseiten, einen Vermerk \u00fcber Ihrer eventuellen Unterk\u00fcnfte sowie die Verbindung mit den sozialen Netzwerken erm\u00f6glichen. Wir unsererseits k\u00f6nnen auf diese Weise eine Analyse \u00fcber die Internetseiten-Besucher machen und dadurch den Inhalt und unser Angebot st\u00e4ndig verbessern. Keine der von uns verwendeten Cookies sammelt Informationen, die Ihre pers\u00f6nliche Identit\u00e4t enth\u00fcllen bzw. mit denen wir auf irgendeine Weise den Inhalt unserer Internetseiten gezielt an Sie anpassen, wenn Sie dies nicht selber eingestellt haben. Die Seite braucht und verwendet ihre personenbezogenen Daten nicht um zu funktionieren. Auch wenn wir mit unseren Cookies Ihre Privatsph\u00e4re nicht verletzen, bitten wir Sie, der Verwendung von Cookies zuzustimmen und die Speicherung die Cookies von dieser Website auf Ihrem Rechner zuzulassen.<\/p>\n<p><strong>Tipp<\/strong><\/p>\n<p>Sie k\u00f6nnen die Speicherung der von dieser Seite gesetzten Cookies auch \u00fcber die Browser-Einstellungen beeinflussen. Mit den entsprechenden Einstellungen k\u00f6nnen Sie deren Nutzung jederzeit einschr\u00e4nken bzw. vollst\u00e4ndig blockieren. Au\u00dferdem k\u00f6nnen Sie jederzeit \u00fcber Ihre Browser-Einstellungen s\u00e4mtliche Cookies, die bereits auf Ihrem Computer installiert wurden, l\u00f6schen.<\/p>\n<p><strong>Eingeschr\u00e4nkte Haftung<\/strong><\/p>\n<p>Der Inhalt auf der Internetseite www.kronau.si ist rein privater informativer Natur und hat nicht den Wert eines offiziellen oder \u00f6ffentlichen Dokuments bzw. Informationsmediums. Die Firma DEJAN KO\u0160IR S.P.  haftet daher nicht f\u00fcr eventuelle Ungenauigkeiten bei den \u00fcbermittelten Informationen bzw. f\u00fcr Sch\u00e4den, die durch die Nutzung der ungenauen oder unvollst\u00e4ndigen Informationen entstanden ist. Sie verwenden die Inhalte ausschlie\u00dflich auf eigene Verantwortung.<\/p>\n<p>Vielen Dank f\u00fcr den Besuch unserer Internetseiten. Haben Sie noch Fragen? F\u00fcr s\u00e4mtliche Informationen stehen wir Ihnen jederzeit zur Verf\u00fcgung:\u00a0<a href=\"mailto:info@kronau.si\">info@kronau.si<\/a><\/p>\n<p>&nbsp;[\/et_pb_text][\/et_pb_column][\/et_pb_row][et_pb_row padding_mobile=&#8220;off&#8220; column_padding_mobile=&#8220;on&#8220; _builder_version=&#8220;4.16&#8243; background_size=&#8220;initial&#8220; background_position=&#8220;top_left&#8220; background_repeat=&#8220;repeat&#8220; make_fullwidth=&#8220;off&#8220; use_custom_width=&#8220;off&#8220; width_unit=&#8220;off&#8220; custom_width_px=&#8220;1080px&#8220; custom_width_percent=&#8220;80%&#8220; global_colors_info=&#8220;{}&#8220;][et_pb_column type=&#8220;4_4&#8243; _builder_version=&#8220;4.16&#8243; custom_padding=&#8220;|||&#8220; global_colors_info=&#8220;{}&#8220; custom_padding__hover=&#8220;|||&#8220;][et_pb_button button_url=&#8220;https:\/\/www.kronau.si\/de&#8220; button_text=&#8220;ZUR\u00dcCK ZUR STARTSEITE&#8220; button_alignment=&#8220;center&#8220; admin_label=&#8220;Button &#8211; ZUR\u00dcCK ZUR STARTSEITE&#8220; _builder_version=&#8220;4.16&#8243; custom_button=&#8220;on&#8220; button_text_size=&#8220;15px&#8220; button_text_color=&#8220;#6e3a15&#8243; button_border_width=&#8220;1px&#8220; button_border_radius=&#8220;14px&#8220; button_letter_spacing=&#8220;1px&#8220; button_icon=&#8220;&#xe04d;||divi||400&#8243; button_icon_color=&#8220;#6e3a15&#8243; button_icon_placement=&#8220;left&#8220; button_border_radius_hover=&#8220;14px&#8220; global_colors_info=&#8220;{}&#8220; button_text_size__hover_enabled=&#8220;off&#8220; button_one_text_size__hover_enabled=&#8220;off&#8220; button_two_text_size__hover_enabled=&#8220;off&#8220; button_text_color__hover_enabled=&#8220;off&#8220; button_one_text_color__hover_enabled=&#8220;off&#8220; button_two_text_color__hover_enabled=&#8220;off&#8220; button_border_width__hover_enabled=&#8220;off&#8220; button_one_border_width__hover_enabled=&#8220;off&#8220; button_two_border_width__hover_enabled=&#8220;off&#8220; button_border_color__hover_enabled=&#8220;off&#8220; button_one_border_color__hover_enabled=&#8220;off&#8220; button_two_border_color__hover_enabled=&#8220;off&#8220; button_border_radius__hover_enabled=&#8220;on&#8220; button_border_radius__hover=&#8220;14px&#8220; button_one_border_radius__hover_enabled=&#8220;off&#8220; button_two_border_radius__hover_enabled=&#8220;off&#8220; button_letter_spacing__hover_enabled=&#8220;off&#8220; button_one_letter_spacing__hover_enabled=&#8220;off&#8220; button_two_letter_spacing__hover_enabled=&#8220;off&#8220; button_bg_color__hover_enabled=&#8220;off&#8220; button_one_bg_color__hover_enabled=&#8220;off&#8220; button_two_bg_color__hover_enabled=&#8220;off&#8220;][\/et_pb_button][\/et_pb_column][\/et_pb_row][\/et_pb_section][et_pb_section fb_built=&#8220;1&#8243; custom_padding_last_edited=&#8220;on|desktop&#8220; _builder_version=&#8220;4.16&#8243; background_color=&#8220;rgba(255,255,255,0)&#8220; custom_padding_tablet=&#8220;50px|0|50px|0&#8243; custom_padding_phone=&#8220;&#8220; transparent_background=&#8220;on&#8220; padding_mobile=&#8220;off&#8220; make_fullwidth=&#8220;off&#8220; use_custom_width=&#8220;off&#8220; width_unit=&#8220;on&#8220; custom_width_px=&#8220;1080px&#8220; custom_width_percent=&#8220;80%&#8220; global_colors_info=&#8220;{}&#8220;][et_pb_row padding_mobile=&#8220;off&#8220; column_padding_mobile=&#8220;on&#8220; _builder_version=&#8220;4.16&#8243; background_size=&#8220;initial&#8220; background_position=&#8220;top_left&#8220; background_repeat=&#8220;repeat&#8220; make_fullwidth=&#8220;off&#8220; use_custom_width=&#8220;off&#8220; width_unit=&#8220;off&#8220; custom_width_px=&#8220;1080px&#8220; custom_width_percent=&#8220;80%&#8220; global_colors_info=&#8220;{}&#8220;][et_pb_column type=&#8220;4_4&#8243; _builder_version=&#8220;4.16&#8243; custom_padding=&#8220;|||&#8220; global_colors_info=&#8220;{}&#8220; custom_padding__hover=&#8220;|||&#8220;][et_pb_image src=&#8220;https:\/\/www.kronau.si\/wp-content\/uploads\/2017\/04\/logo-kronau1.png&#8220; align=&#8220;center&#8220; align_tablet=&#8220;center&#8220; align_last_edited=&#8220;on|desktop&#8220; _builder_version=&#8220;4.16&#8243; animation_style=&#8220;slide&#8220; animation_direction=&#8220;left&#8220; animation_duration=&#8220;500ms&#8220; animation_intensity_slide=&#8220;10%&#8220; use_border_color=&#8220;off&#8220; border_color=&#8220;#ffffff&#8220; border_width=&#8220;1px&#8220; border_style=&#8220;solid&#8220; sticky=&#8220;off&#8220; always_center_on_mobile=&#8220;on&#8220; global_colors_info=&#8220;{}&#8220; align_phone=&#8220;center&#8220;][\/et_pb_image][et_pb_blurb image_icon_width=&#8220;none&#8220; admin_label=&#8220;Blurb &#8211; naslov footer SLO&#8220; _builder_version=&#8220;4.16&#8243; background_size=&#8220;initial&#8220; background_position=&#8220;top_left&#8220; background_repeat=&#8220;repeat&#8220; text_orientation=&#8220;center&#8220; use_border_color=&#8220;off&#8220; border_color=&#8220;#ffffff&#8220; border_width=&#8220;1px&#8220; border_style=&#8220;solid&#8220; image_max_width=&#8220;none&#8220; icon_font_size=&#8220;96px&#8220; use_circle=&#8220;off&#8220; use_circle_border=&#8220;off&#8220; circle_border_color=&#8220;#d6b469&#8243; circle_color=&#8220;#d6b469&#8243; global_colors_info=&#8220;{}&#8220;]<\/p>\n<div class=\"contact\">\n<p><strong>Kronau Chalet Resort<\/strong><br \/>\nSI-4280 Kranjska gora | Bezje 19 &#8211; 24 | Slovenija | Evropa<\/p>\n<\/div>\n<p>Telefon: +386(0)51 356 179 | Fax: +386(0)83807451<br \/>\n<a class=\"email\" href=\"mailto:info@kronau.si\">info@kronau.si<\/a><\/p>\n<p style=\"text-align: center;\">[\/et_pb_blurb][\/et_pb_column][\/et_pb_row][\/et_pb_section]<\/p>\n","protected":false},"excerpt":{"rendered":"<p>\u00a0 Rechtliche mitteilung Rechtshinweis Die Internetseite www.kronau.si ist mit dem gesamten darauf ver\u00f6ffentlichen Inhalt Eigentum des Unternehmens DEJAN KO\u0160IR S.P. Die Nutzung jeglicher Textinhalte, graphischer, multimedialer oder anderer Internetinhalte aus dieser Internetseite zu anderen Zwecken ist nicht gestattet, au\u00dfer wenn der Eigent\u00fcmer eine solche Nutzung ausdr\u00fccklich erlaubt hat. Privatsph\u00e4re und Datenschutz Auf der Internetseite www.kronau.si [&hellip;]<\/p>\n","protected":false},"author":1,"featured_media":0,"parent":0,"menu_order":0,"comment_status":"closed","ping_status":"closed","template":"","meta":{"_et_pb_use_builder":"on","_et_pb_old_content":"","_et_gb_content_width":"","footnotes":""},"class_list":["post-4073","page","type-page","status-publish","hentry"],"aioseo_notices":[],"_links":{"self":[{"href":"https:\/\/www.kronau.si\/de\/wp-json\/wp\/v2\/pages\/4073","targetHints":{"allow":["GET"]}}],"collection":[{"href":"https:\/\/www.kronau.si\/de\/wp-json\/wp\/v2\/pages"}],"about":[{"href":"https:\/\/www.kronau.si\/de\/wp-json\/wp\/v2\/types\/page"}],"author":[{"embeddable":true,"href":"https:\/\/www.kronau.si\/de\/wp-json\/wp\/v2\/users\/1"}],"replies":[{"embeddable":true,"href":"https:\/\/www.kronau.si\/de\/wp-json\/wp\/v2\/comments?post=4073"}],"version-history":[{"count":5,"href":"https:\/\/www.kronau.si\/de\/wp-json\/wp\/v2\/pages\/4073\/revisions"}],"predecessor-version":[{"id":7261,"href":"https:\/\/www.kronau.si\/de\/wp-json\/wp\/v2\/pages\/4073\/revisions\/7261"}],"wp:attachment":[{"href":"https:\/\/www.kronau.si\/de\/wp-json\/wp\/v2\/media?parent=4073"}],"curies":[{"name":"wp","href":"https:\/\/api.w.org\/{rel}","templated":true}]}}