{"id":4061,"date":"2014-03-05T18:04:07","date_gmt":"2014-03-05T17:04:07","guid":{"rendered":"https:\/\/www.kronau.si\/povprasevanje-2\/"},"modified":"2017-10-16T16:25:28","modified_gmt":"2017-10-16T15:25:28","slug":"anfrage","status":"publish","type":"page","link":"https:\/\/www.kronau.si\/de\/anfrage\/","title":{"rendered":"Anfrage"},"content":{"rendered":"<p>[et_pb_section bb_built=&#8220;1&#8243; admin_label=&#8220;section&#8220; transparent_background=&#8220;off&#8220; background_color=&#8220;#faf4e8&#8243; allow_player_pause=&#8220;off&#8220; inner_shadow=&#8220;off&#8220; parallax=&#8220;off&#8220; parallax_method=&#8220;off&#8220; padding_mobile=&#8220;off&#8220; make_fullwidth=&#8220;off&#8220; use_custom_width=&#8220;off&#8220; width_unit=&#8220;on&#8220; custom_width_px=&#8220;1080px&#8220; custom_width_percent=&#8220;80%&#8220; make_equal=&#8220;off&#8220; use_custom_gutter=&#8220;off&#8220; fullwidth=&#8220;off&#8220; specialty=&#8220;off&#8220; disabled=&#8220;off&#8220; custom_padding_tablet=&#8220;50px|0|50px|0&#8243; custom_padding_last_edited=&#8220;on|desktop&#8220;][et_pb_row admin_label=&#8220;row&#8220; make_fullwidth=&#8220;off&#8220; use_custom_width=&#8220;off&#8220; width_unit=&#8220;off&#8220; custom_width_px=&#8220;1080px&#8220; custom_width_percent=&#8220;80%&#8220; use_custom_gutter=&#8220;off&#8220; gutter_width=&#8220;3&#8243; padding_mobile=&#8220;off&#8220; allow_player_pause=&#8220;off&#8220; parallax=&#8220;off&#8220; parallax_method=&#8220;on&#8220; make_equal=&#8220;off&#8220; column_padding_mobile=&#8220;on&#8220; parallax_1=&#8220;off&#8220; parallax_method_1=&#8220;on&#8220; parallax_2=&#8220;off&#8220; parallax_method_2=&#8220;on&#8220; parallax_3=&#8220;off&#8220; parallax_method_3=&#8220;on&#8220; parallax_4=&#8220;off&#8220; parallax_method_4=&#8220;on&#8220; disabled=&#8220;off&#8220; background_position=&#8220;top_left&#8220; background_repeat=&#8220;repeat&#8220; background_size=&#8220;initial&#8220;][et_pb_column type=&#8220;4_4&#8243;][et_pb_text admin_label=&#8220;Text &#8211; ANFRAGE&#8220; background_layout=&#8220;light&#8220; text_orientation=&#8220;center&#8220; header_font=&#8220;Open Sans||||&#8220; text_font=&#8220;Open Sans||||&#8220; border_style=&#8220;solid&#8220; disabled=&#8220;off&#8220; module_alignment=&#8220;center&#8220; background_position=&#8220;top_left&#8220; background_repeat=&#8220;repeat&#8220; background_size=&#8220;initial&#8220; _builder_version=&#8220;3.0.82&#8243; box_shadow_position=&#8220;outer&#8220;]<\/p>\n<h2 style=\"text-align: center;\"><a href=\"https:\/\/www.kronau.si\/wp-content\/uploads\/2014\/03\/flower-kronau-hiske.png\"><img loading=\"lazy\" decoding=\"async\" class=\"alignnone size-full wp-image-136\" src=\"https:\/\/www.kronau.si\/wp-content\/uploads\/2014\/03\/flower-kronau-hiske.png\" alt=\"flower-kronau hiske\" width=\"27\" height=\"24\" \/><\/a>\u00a0 ANFRAGE<\/h2>\n<p>[\/et_pb_text][et_pb_text admin_label=&#8220;Text &#8211; POVPRA\u0160EVANJE&#8220; background_layout=&#8220;light&#8220; text_orientation=&#8220;center&#8220; header_font=&#8220;Open Sans||||&#8220; text_font=&#8220;Open Sans||||&#8220; border_style=&#8220;solid&#8220; disabled=&#8220;off&#8220; module_alignment=&#8220;center&#8220; background_position=&#8220;top_left&#8220; background_repeat=&#8220;repeat&#8220; background_size=&#8220;initial&#8220; _builder_version=&#8220;3.0.82&#8243; box_shadow_position=&#8220;outer&#8220;]<\/p>\n<p style=\"text-align: left;\">Dieser Buchungsvorgang mit Nachfrage, Best\u00e4tigung des Wunschtermins, der Einheiten und der Preise (bzw. der angebotenen Alternativoption) erfolgt<strong> nach einem bestimmten Verfahren <\/strong>in einer bestimmten Abfolge der einzelnen Verfahrensschritte und <strong>\u00fcber E-Mail-Korrespondenz.\u00a0Z<\/strong>us\u00e4tzliche Informationen sind auch telefonisch m\u00f6glich. <strong>Tragen Sie Ihre Kontaktdaten ein und buchen Sie die Unterkunft.<\/strong><\/p>\n<p>[\/et_pb_text][\/et_pb_column][\/et_pb_row][et_pb_row admin_label=&#8220;row&#8220; make_fullwidth=&#8220;off&#8220; use_custom_width=&#8220;off&#8220; width_unit=&#8220;off&#8220; custom_width_px=&#8220;1080px&#8220; custom_width_percent=&#8220;80%&#8220; use_custom_gutter=&#8220;off&#8220; gutter_width=&#8220;3&#8243; padding_mobile=&#8220;off&#8220; allow_player_pause=&#8220;off&#8220; parallax=&#8220;off&#8220; parallax_method=&#8220;on&#8220; make_equal=&#8220;off&#8220; column_padding_mobile=&#8220;on&#8220; parallax_1=&#8220;off&#8220; parallax_method_1=&#8220;on&#8220; parallax_2=&#8220;off&#8220; parallax_method_2=&#8220;on&#8220; parallax_3=&#8220;off&#8220; parallax_method_3=&#8220;on&#8220; parallax_4=&#8220;off&#8220; parallax_method_4=&#8220;on&#8220; disabled=&#8220;off&#8220; background_position=&#8220;top_left&#8220; background_repeat=&#8220;repeat&#8220; background_size=&#8220;initial&#8220;][et_pb_column type=&#8220;1_2&#8243;][et_pb_text background_layout=&#8220;light&#8220; border_style=&#8220;solid&#8220; disabled=&#8220;off&#8220; module_alignment=&#8220;left&#8220; background_position=&#8220;top_left&#8220; background_repeat=&#8220;repeat&#8220; background_size=&#8220;initial&#8220; _builder_version=&#8220;3.0.80&#8243;]<\/p>\n\n<div class=\"wpcf7 no-js\" id=\"wpcf7-f115-o1\" lang=\"de-DE\" dir=\"ltr\" data-wpcf7-id=\"115\">\n<div class=\"screen-reader-response\"><p role=\"status\" aria-live=\"polite\" aria-atomic=\"true\"><\/p> <ul><\/ul><\/div>\n<form action=\"\/de\/wp-json\/wp\/v2\/pages\/4061#wpcf7-f115-o1\" method=\"post\" class=\"wpcf7-form init\" aria-label=\"Kontaktformular\" novalidate=\"novalidate\" data-status=\"init\">\n<fieldset class=\"hidden-fields-container\"><input type=\"hidden\" name=\"_wpcf7\" value=\"115\" \/><input type=\"hidden\" name=\"_wpcf7_version\" value=\"6.1.5\" \/><input type=\"hidden\" name=\"_wpcf7_locale\" value=\"de_DE\" \/><input type=\"hidden\" name=\"_wpcf7_unit_tag\" value=\"wpcf7-f115-o1\" \/><input type=\"hidden\" name=\"_wpcf7_container_post\" value=\"0\" \/><input type=\"hidden\" name=\"_wpcf7_posted_data_hash\" value=\"\" \/>\n<\/fieldset>\n<p>Vor und Nachname\n<\/p>\n<p><span class=\"wpcf7-form-control-wrap\" data-name=\"IhrName\"><input size=\"40\" maxlength=\"400\" class=\"wpcf7-form-control wpcf7-text wpcf7-validates-as-required\" aria-required=\"true\" aria-invalid=\"false\" value=\"\" type=\"text\" name=\"IhrName\" \/><\/span>\n<\/p>\n<p>Telefonnummer\n<\/p>\n<p><span class=\"wpcf7-form-control-wrap\" data-name=\"Telefon\"><input size=\"40\" maxlength=\"400\" class=\"wpcf7-form-control wpcf7-tel wpcf7-validates-as-required wpcf7-text wpcf7-validates-as-tel\" aria-required=\"true\" aria-invalid=\"false\" value=\"\" type=\"tel\" name=\"Telefon\" \/><\/span>\n<\/p>\n<p>Email-Adresse\n<\/p>\n<p><span class=\"wpcf7-form-control-wrap\" data-name=\"E-Mail\"><input size=\"40\" maxlength=\"400\" class=\"wpcf7-form-control wpcf7-email wpcf7-validates-as-required wpcf7-text wpcf7-validates-as-email\" aria-required=\"true\" aria-invalid=\"false\" value=\"\" type=\"email\" name=\"E-Mail\" \/><\/span>\n<\/p>\n<p>Anzahl der Personen (\u00fcber 3 Jahre)\n<\/p>\n<p><span class=\"wpcf7-form-control-wrap\" data-name=\"menu-100\"><select class=\"wpcf7-form-control wpcf7-select wpcf7-validates-as-required\" aria-required=\"true\" aria-invalid=\"false\" name=\"menu-100\"><option value=\"1\">1<\/option><option value=\"2\">2<\/option><option value=\"3\">3<\/option><option value=\"4\">4<\/option><option value=\"5\">5<\/option><option value=\"6\">6<\/option><\/select><\/span>\n<\/p>\n<p>Kind (bis 3 Jahre)\n<\/p>\n<p><span class=\"wpcf7-form-control-wrap\" data-name=\"menu-101\"><select class=\"wpcf7-form-control wpcf7-select wpcf7-validates-as-required\" aria-required=\"true\" aria-invalid=\"false\" name=\"menu-101\"><option value=\"0\">0<\/option><option value=\"1\">1<\/option><option value=\"2\">2<\/option><option value=\"3\">3<\/option><\/select><\/span>\n<\/p>\n<p>Ankunftsdatum\n<\/p>\n<p><span class=\"wpcf7-form-control-wrap\" data-name=\"Anreise\"><input class=\"wpcf7-form-control wpcf7-date wpcf7-validates-as-required wpcf7-validates-as-date\" aria-required=\"true\" aria-invalid=\"false\" value=\"\" type=\"date\" name=\"Anreise\" \/><\/span>\n<\/p>\n<p>Datum der Abreise\n<\/p>\n<p><span class=\"wpcf7-form-control-wrap\" data-name=\"Abreise\"><input class=\"wpcf7-form-control wpcf7-date wpcf7-validates-as-required wpcf7-validates-as-date\" aria-required=\"true\" aria-invalid=\"false\" value=\"\" type=\"date\" name=\"Abreise\" \/><\/span>\n<\/p>\n<p>Ihre Nachricht\n<\/p>\n<p><span class=\"wpcf7-form-control-wrap\" data-name=\"IhreNachricht\"><textarea cols=\"40\" rows=\"10\" maxlength=\"2000\" class=\"wpcf7-form-control wpcf7-textarea\" aria-invalid=\"false\" name=\"IhreNachricht\"><\/textarea><\/span>\n<\/p>\n<p>Ich best\u00e4tige, dass ich grundlegende Informationen und allgemeine Bedingungen gelesen und akzeptiert habe\n<\/p>\n<p><span class=\"wpcf7-form-control-wrap\" data-name=\"checkbox-133\"><span class=\"wpcf7-form-control wpcf7-checkbox wpcf7-validates-as-required wpcf7-exclusive-checkbox\"><span class=\"wpcf7-list-item first last\"><label><span class=\"wpcf7-list-item-label\">ja<\/span><input type=\"checkbox\" name=\"checkbox-133\" value=\"ja\" \/><\/label><\/span><\/span><\/span>\n<\/p>\n<p><input class=\"wpcf7-form-control wpcf7-submit has-spinner\" type=\"submit\" value=\"Senden\" \/>\n<\/p><div class=\"wpcf7-response-output\" aria-hidden=\"true\"><\/div>\n<\/form>\n<\/div>\n\n<p>[\/et_pb_text][\/et_pb_column][et_pb_column type=&#8220;1_2&#8243;][et_pb_toggle title=&#8220;BUCHUNGSVORGANG &#8220; open=&#8220;on&#8220; open_toggle_text_color=&#8220;#6e3a15&#8243; closed_toggle_background_color=&#8220;rgba(214,180,105,0.4)&#8220; closed_toggle_text_color=&#8220;#6e3a15&#8243; icon_color=&#8220;#6e3a15&#8243; use_border_color=&#8220;on&#8220; border_color=&#8220;#6e3a15&#8243; border_width=&#8220;2px&#8220; border_style=&#8220;solid&#8220; disabled=&#8220;off&#8220; background_position=&#8220;top_left&#8220; background_repeat=&#8220;repeat&#8220; background_size=&#8220;initial&#8220; _builder_version=&#8220;3.0.82&#8243; box_shadow_position=&#8220;outer&#8220;]<\/p>\n<p><strong>\u201eIHRE ANFRAGE\u201c\u00a0<\/strong><br \/>\nKontaktieren Sie uns und erkundigen Sie sich nach der Verf\u00fcgbarkeit Ihres Wunschtermins, nach einer bestimmten Einheit mit \u00dcberpr\u00fcfung der Preise.<\/p>\n<p><strong>\u201eUNSER ANGEBOT\u201c\u00a0<\/strong><br \/>\nWir werden uns so bald wie m\u00f6glich bei Ihnen melden und Ihre Anfrage beantworten. Sie erhalten von uns entweder die Best\u00e4tigung der von Ihnen gew\u00fcnschten Termine und Preise oder eine alternative Option.<\/p>\n<p><strong>\u201eIHRE BEST\u00c4TIGUNG\u201c<\/strong><br \/>\nNach Erhalt Ihrer Best\u00e4tigung werden wir f\u00fcr Sie eine \u201evor\u00fcbergehende Buchung\u201c vornehmen und Ihnen die erste (1.) Rechnung mit den Daten f\u00fcr die SEPA-\u00dcberweisung (mit IBAN) zur Anzahlung schicken. Die Rechnung muss innerhalb der aufgef\u00fchrten Zahlungsfrist (in der Regel innerhalb von 4 Werktagen) bezahlt werden. Sollten wir die Zahlung nicht bis Ablauf der angegebenen Zahlungsfrist erhalten (au\u00dfer, wenn etwas Anderes vereinbart wurde), wird die \u201evor\u00fcbergehende Buchung\u201c nichtig.<\/p>\n<p><strong>\u201eUNSERE BUCHUNGSBEST\u00c4TIGUNG\u201c\u00a0<\/strong><br \/>\nSobald die Geldmittel auf unserem Konto eingegangen sind, werden wir Ihnen eine Zahlungsbest\u00e4tigung \u00fcber den Erhalt des Geldes \u00fcbermitteln. Die \u201evor\u00fcbergehende Buchung\u201c wird durch die \u201eBuchungsbest\u00e4tigung\u201c ersetzt.\u00a0 Die 2. Rechnung f\u00fcr die SEPA-\u00dcberweisung (mit IBAN) f\u00fcr die 2. Anzahlung wird (dies wird in \u201eunserem Angebot\u201c erl\u00e4utert und spezifiziert) Ihnen 5 Wochen vor der Anreise zugestellt.<\/p>\n<p>[\/et_pb_toggle][\/et_pb_column][\/et_pb_row][\/et_pb_section][et_pb_section bb_built=&#8220;1&#8243; transparent_background=&#8220;on&#8220; allow_player_pause=&#8220;off&#8220; inner_shadow=&#8220;off&#8220; parallax=&#8220;off&#8220; parallax_method=&#8220;off&#8220; padding_mobile=&#8220;off&#8220; make_fullwidth=&#8220;off&#8220; use_custom_width=&#8220;off&#8220; width_unit=&#8220;on&#8220; custom_width_px=&#8220;1080px&#8220; custom_width_percent=&#8220;80%&#8220; make_equal=&#8220;off&#8220; use_custom_gutter=&#8220;off&#8220; fullwidth=&#8220;off&#8220; specialty=&#8220;off&#8220; disabled=&#8220;off&#8220; background_color=&#8220;rgba(255,255,255,0)&#8220; custom_padding_tablet=&#8220;50px|0|50px|0&#8243; custom_padding_last_edited=&#8220;on|desktop&#8220;][et_pb_row make_fullwidth=&#8220;off&#8220; use_custom_width=&#8220;off&#8220; width_unit=&#8220;off&#8220; custom_width_px=&#8220;1080px&#8220; custom_width_percent=&#8220;80%&#8220; use_custom_gutter=&#8220;off&#8220; gutter_width=&#8220;3&#8243; padding_mobile=&#8220;off&#8220; allow_player_pause=&#8220;off&#8220; parallax=&#8220;off&#8220; parallax_method=&#8220;on&#8220; make_equal=&#8220;off&#8220; column_padding_mobile=&#8220;on&#8220; parallax_1=&#8220;off&#8220; parallax_method_1=&#8220;on&#8220; parallax_2=&#8220;off&#8220; parallax_method_2=&#8220;on&#8220; parallax_3=&#8220;off&#8220; parallax_method_3=&#8220;on&#8220; parallax_4=&#8220;off&#8220; parallax_method_4=&#8220;on&#8220; disabled=&#8220;off&#8220; background_position=&#8220;top_left&#8220; background_repeat=&#8220;repeat&#8220; background_size=&#8220;initial&#8220;][et_pb_column type=&#8220;4_4&#8243;][et_pb_image src=&#8220;https:\/\/www.kronau.si\/wp-content\/uploads\/2017\/04\/logo-kronau1.png&#8220; show_in_lightbox=&#8220;off&#8220; url_new_window=&#8220;off&#8220; use_overlay=&#8220;off&#8220; sticky=&#8220;off&#8220; align=&#8220;center&#8220; force_fullwidth=&#8220;off&#8220; always_center_on_mobile=&#8220;on&#8220; use_border_color=&#8220;off&#8220; border_color=&#8220;#ffffff&#8220; border_width=&#8220;1px&#8220; border_style=&#8220;solid&#8220; disabled=&#8220;off&#8220; animation_style=&#8220;slide&#8220; animation_duration=&#8220;500ms&#8220; animation_intensity_slide=&#8220;10%&#8220; animation_direction=&#8220;left&#8220; \/][et_pb_blurb admin_label=&#8220;Blurb &#8211; naslov footer SLO&#8220; url_new_window=&#8220;off&#8220; use_icon=&#8220;off&#8220; icon_color=&#8220;#d6b469&#8243; use_circle=&#8220;off&#8220; circle_color=&#8220;#d6b469&#8243; use_circle_border=&#8220;off&#8220; circle_border_color=&#8220;#d6b469&#8243; icon_placement=&#8220;top&#8220; animation=&#8220;top&#8220; background_layout=&#8220;light&#8220; text_orientation=&#8220;center&#8220; use_icon_font_size=&#8220;off&#8220; icon_font_size=&#8220;96px&#8220; use_border_color=&#8220;off&#8220; border_color=&#8220;#ffffff&#8220; border_width=&#8220;1px&#8220; border_style=&#8220;solid&#8220; disabled=&#8220;off&#8220; background_position=&#8220;top_left&#8220; background_repeat=&#8220;repeat&#8220; background_size=&#8220;initial&#8220;]<\/p>\n<div class=\"contact\">\n<p><strong>Kronau Chalet Resort<\/strong><br \/>\nSI-4280 Kranjska gora | Bezje 19 &#8211; 24 | Slovenija | Evropa<\/p>\n<\/div>\n<p>Telefon: +386(0)51 356 179 | Fax: +386(0)83807451<br \/>\n<a class=\"email\" href=\"mailto:info@kronau.si\">info@kronau.si<\/a><\/p>\n<p>[\/et_pb_blurb][\/et_pb_column][\/et_pb_row][\/et_pb_section]<\/p>\n","protected":false},"excerpt":{"rendered":"<p>\u00a0 ANFRAGE Dieser Buchungsvorgang mit Nachfrage, Best\u00e4tigung des Wunschtermins, der Einheiten und der Preise (bzw. der angebotenen Alternativoption) erfolgt nach einem bestimmten Verfahren in einer bestimmten Abfolge der einzelnen Verfahrensschritte und \u00fcber E-Mail-Korrespondenz.\u00a0Zus\u00e4tzliche Informationen sind auch telefonisch m\u00f6glich. Tragen Sie Ihre Kontaktdaten ein und buchen Sie die Unterkunft. \n<div class=\"wpcf7 no-js\" id=\"wpcf7-f115-o2\" lang=\"de-DE\" dir=\"ltr\" data-wpcf7-id=\"115\">\n<div class=\"screen-reader-response\"><p role=\"status\" aria-live=\"polite\" aria-atomic=\"true\"><\/p> <ul><\/ul><\/div>\n<form action=\"\/de\/wp-json\/wp\/v2\/pages\/4061#wpcf7-f115-o2\" method=\"post\" class=\"wpcf7-form init\" aria-label=\"Kontaktformular\" novalidate=\"novalidate\" data-status=\"init\">\n<fieldset class=\"hidden-fields-container\"><input type=\"hidden\" name=\"_wpcf7\" value=\"115\" \/><input type=\"hidden\" name=\"_wpcf7_version\" value=\"6.1.5\" \/><input type=\"hidden\" name=\"_wpcf7_locale\" value=\"de_DE\" \/><input type=\"hidden\" name=\"_wpcf7_unit_tag\" value=\"wpcf7-f115-o2\" \/><input type=\"hidden\" name=\"_wpcf7_container_post\" value=\"0\" \/><input type=\"hidden\" name=\"_wpcf7_posted_data_hash\" value=\"\" \/>\n<\/fieldset>\n<p>Vor und Nachname\n<\/p>\n<p><span class=\"wpcf7-form-control-wrap\" data-name=\"IhrName\"><input size=\"40\" maxlength=\"400\" class=\"wpcf7-form-control wpcf7-text wpcf7-validates-as-required\" aria-required=\"true\" aria-invalid=\"false\" value=\"\" type=\"text\" name=\"IhrName\" \/><\/span>\n<\/p>\n<p>Telefonnummer\n<\/p>\n<p><span class=\"wpcf7-form-control-wrap\" data-name=\"Telefon\"><input size=\"40\" maxlength=\"400\" class=\"wpcf7-form-control wpcf7-tel wpcf7-validates-as-required wpcf7-text wpcf7-validates-as-tel\" aria-required=\"true\" aria-invalid=\"false\" value=\"\" type=\"tel\" name=\"Telefon\" \/><\/span>\n<\/p>\n<p>Email-Adresse\n<\/p>\n<p><span class=\"wpcf7-form-control-wrap\" data-name=\"E-Mail\"><input size=\"40\" maxlength=\"400\" class=\"wpcf7-form-control wpcf7-email wpcf7-validates-as-required wpcf7-text wpcf7-validates-as-email\" aria-required=\"true\" aria-invalid=\"false\" value=\"\" type=\"email\" name=\"E-Mail\" \/><\/span>\n<\/p>\n<p>Anzahl der Personen (\u00fcber 3 Jahre)\n<\/p>\n<p><span class=\"wpcf7-form-control-wrap\" data-name=\"menu-100\"><select class=\"wpcf7-form-control wpcf7-select wpcf7-validates-as-required\" aria-required=\"true\" aria-invalid=\"false\" name=\"menu-100\"><option value=\"1\">1<\/option><option value=\"2\">2<\/option><option value=\"3\">3<\/option><option value=\"4\">4<\/option><option value=\"5\">5<\/option><option value=\"6\">6<\/option><\/select><\/span>\n<\/p>\n<p>Kind (bis 3 Jahre)\n<\/p>\n<p><span class=\"wpcf7-form-control-wrap\" data-name=\"menu-101\"><select class=\"wpcf7-form-control wpcf7-select wpcf7-validates-as-required\" aria-required=\"true\" aria-invalid=\"false\" name=\"menu-101\"><option value=\"0\">0<\/option><option value=\"1\">1<\/option><option value=\"2\">2<\/option><option value=\"3\">3<\/option><\/select><\/span>\n<\/p>\n<p>Ankunftsdatum\n<\/p>\n<p><span class=\"wpcf7-form-control-wrap\" data-name=\"Anreise\"><input class=\"wpcf7-form-control wpcf7-date wpcf7-validates-as-required wpcf7-validates-as-date\" aria-required=\"true\" aria-invalid=\"false\" value=\"\" type=\"date\" name=\"Anreise\" \/><\/span>\n<\/p>\n<p>Datum der Abreise\n<\/p>\n<p><span class=\"wpcf7-form-control-wrap\" data-name=\"Abreise\"><input class=\"wpcf7-form-control wpcf7-date wpcf7-validates-as-required wpcf7-validates-as-date\" aria-required=\"true\" aria-invalid=\"false\" value=\"\" type=\"date\" name=\"Abreise\" \/><\/span>\n<\/p>\n<p>Ihre Nachricht\n<\/p>\n<p><span class=\"wpcf7-form-control-wrap\" data-name=\"IhreNachricht\"><textarea cols=\"40\" rows=\"10\" maxlength=\"2000\" class=\"wpcf7-form-control wpcf7-textarea\" aria-invalid=\"false\" name=\"IhreNachricht\"><\/textarea><\/span>\n<\/p>\n<p>Ich best\u00e4tige, dass ich grundlegende Informationen und allgemeine Bedingungen gelesen und akzeptiert habe\n<\/p>\n<p><span class=\"wpcf7-form-control-wrap\" data-name=\"checkbox-133\"><span class=\"wpcf7-form-control wpcf7-checkbox wpcf7-validates-as-required wpcf7-exclusive-checkbox\"><span class=\"wpcf7-list-item first last\"><label><span class=\"wpcf7-list-item-label\">ja<\/span><input type=\"checkbox\" name=\"checkbox-133\" value=\"ja\" \/><\/label><\/span><\/span><\/span>\n<\/p>\n<p><input class=\"wpcf7-form-control wpcf7-submit has-spinner\" type=\"submit\" value=\"Senden\" \/>\n<\/p><div class=\"wpcf7-response-output\" aria-hidden=\"true\"><\/div>\n<\/form>\n<\/div>\n \u201eIHRE ANFRAGE\u201c\u00a0 [&hellip;]<\/p>\n","protected":false},"author":1,"featured_media":0,"parent":0,"menu_order":0,"comment_status":"closed","ping_status":"open","template":"","meta":{"_et_pb_use_builder":"on","_et_pb_old_content":"","_et_gb_content_width":"","footnotes":""},"class_list":["post-4061","page","type-page","status-publish","hentry"],"aioseo_notices":[],"_links":{"self":[{"href":"https:\/\/www.kronau.si\/de\/wp-json\/wp\/v2\/pages\/4061","targetHints":{"allow":["GET"]}}],"collection":[{"href":"https:\/\/www.kronau.si\/de\/wp-json\/wp\/v2\/pages"}],"about":[{"href":"https:\/\/www.kronau.si\/de\/wp-json\/wp\/v2\/types\/page"}],"author":[{"embeddable":true,"href":"https:\/\/www.kronau.si\/de\/wp-json\/wp\/v2\/users\/1"}],"replies":[{"embeddable":true,"href":"https:\/\/www.kronau.si\/de\/wp-json\/wp\/v2\/comments?post=4061"}],"version-history":[{"count":5,"href":"https:\/\/www.kronau.si\/de\/wp-json\/wp\/v2\/pages\/4061\/revisions"}],"predecessor-version":[{"id":4776,"href":"https:\/\/www.kronau.si\/de\/wp-json\/wp\/v2\/pages\/4061\/revisions\/4776"}],"wp:attachment":[{"href":"https:\/\/www.kronau.si\/de\/wp-json\/wp\/v2\/media?parent=4061"}],"curies":[{"name":"wp","href":"https:\/\/api.w.org\/{rel}","templated":true}]}}