{"id":3947,"date":"2017-10-12T10:28:49","date_gmt":"2017-10-12T09:28:49","guid":{"rendered":"https:\/\/www.kronau.si\/cenik\/poletje\/cenik-poletje-3-osebe\/"},"modified":"2025-10-01T15:00:59","modified_gmt":"2025-10-01T13:00:59","slug":"preisliste-sommer-3-personen","status":"publish","type":"page","link":"https:\/\/www.kronau.si\/de\/preisliste\/sommer\/preisliste-sommer-3-personen\/","title":{"rendered":"Preisliste sommer 3 personen"},"content":{"rendered":"<p>[et_pb_section fb_built=&#8220;1&#8243; custom_padding_last_edited=&#8220;on|desktop&#8220; admin_label=&#8220;section&#8220; _builder_version=&#8220;4.16&#8243; background_color=&#8220;#faf4e8&#8243; custom_padding_tablet=&#8220;50px|0|50px|0&#8243; custom_padding_phone=&#8220;&#8220; transparent_background=&#8220;off&#8220; padding_mobile=&#8220;off&#8220; global_colors_info=&#8220;{}&#8220;][et_pb_row padding_mobile=&#8220;off&#8220; column_padding_mobile=&#8220;on&#8220; admin_label=&#8220;row&#8220; _builder_version=&#8220;4.16&#8243; background_size=&#8220;initial&#8220; background_position=&#8220;top_left&#8220; background_repeat=&#8220;repeat&#8220; global_colors_info=&#8220;{}&#8220;][et_pb_column type=&#8220;4_4&#8243; _builder_version=&#8220;4.16&#8243; custom_padding=&#8220;|||&#8220; global_colors_info=&#8220;{}&#8220; custom_padding__hover=&#8220;|||&#8220;][et_pb_text admin_label=&#8220;Text &#8211; SOMMER %22bis zu 3 personen&#8220; _builder_version=&#8220;4.16&#8243; text_font=&#8220;Open Sans||||&#8220; text_font_size=&#8220;30&#8243; header_font=&#8220;Open Sans||||&#8220; background_size=&#8220;initial&#8220; background_position=&#8220;top_left&#8220; background_repeat=&#8220;repeat&#8220; border_style=&#8220;solid&#8220; global_colors_info=&#8220;{}&#8220;]<\/p>\n<p style=\"text-align: center;\"><img loading=\"lazy\" decoding=\"async\" class=\"alignnone size-full wp-image-136\" src=\"https:\/\/www.kronau.si\/wp-content\/uploads\/2014\/03\/flower-kronau-hiske.png\" alt=\"flower-kronau hiske\" width=\"27\" height=\"24\">&nbsp; SOMMER &#8222;bis zu 3 personen&#8220;<\/p>\n<p>[\/et_pb_text][et_pb_blurb title=&#8220;Chalet Bled&#8220; image=&#8220;https:\/\/www.kronau.si\/wp-content\/uploads\/2017\/10\/his\u030cka-kronau-5.png&#8220; _builder_version=&#8220;4.16&#8243; header_font_size=&#8220;26px&#8220; background_size=&#8220;initial&#8220; background_position=&#8220;top_left&#8220; background_repeat=&#8220;repeat&#8220; text_orientation=&#8220;center&#8220; custom_margin=&#8220;|||&#8220; custom_padding=&#8220;|||&#8220; use_border_color=&#8220;off&#8220; border_color=&#8220;#ffffff&#8220; border_width=&#8220;1px&#8220; border_style=&#8220;solid&#8220; global_colors_info=&#8220;{}&#8220;][\/et_pb_blurb][\/et_pb_column][\/et_pb_row][et_pb_row column_structure=&#8220;1_4,1_4,1_4,1_4&#8243; padding_mobile=&#8220;off&#8220; column_padding_mobile=&#8220;on&#8220; _builder_version=&#8220;4.16&#8243; background_size=&#8220;initial&#8220; background_position=&#8220;top_left&#8220; background_repeat=&#8220;repeat&#8220; global_colors_info=&#8220;{}&#8220;][et_pb_column type=&#8220;1_4&#8243; _builder_version=&#8220;4.16&#8243; custom_padding=&#8220;|||&#8220; global_colors_info=&#8220;{}&#8220; custom_padding__hover=&#8220;|||&#8220;][et_pb_blurb title=&#8220;* saison C&#8220; admin_label=&#8220;DATUM &#8211; *Sezona C&#8220; _builder_version=&#8220;4.27.4&#8243; body_text_align=&#8220;center&#8220; body_font_size=&#8220;12px&#8220; background_size=&#8220;initial&#8220; background_position=&#8220;top_left&#8220; background_repeat=&#8220;repeat&#8220; text_orientation=&#8220;center&#8220; hover_enabled=&#8220;0&#8243; use_border_color=&#8220;off&#8220; border_color=&#8220;#ffffff&#8220; border_style=&#8220;solid&#8220; global_colors_info=&#8220;{}&#8220; sticky_enabled=&#8220;0&#8243;]<\/p>\n<p style=\"text-align: center;\"> ( 24.04. \u2013 12.06.; 13.09. \u2013 04.10. )  <\/p>\n<p>[\/et_pb_blurb][et_pb_blurb admin_label=&#8220;Blurb &#8211; *Sezona C&#8220; _builder_version=&#8220;4.22.1&#8243; background_size=&#8220;initial&#8220; background_position=&#8220;top_left&#8220; background_repeat=&#8220;repeat&#8220; text_orientation=&#8220;center&#8220; use_border_color=&#8220;off&#8220; border_color=&#8220;#ffffff&#8220; border_style=&#8220;solid&#8220; global_colors_info=&#8220;{}&#8220;]2 N\u00e4chte ( 286 \u20ac ) <span style=\"color: #791e1c;\"><strong>143 \u20ac<\/strong><\/span><br \/>\n3 N\u00e4chte ( 393 \u20ac ) <span style=\"color: #791e1c;\"><strong>131 \u20ac<\/strong><\/span><br \/>\n4 do 6 ( pro Nacht ) <span style=\"color: #791e1c;\"><strong>126 \u20ac<\/strong><\/span><br \/>\n7+ ( pro Nacht ) <span style=\"color: #791e1c;\"><strong>119 \u20ac<\/strong><\/span><\/p>\n<p>Woche <span style=\"color: #791e1c;\"><strong>833 \u20ac<\/strong><\/span>[\/et_pb_blurb][\/et_pb_column][et_pb_column type=&#8220;1_4&#8243; _builder_version=&#8220;4.16&#8243; custom_padding=&#8220;|||&#8220; global_colors_info=&#8220;{}&#8220; custom_padding__hover=&#8220;|||&#8220;][et_pb_blurb title=&#8220;** saison B&#8220; admin_label=&#8220;DATUM &#8211; *Sezona B&#8220; _builder_version=&#8220;4.27.4&#8243; body_font_size=&#8220;12px&#8220; background_size=&#8220;initial&#8220; background_position=&#8220;top_left&#8220; background_repeat=&#8220;repeat&#8220; text_orientation=&#8220;center&#8220; hover_enabled=&#8220;0&#8243; use_border_color=&#8220;off&#8220; border_color=&#8220;#ffffff&#8220; border_style=&#8220;solid&#8220; global_colors_info=&#8220;{}&#8220; sticky_enabled=&#8220;0&#8243;]<\/p>\n<p style=\"text-align: center;\"> ( 13.06. \u2013 19.06.; 06.09. \u2013 12.09. )  <\/p>\n<p>[\/et_pb_blurb][et_pb_blurb admin_label=&#8220;Blurb &#8211; *Sezona C&#8220; _builder_version=&#8220;4.22.1&#8243; background_size=&#8220;initial&#8220; background_position=&#8220;top_left&#8220; background_repeat=&#8220;repeat&#8220; text_orientation=&#8220;center&#8220; use_border_color=&#8220;off&#8220; border_color=&#8220;#ffffff&#8220; border_style=&#8220;solid&#8220; locked=&#8220;off&#8220; global_colors_info=&#8220;{}&#8220;]2 N\u00e4chte ( 352 \u20ac ) <span style=\"color: #791e1c;\"><strong>176 \u20ac<\/strong><\/span><br \/>\n3 N\u00e4chte ( 438 \u20ac ) <span style=\"color: #791e1c;\"><strong>146 \u20ac<\/strong><\/span><br \/>\n4 do 6 ( pro Nacht ) <span style=\"color: #791e1c;\"><strong>137 \u20ac<\/strong><\/span><br \/>\n7+ ( pro Nacht ) <span style=\"color: #791e1c;\"><strong>131 \u20ac<\/strong><\/span><\/p>\n<p>Woche <span style=\"color: #791e1c;\"><strong>917 \u20ac<\/strong><\/span>[\/et_pb_blurb][\/et_pb_column][et_pb_column type=&#8220;1_4&#8243; _builder_version=&#8220;4.16&#8243; custom_padding=&#8220;|||&#8220; global_colors_info=&#8220;{}&#8220; custom_padding__hover=&#8220;|||&#8220;][et_pb_blurb title=&#8220;** saison B+&#8220; admin_label=&#8220;DATUM &#8211; *Sezona B+&#8220; _builder_version=&#8220;4.27.4&#8243; body_font_size=&#8220;12px&#8220; background_size=&#8220;initial&#8220; background_position=&#8220;top_left&#8220; background_repeat=&#8220;repeat&#8220; text_orientation=&#8220;center&#8220; hover_enabled=&#8220;0&#8243; use_border_color=&#8220;off&#8220; border_color=&#8220;#ffffff&#8220; border_style=&#8220;solid&#8220; global_colors_info=&#8220;{}&#8220; sticky_enabled=&#8220;0&#8243;]<\/p>\n<p style=\"text-align: center;\"> ( 20.06. \u2013 10.07.; 30.08. \u2013 05.09. )<\/p>\n<p>[\/et_pb_blurb][et_pb_blurb admin_label=&#8220;Blurb &#8211; *Sezona C&#8220; _builder_version=&#8220;4.22.1&#8243; background_size=&#8220;initial&#8220; background_position=&#8220;top_left&#8220; background_repeat=&#8220;repeat&#8220; text_orientation=&#8220;center&#8220; use_border_color=&#8220;off&#8220; border_color=&#8220;#ffffff&#8220; border_style=&#8220;solid&#8220; locked=&#8220;off&#8220; global_colors_info=&#8220;{}&#8220;]2 N\u00e4chte ( 440 \u20ac ) <span style=\"color: #791e1c;\"><strong>220 \u20ac<\/strong><\/span><br \/>\n3 N\u00e4chte ( 543 \u20ac ) <span style=\"color: #791e1c;\"><strong>181 \u20ac<\/strong><\/span><br \/>\n4 do 6 ( pro Nacht ) <span style=\"color: #791e1c;\"><strong>160 \u20ac<\/strong><\/span><br \/>\n7+ ( pro Nacht ) <span style=\"color: #791e1c;\"><strong>151 \u20ac<\/strong><\/span><\/p>\n<p>Woche <span style=\"color: #791e1c;\"><strong>1057 \u20ac<\/strong><\/span>[\/et_pb_blurb][\/et_pb_column][et_pb_column type=&#8220;1_4&#8243; _builder_version=&#8220;4.16&#8243; custom_padding=&#8220;|||&#8220; global_colors_info=&#8220;{}&#8220; custom_padding__hover=&#8220;|||&#8220;][et_pb_blurb title=&#8220;*** saison A&#8220; admin_label=&#8220;DATUM &#8211; *Sezona A&#8220; _builder_version=&#8220;4.27.4&#8243; body_font_size=&#8220;12px&#8220; background_size=&#8220;initial&#8220; background_position=&#8220;top_left&#8220; background_repeat=&#8220;repeat&#8220; text_orientation=&#8220;center&#8220; hover_enabled=&#8220;0&#8243; use_border_color=&#8220;off&#8220; border_color=&#8220;#ffffff&#8220; border_style=&#8220;solid&#8220; global_colors_info=&#8220;{}&#8220; sticky_enabled=&#8220;0&#8243;]( 11.07. \u2013 29.08.  \/ Hauptsaison )[\/et_pb_blurb][et_pb_blurb admin_label=&#8220;Blurb &#8211; *Sezona C&#8220; _builder_version=&#8220;4.22.1&#8243; background_size=&#8220;initial&#8220; background_position=&#8220;top_left&#8220; background_repeat=&#8220;repeat&#8220; text_orientation=&#8220;center&#8220; use_border_color=&#8220;off&#8220; border_color=&#8220;#ffffff&#8220; border_style=&#8220;solid&#8220; locked=&#8220;off&#8220; global_colors_info=&#8220;{}&#8220;]2 N\u00e4chte ( 474 \u20ac ) <span style=\"color: #791e1c;\"><strong>237 \u20ac<\/strong><\/span><br \/>\n3 N\u00e4chte ( 594 \u20ac ) <span style=\"color: #791e1c;\"><strong>198 \u20ac<\/strong><\/span><br \/>\n4 do 6 ( pro Nacht ) <span style=\"color: #791e1c;\"><strong>187 \u20ac<\/strong><\/span><br \/>\n7+ ( pro Nacht ) <span style=\"color: #791e1c;\"><strong>176 \u20ac<\/strong><\/span><\/p>\n<p>Woche <span style=\"color: #791e1c;\"><strong>1232 \u20ac<\/strong><\/span>[\/et_pb_blurb][\/et_pb_column][\/et_pb_row][et_pb_row padding_mobile=&#8220;off&#8220; column_padding_mobile=&#8220;on&#8220; _builder_version=&#8220;4.16&#8243; background_size=&#8220;initial&#8220; background_position=&#8220;top_left&#8220; background_repeat=&#8220;repeat&#8220; global_colors_info=&#8220;{}&#8220;][et_pb_column type=&#8220;4_4&#8243; _builder_version=&#8220;4.16&#8243; custom_padding=&#8220;|||&#8220; global_colors_info=&#8220;{}&#8220; custom_padding__hover=&#8220;|||&#8220;][et_pb_text admin_label=&#8220;Text &#8211; ANMERKUNG&#8220; _builder_version=&#8220;4.16&#8243; background_size=&#8220;initial&#8220; background_position=&#8220;top_left&#8220; background_repeat=&#8220;repeat&#8220; border_style=&#8220;solid&#8220; global_colors_info=&#8220;{}&#8220;]<strong>ANMERKUNG: <\/strong> Jede weitere Person bei mehr als 3 Personen (bzw. bei mehr als 4 Personen in der Saison A und in der Saison B+) zahlt 20 \u20ac + Ortstaxe pro Nacht. \u00a0In der Saison A und B+ erh\u00f6ht sich die in der Preisliste aufgef\u00fchrte erlaubte Personenanzahl auf 4 Personen. Die maximale Belegung betr\u00e4gt 5 Personen. F\u00fcr die Zuzahlungen pr\u00fcfen Sie die Preisliste. Wir behalten uns das Recht vor, die Einheiten gegebenenfalls untereinander zu tauschen.<br \/>\n[\/et_pb_text][\/et_pb_column][\/et_pb_row][et_pb_row padding_mobile=&#8220;off&#8220; column_padding_mobile=&#8220;on&#8220; _builder_version=&#8220;4.16&#8243; background_size=&#8220;initial&#8220; background_position=&#8220;top_left&#8220; background_repeat=&#8220;repeat&#8220; global_colors_info=&#8220;{}&#8220;][et_pb_column type=&#8220;4_4&#8243; _builder_version=&#8220;4.16&#8243; custom_padding=&#8220;|||&#8220; global_colors_info=&#8220;{}&#8220; custom_padding__hover=&#8220;|||&#8220;][et_pb_button button_url=&#8220;https:\/\/www.kronau.si\/de\/anfrage\/&#8220; button_text=&#8220;BUCHUNGSANFRAGE&#8220; button_alignment=&#8220;center&#8220; admin_label=&#8220;Button &#8211; BUCHUNGSANFRAGE&#8220; _builder_version=&#8220;4.16&#8243; custom_button=&#8220;on&#8220; button_text_size=&#8220;15px&#8220; button_text_color=&#8220;#6e3a15&#8243; button_border_width=&#8220;1px&#8220; button_border_radius=&#8220;14px&#8220; button_letter_spacing=&#8220;1px&#8220; button_icon=&#8220;&#x6c;||divi||400&#8243; button_icon_color=&#8220;#6e3a15&#8243; button_border_radius_hover=&#8220;14px&#8220; global_colors_info=&#8220;{}&#8220; button_text_size__hover_enabled=&#8220;off&#8220; button_one_text_size__hover_enabled=&#8220;off&#8220; button_two_text_size__hover_enabled=&#8220;off&#8220; button_text_color__hover_enabled=&#8220;off&#8220; button_one_text_color__hover_enabled=&#8220;off&#8220; button_two_text_color__hover_enabled=&#8220;off&#8220; button_border_width__hover_enabled=&#8220;off&#8220; button_one_border_width__hover_enabled=&#8220;off&#8220; button_two_border_width__hover_enabled=&#8220;off&#8220; button_border_color__hover_enabled=&#8220;off&#8220; button_one_border_color__hover_enabled=&#8220;off&#8220; button_two_border_color__hover_enabled=&#8220;off&#8220; button_border_radius__hover_enabled=&#8220;on&#8220; button_border_radius__hover=&#8220;14px&#8220; button_one_border_radius__hover_enabled=&#8220;off&#8220; button_two_border_radius__hover_enabled=&#8220;off&#8220; button_letter_spacing__hover_enabled=&#8220;off&#8220; button_one_letter_spacing__hover_enabled=&#8220;off&#8220; button_two_letter_spacing__hover_enabled=&#8220;off&#8220; button_bg_color__hover_enabled=&#8220;off&#8220; button_one_bg_color__hover_enabled=&#8220;off&#8220; button_two_bg_color__hover_enabled=&#8220;off&#8220;][\/et_pb_button][et_pb_button button_url=&#8220;https:\/\/www.kronau.si\/de\/preisliste\/sommer\/&#8220; button_text=&#8220;ZUR\u00dcCK ZUR PREISLISTE&#8220; button_alignment=&#8220;center&#8220; admin_label=&#8220;Button &#8211; ZUR\u00dcCK ZUR PREISLISTE&#8220; _builder_version=&#8220;4.16&#8243; custom_button=&#8220;on&#8220; button_text_size=&#8220;15px&#8220; button_text_color=&#8220;#6e3a15&#8243; button_border_width=&#8220;1px&#8220; button_border_radius=&#8220;14px&#8220; button_letter_spacing=&#8220;1px&#8220; button_icon=&#8220;&#xe04d;||divi||400&#8243; button_icon_color=&#8220;#6e3a15&#8243; button_icon_placement=&#8220;left&#8220; button_border_radius_hover=&#8220;14px&#8220; global_colors_info=&#8220;{}&#8220; button_text_size__hover_enabled=&#8220;off&#8220; button_one_text_size__hover_enabled=&#8220;off&#8220; button_two_text_size__hover_enabled=&#8220;off&#8220; button_text_color__hover_enabled=&#8220;off&#8220; button_one_text_color__hover_enabled=&#8220;off&#8220; button_two_text_color__hover_enabled=&#8220;off&#8220; button_border_width__hover_enabled=&#8220;off&#8220; button_one_border_width__hover_enabled=&#8220;off&#8220; button_two_border_width__hover_enabled=&#8220;off&#8220; button_border_color__hover_enabled=&#8220;off&#8220; button_one_border_color__hover_enabled=&#8220;off&#8220; button_two_border_color__hover_enabled=&#8220;off&#8220; button_border_radius__hover_enabled=&#8220;on&#8220; button_border_radius__hover=&#8220;14px&#8220; button_one_border_radius__hover_enabled=&#8220;off&#8220; button_two_border_radius__hover_enabled=&#8220;off&#8220; button_letter_spacing__hover_enabled=&#8220;off&#8220; button_one_letter_spacing__hover_enabled=&#8220;off&#8220; button_two_letter_spacing__hover_enabled=&#8220;off&#8220; button_bg_color__hover_enabled=&#8220;off&#8220; button_one_bg_color__hover_enabled=&#8220;off&#8220; button_two_bg_color__hover_enabled=&#8220;off&#8220;][\/et_pb_button][et_pb_text admin_label=&#8220;Text &#8211; Allgemeine Gesch\u00e4ftsbedingungen&#8220; _builder_version=&#8220;4.16&#8243; text_font_size=&#8220;12px&#8220; background_size=&#8220;initial&#8220; background_position=&#8220;top_left&#8220; background_repeat=&#8220;repeat&#8220; text_orientation=&#8220;center&#8220; module_alignment=&#8220;center&#8220; custom_margin=&#8220;||-10px|&#8220; custom_padding=&#8220;||-10px|&#8220; border_style=&#8220;solid&#8220; global_colors_info=&#8220;{}&#8220;]<\/p>\n<p style=\"text-align: center;\"><span style=\"text-decoration: underline;\"><span style=\"font-size: medium;\"><a href=\"https:\/\/www.kronau.si\/de\/preisliste\/allgemeine-geschaeftsbedingungen\/\" target=\"_blank\" rel=\"noopener noreferrer\">Allgemeine Gesch\u00e4ftsbedingungen<\/a><\/span><\/span><\/p>\n<p>[\/et_pb_text][\/et_pb_column][\/et_pb_row][\/et_pb_section][et_pb_section fb_built=&#8220;1&#8243; custom_padding_last_edited=&#8220;on|desktop&#8220; _builder_version=&#8220;4.16&#8243; background_color=&#8220;rgba(255,255,255,0)&#8220; custom_padding_tablet=&#8220;50px|0|50px|0&#8243; custom_padding_phone=&#8220;&#8220; transparent_background=&#8220;on&#8220; padding_mobile=&#8220;off&#8220; global_colors_info=&#8220;{}&#8220;][et_pb_row padding_mobile=&#8220;off&#8220; column_padding_mobile=&#8220;on&#8220; _builder_version=&#8220;4.16&#8243; background_size=&#8220;initial&#8220; background_position=&#8220;top_left&#8220; background_repeat=&#8220;repeat&#8220; global_colors_info=&#8220;{}&#8220;][et_pb_column type=&#8220;4_4&#8243; _builder_version=&#8220;4.16&#8243; custom_padding=&#8220;|||&#8220; global_colors_info=&#8220;{}&#8220; custom_padding__hover=&#8220;|||&#8220;][et_pb_image src=&#8220;https:\/\/www.kronau.si\/wp-content\/uploads\/2017\/04\/logo-kronau1.png&#8220; align=&#8220;center&#8220; align_tablet=&#8220;center&#8220; align_phone=&#8220;&#8220; align_last_edited=&#8220;on|desktop&#8220; _builder_version=&#8220;4.16&#8243; animation_style=&#8220;slide&#8220; animation_direction=&#8220;left&#8220; animation_duration=&#8220;500ms&#8220; animation_intensity_slide=&#8220;10%&#8220; use_border_color=&#8220;off&#8220; border_color=&#8220;#ffffff&#8220; border_width=&#8220;1px&#8220; border_style=&#8220;solid&#8220; sticky=&#8220;off&#8220; global_colors_info=&#8220;{}&#8220;][\/et_pb_image][et_pb_blurb admin_label=&#8220;Blurb &#8211; naslov footer SLO&#8220; _builder_version=&#8220;4.16&#8243; background_size=&#8220;initial&#8220; background_position=&#8220;top_left&#8220; background_repeat=&#8220;repeat&#8220; text_orientation=&#8220;center&#8220; use_border_color=&#8220;off&#8220; border_color=&#8220;#ffffff&#8220; border_width=&#8220;1px&#8220; border_style=&#8220;solid&#8220; global_colors_info=&#8220;{}&#8220;]<\/p>\n<div class=\"contact\">\n<p><strong>Kronau Chalet Resort<\/strong><br \/>\nSI-4280 Kranjska gora | Bezje 19 &#8211; 24 | Slovenija | Evropa<\/p>\n<\/div>\n<p>Telefon: +386(0)51 356 179 | Fax: +386(0)83807451<br \/>\n<a class=\"email\" href=\"mailto:info@kronau.si\">info@kronau.si<\/a><br \/>\n[\/et_pb_blurb][\/et_pb_column][\/et_pb_row][\/et_pb_section]<\/p>\n","protected":false},"excerpt":{"rendered":"<p>&nbsp; SOMMER &#8222;bis zu 3 personen&#8220; ( 24.04. \u2013 12.06.; 13.09. \u2013 04.10. ) 2 N\u00e4chte ( 286 \u20ac ) 143 \u20ac 3 N\u00e4chte ( 393 \u20ac ) 131 \u20ac 4 do 6 ( pro Nacht ) 126 \u20ac 7+ ( pro Nacht ) 119 \u20ac Woche 833 \u20ac ( 13.06. \u2013 19.06.; 06.09. \u2013 [&hellip;]<\/p>\n","protected":false},"author":1,"featured_media":0,"parent":3944,"menu_order":1,"comment_status":"closed","ping_status":"closed","template":"","meta":{"_et_pb_use_builder":"on","_et_pb_old_content":"","_et_gb_content_width":"","footnotes":""},"class_list":["post-3947","page","type-page","status-publish","hentry"],"aioseo_notices":[],"_links":{"self":[{"href":"https:\/\/www.kronau.si\/de\/wp-json\/wp\/v2\/pages\/3947","targetHints":{"allow":["GET"]}}],"collection":[{"href":"https:\/\/www.kronau.si\/de\/wp-json\/wp\/v2\/pages"}],"about":[{"href":"https:\/\/www.kronau.si\/de\/wp-json\/wp\/v2\/types\/page"}],"author":[{"embeddable":true,"href":"https:\/\/www.kronau.si\/de\/wp-json\/wp\/v2\/users\/1"}],"replies":[{"embeddable":true,"href":"https:\/\/www.kronau.si\/de\/wp-json\/wp\/v2\/comments?post=3947"}],"version-history":[{"count":18,"href":"https:\/\/www.kronau.si\/de\/wp-json\/wp\/v2\/pages\/3947\/revisions"}],"predecessor-version":[{"id":7385,"href":"https:\/\/www.kronau.si\/de\/wp-json\/wp\/v2\/pages\/3947\/revisions\/7385"}],"up":[{"embeddable":true,"href":"https:\/\/www.kronau.si\/de\/wp-json\/wp\/v2\/pages\/3944"}],"wp:attachment":[{"href":"https:\/\/www.kronau.si\/de\/wp-json\/wp\/v2\/media?parent=3947"}],"curies":[{"name":"wp","href":"https:\/\/api.w.org\/{rel}","templated":true}]}}