{"id":3932,"date":"2017-10-12T10:07:32","date_gmt":"2017-10-12T09:07:32","guid":{"rendered":"https:\/\/www.kronau.si\/cenik\/zima\/cenik-zima-3-osebe\/"},"modified":"2026-04-07T14:10:08","modified_gmt":"2026-04-07T12:10:08","slug":"preisliste-winter-3-personen","status":"publish","type":"page","link":"https:\/\/www.kronau.si\/de\/preisliste\/winter\/preisliste-winter-3-personen\/","title":{"rendered":"Preisliste winter 3 personen"},"content":{"rendered":"<p>[et_pb_section fb_built=&#8220;1&#8243; custom_padding_last_edited=&#8220;on|desktop&#8220; admin_label=&#8220;section&#8220; _builder_version=&#8220;4.16&#8243; background_color=&#8220;#faf4e8&#8243; custom_padding_tablet=&#8220;50px|0|50px|0&#8243; custom_padding_phone=&#8220;&#8220; transparent_background=&#8220;off&#8220; padding_mobile=&#8220;off&#8220; global_colors_info=&#8220;{}&#8220;][et_pb_row padding_mobile=&#8220;off&#8220; column_padding_mobile=&#8220;on&#8220; admin_label=&#8220;row&#8220; _builder_version=&#8220;4.16&#8243; background_size=&#8220;initial&#8220; background_position=&#8220;top_left&#8220; background_repeat=&#8220;repeat&#8220; global_colors_info=&#8220;{}&#8220;][et_pb_column type=&#8220;4_4&#8243; _builder_version=&#8220;4.16&#8243; custom_padding=&#8220;|||&#8220; global_colors_info=&#8220;{}&#8220; custom_padding__hover=&#8220;|||&#8220;][et_pb_text admin_label=&#8220;Text &#8211; WINTER %22bis zu 3 personen%22&#8243; _builder_version=&#8220;4.16&#8243; text_font=&#8220;Open Sans||||&#8220; text_font_size=&#8220;30&#8243; header_font=&#8220;Open Sans||||&#8220; background_size=&#8220;initial&#8220; background_position=&#8220;top_left&#8220; background_repeat=&#8220;repeat&#8220; border_style=&#8220;solid&#8220; global_colors_info=&#8220;{}&#8220;]<\/p>\n<p style=\"text-align: center;\"><img loading=\"lazy\" decoding=\"async\" class=\"alignnone size-full wp-image-136\" src=\"https:\/\/www.kronau.si\/wp-content\/uploads\/2014\/03\/flower-kronau-hiske.png\" alt=\"flower-kronau hiske\" width=\"27\" height=\"24\" \/>\u00a0 WINTER &#8222;bis zu 3 personen&#8220;<\/p>\n<p>[\/et_pb_text][et_pb_blurb title=&#8220;Chalet Bled&#8220; image=&#8220;https:\/\/www.kronau.si\/wp-content\/uploads\/2017\/10\/his\u030cka-kronau-6.png&#8220; _builder_version=&#8220;4.16&#8243; header_font_size=&#8220;26px&#8220; background_size=&#8220;initial&#8220; background_position=&#8220;top_left&#8220; background_repeat=&#8220;repeat&#8220; text_orientation=&#8220;center&#8220; max_width_tablet=&#8220;50px&#8220; custom_margin=&#8220;|||&#8220; custom_padding=&#8220;|||&#8220; border_style=&#8220;solid&#8220; global_colors_info=&#8220;{}&#8220;][\/et_pb_blurb][\/et_pb_column][\/et_pb_row][et_pb_row column_structure=&#8220;1_4,1_4,1_4,1_4&#8243; padding_mobile=&#8220;off&#8220; column_padding_mobile=&#8220;on&#8220; _builder_version=&#8220;4.16&#8243; background_size=&#8220;initial&#8220; background_position=&#8220;top_left&#8220; background_repeat=&#8220;repeat&#8220; global_colors_info=&#8220;{}&#8220;][et_pb_column type=&#8220;1_4&#8243; _builder_version=&#8220;4.16&#8243; custom_padding=&#8220;|||&#8220; global_colors_info=&#8220;{}&#8220; custom_padding__hover=&#8220;|||&#8220;][et_pb_blurb title=&#8220;* saison C&#8220; admin_label=&#8220;DATUM &#8211; * saison C&#8220; _builder_version=&#8220;4.27.6&#8243; body_font_size=&#8220;12px&#8220; background_size=&#8220;initial&#8220; background_position=&#8220;top_left&#8220; background_repeat=&#8220;repeat&#8220; text_orientation=&#8220;center&#8220; hover_enabled=&#8220;0&#8243; global_module=&#8220;7062&#8243; saved_tabs=&#8220;all&#8220; global_colors_info=&#8220;{}&#8220; sticky_enabled=&#8220;0&#8243;]( 27.11. \u2013 10.12.; 01.04. \u2013 22.04. )\u00a0\u00a0[\/et_pb_blurb][et_pb_blurb admin_label=&#8220;FORMA DE&#8220; _builder_version=&#8220;4.27.6&#8243; background_size=&#8220;initial&#8220; background_position=&#8220;top_left&#8220; background_repeat=&#8220;repeat&#8220; text_orientation=&#8220;center&#8220; hover_enabled=&#8220;0&#8243; global_colors_info=&#8220;{}&#8220; sticky_enabled=&#8220;0&#8243;]<\/p>\n<p>2 N\u00e4chte ( 276 \u20ac ) <strong style=\"color: #791e1c;\">138 \u20ac<\/strong><br \/>3 N\u00e4chte ( 381 \u20ac ) <strong style=\"color: #791e1c;\">127 \u20ac<\/strong><br \/>4\u20136 ( pro Nacht ) <strong style=\"color: #791e1c;\">122 \u20ac<\/strong><br \/>7+ ( pro Nacht ) <strong style=\"color: #791e1c;\">115 \u20ac<\/strong><\/p>\n<p>Woche <strong style=\"color: #791e1c;\">805 \u20ac<\/strong><\/p>\n<p>[\/et_pb_blurb][\/et_pb_column][et_pb_column type=&#8220;1_4&#8243; _builder_version=&#8220;4.16&#8243; custom_padding=&#8220;|||&#8220; global_colors_info=&#8220;{}&#8220; custom_padding__hover=&#8220;|||&#8220;][et_pb_blurb title=&#8220;** saison B&#8220; admin_label=&#8220;DATUM &#8211; ** saison B&#8220; _builder_version=&#8220;4.27.6&#8243; body_font_size=&#8220;12px&#8220; background_size=&#8220;initial&#8220; background_position=&#8220;top_left&#8220; background_repeat=&#8220;repeat&#8220; text_orientation=&#8220;center&#8220; hover_enabled=&#8220;0&#8243; global_module=&#8220;7063&#8243; saved_tabs=&#8220;all&#8220; global_colors_info=&#8220;{}&#8220; sticky_enabled=&#8220;0&#8243;]( 11.12. \u2013 17.12.; 10.01. \u2013 05.02.; 28.02. \u2013 20.03. )[\/et_pb_blurb][et_pb_blurb admin_label=&#8220;FORMA DE&#8220; _builder_version=&#8220;4.27.6&#8243; background_size=&#8220;initial&#8220; background_position=&#8220;top_left&#8220; background_repeat=&#8220;repeat&#8220; text_orientation=&#8220;center&#8220; hover_enabled=&#8220;0&#8243; global_colors_info=&#8220;{}&#8220; sticky_enabled=&#8220;0&#8243;]<\/p>\n<p>2 N\u00e4chte ( 308 \u20ac ) <strong style=\"color: #791e1c;\">154 \u20ac<\/strong><br \/>3 N\u00e4chte ( 432 \u20ac ) <strong style=\"color: #791e1c;\">141 \u20ac<\/strong><br \/>4\u20136 ( pro Nacht ) <strong style=\"color: #791e1c;\">136 \u20ac<\/strong><br \/>7+ ( pro Nacht ) <strong style=\"color: #791e1c;\">128 \u20ac<\/strong><\/p>\n<p>Woche <strong style=\"color: #791e1c;\">896 \u20ac<\/strong><\/p>\n<p>[\/et_pb_blurb][\/et_pb_column][et_pb_column type=&#8220;1_4&#8243; _builder_version=&#8220;4.16&#8243; custom_padding=&#8220;|||&#8220; global_colors_info=&#8220;{}&#8220; custom_padding__hover=&#8220;|||&#8220;][et_pb_blurb title=&#8220;** saison B+&#8220; admin_label=&#8220;DATUM &#8211; ** saison B+&#8220; _builder_version=&#8220;4.27.6&#8243; body_font_size=&#8220;12px&#8220; background_size=&#8220;initial&#8220; background_position=&#8220;top_left&#8220; background_repeat=&#8220;repeat&#8220; text_orientation=&#8220;center&#8220; hover_enabled=&#8220;0&#8243; global_module=&#8220;7064&#8243; saved_tabs=&#8220;all&#8220; global_colors_info=&#8220;{}&#8220; sticky_enabled=&#8220;0&#8243;]( 03.01. \u2013 09.01.; 06.02. \u2013 27.02. )\u00a0[\/et_pb_blurb][et_pb_blurb admin_label=&#8220;FORMA DE&#8220; _builder_version=&#8220;4.27.6&#8243; background_size=&#8220;initial&#8220; background_position=&#8220;top_left&#8220; background_repeat=&#8220;repeat&#8220; text_orientation=&#8220;center&#8220; hover_enabled=&#8220;0&#8243; global_colors_info=&#8220;{}&#8220; sticky_enabled=&#8220;0&#8243;]<\/p>\n<p>2 N\u00e4chte ( 448 \u20ac ) <strong style=\"color: #791e1c;\">224 \u20ac<\/strong><br \/>3 N\u00e4chte ( 591 \u20ac ) <strong style=\"color: #791e1c;\">197 \u20ac<\/strong><br \/>4\u20136 ( pro Nacht ) <strong style=\"color: #791e1c;\">177 \u20ac<\/strong><br \/>7+ ( pro Nacht ) <strong style=\"color: #791e1c;\">167 \u20ac<\/strong><\/p>\n<p>Woche <strong style=\"color: #791e1c;\">1169 \u20ac<\/strong><\/p>\n<p>[\/et_pb_blurb][\/et_pb_column][et_pb_column type=&#8220;1_4&#8243; _builder_version=&#8220;4.16&#8243; custom_padding=&#8220;|||&#8220; global_colors_info=&#8220;{}&#8220; custom_padding__hover=&#8220;|||&#8220;][et_pb_blurb title=&#8220;*** saison A&#8220; admin_label=&#8220;DATUM &#8211; *** saison A&#8220; _builder_version=&#8220;4.27.6&#8243; body_font_size=&#8220;12px&#8220; background_size=&#8220;initial&#8220; background_position=&#8220;top_left&#8220; background_repeat=&#8220;repeat&#8220; text_orientation=&#8220;center&#8220; hover_enabled=&#8220;0&#8243; global_module=&#8220;7067&#8243; global_colors_info=&#8220;{}&#8220; sticky_enabled=&#8220;0&#8243;]( 18.12. \u2013 02.01.; 21.03. \u2013 31.03. )[\/et_pb_blurb][et_pb_blurb admin_label=&#8220;FORMA DE&#8220; _builder_version=&#8220;4.27.6&#8243; background_size=&#8220;initial&#8220; background_position=&#8220;top_left&#8220; background_repeat=&#8220;repeat&#8220; text_orientation=&#8220;center&#8220; hover_enabled=&#8220;0&#8243; global_colors_info=&#8220;{}&#8220; sticky_enabled=&#8220;0&#8243;]<\/p>\n<p>2 N\u00e4chte ( 516 \u20ac ) <strong style=\"color: #791e1c;\">258 \u20ac<\/strong><br \/>3 N\u00e4chte ( 642 \u20ac ) <strong style=\"color: #791e1c;\">214 \u20ac<\/strong><br \/>4\u20136 ( pro Nacht ) <strong style=\"color: #791e1c;\">202 \u20ac<\/strong><br \/>7+ ( pro Nacht ) <strong style=\"color: #791e1c;\">192 \u20ac<\/strong><\/p>\n<p>Woche <strong style=\"color: #791e1c;\">1344 \u20ac<\/strong><\/p>\n<p>[\/et_pb_blurb][\/et_pb_column][\/et_pb_row][et_pb_row padding_mobile=&#8220;off&#8220; column_padding_mobile=&#8220;on&#8220; _builder_version=&#8220;4.16&#8243; background_size=&#8220;initial&#8220; background_position=&#8220;top_left&#8220; background_repeat=&#8220;repeat&#8220; global_colors_info=&#8220;{}&#8220;][et_pb_column type=&#8220;4_4&#8243; _builder_version=&#8220;4.16&#8243; custom_padding=&#8220;|||&#8220; global_colors_info=&#8220;{}&#8220; custom_padding__hover=&#8220;|||&#8220;][et_pb_text admin_label=&#8220;Text &#8211; ANMERKUNG&#8220; _builder_version=&#8220;4.16&#8243; background_size=&#8220;initial&#8220; background_position=&#8220;top_left&#8220; background_repeat=&#8220;repeat&#8220; border_style=&#8220;solid&#8220; global_colors_info=&#8220;{}&#8220;]<strong>ANMERKUNG: <\/strong> Jede weitere Person bei mehr als 3 Personen (bzw. bei mehr als 4 Personen in der Saison A und in der Saison B+) zahlt 20 \u20ac + Ortstaxe pro Nacht. \u00a0In der Saison A und B+ erh\u00f6ht sich die in der Preisliste aufgef\u00fchrte erlaubte Personenanzahl auf 4 Personen. Die maximale Belegung betr\u00e4gt 5 Personen. F\u00fcr die Zuzahlungen pr\u00fcfen Sie die Preisliste. Wir behalten uns das Recht vor, die Einheiten gegebenenfalls untereinander zu tauschen.<br \/>\n[\/et_pb_text][\/et_pb_column][\/et_pb_row][et_pb_row padding_mobile=&#8220;off&#8220; column_padding_mobile=&#8220;on&#8220; _builder_version=&#8220;4.16&#8243; background_size=&#8220;initial&#8220; background_position=&#8220;top_left&#8220; background_repeat=&#8220;repeat&#8220; global_colors_info=&#8220;{}&#8220;][et_pb_column type=&#8220;4_4&#8243; _builder_version=&#8220;4.16&#8243; custom_padding=&#8220;|||&#8220; global_colors_info=&#8220;{}&#8220; custom_padding__hover=&#8220;|||&#8220;][et_pb_button button_url=&#8220;https:\/\/www.kronau.si\/de\/anfrage\/&#8220; button_text=&#8220;BUCHUNGSANFRAGE&#8220; button_alignment=&#8220;center&#8220; admin_label=&#8220;Button &#8211; BUCHUNGSANFRAGE&#8220; _builder_version=&#8220;4.16&#8243; custom_button=&#8220;on&#8220; button_text_size=&#8220;15px&#8220; button_text_color=&#8220;#6e3a15&#8243; button_border_width=&#8220;1px&#8220; button_border_radius=&#8220;14px&#8220; button_letter_spacing=&#8220;1px&#8220; button_icon=&#8220;&#x6c;||divi||400&#8243; button_icon_color=&#8220;#6e3a15&#8243; button_border_radius_hover=&#8220;14px&#8220; global_colors_info=&#8220;{}&#8220; button_text_size__hover_enabled=&#8220;off&#8220; button_one_text_size__hover_enabled=&#8220;off&#8220; button_two_text_size__hover_enabled=&#8220;off&#8220; button_text_color__hover_enabled=&#8220;off&#8220; button_one_text_color__hover_enabled=&#8220;off&#8220; button_two_text_color__hover_enabled=&#8220;off&#8220; button_border_width__hover_enabled=&#8220;off&#8220; button_one_border_width__hover_enabled=&#8220;off&#8220; button_two_border_width__hover_enabled=&#8220;off&#8220; button_border_color__hover_enabled=&#8220;off&#8220; button_one_border_color__hover_enabled=&#8220;off&#8220; button_two_border_color__hover_enabled=&#8220;off&#8220; button_border_radius__hover_enabled=&#8220;on&#8220; button_border_radius__hover=&#8220;14px&#8220; button_one_border_radius__hover_enabled=&#8220;off&#8220; button_two_border_radius__hover_enabled=&#8220;off&#8220; button_letter_spacing__hover_enabled=&#8220;off&#8220; button_one_letter_spacing__hover_enabled=&#8220;off&#8220; button_two_letter_spacing__hover_enabled=&#8220;off&#8220; button_bg_color__hover_enabled=&#8220;off&#8220; button_one_bg_color__hover_enabled=&#8220;off&#8220; button_two_bg_color__hover_enabled=&#8220;off&#8220;][\/et_pb_button][et_pb_button button_url=&#8220;https:\/\/www.kronau.si\/de\/preisliste\/winter\/&#8220; button_text=&#8220;ZUR\u00dcCK ZUR PREISLISTE&#8220; button_alignment=&#8220;center&#8220; admin_label=&#8220;Button &#8211; ZUR\u00dcCK ZUR PREISLISTE&#8220; _builder_version=&#8220;4.16&#8243; custom_button=&#8220;on&#8220; button_text_size=&#8220;15px&#8220; button_text_color=&#8220;#6e3a15&#8243; button_border_width=&#8220;1px&#8220; button_border_radius=&#8220;14px&#8220; button_letter_spacing=&#8220;1px&#8220; button_icon=&#8220;&#xe04d;||divi||400&#8243; button_icon_color=&#8220;#6e3a15&#8243; button_icon_placement=&#8220;left&#8220; button_border_radius_hover=&#8220;14px&#8220; global_colors_info=&#8220;{}&#8220; button_text_size__hover_enabled=&#8220;off&#8220; button_one_text_size__hover_enabled=&#8220;off&#8220; button_two_text_size__hover_enabled=&#8220;off&#8220; button_text_color__hover_enabled=&#8220;off&#8220; button_one_text_color__hover_enabled=&#8220;off&#8220; button_two_text_color__hover_enabled=&#8220;off&#8220; button_border_width__hover_enabled=&#8220;off&#8220; button_one_border_width__hover_enabled=&#8220;off&#8220; button_two_border_width__hover_enabled=&#8220;off&#8220; button_border_color__hover_enabled=&#8220;off&#8220; button_one_border_color__hover_enabled=&#8220;off&#8220; button_two_border_color__hover_enabled=&#8220;off&#8220; button_border_radius__hover_enabled=&#8220;on&#8220; button_border_radius__hover=&#8220;14px&#8220; button_one_border_radius__hover_enabled=&#8220;off&#8220; button_two_border_radius__hover_enabled=&#8220;off&#8220; button_letter_spacing__hover_enabled=&#8220;off&#8220; button_one_letter_spacing__hover_enabled=&#8220;off&#8220; button_two_letter_spacing__hover_enabled=&#8220;off&#8220; button_bg_color__hover_enabled=&#8220;off&#8220; button_one_bg_color__hover_enabled=&#8220;off&#8220; button_two_bg_color__hover_enabled=&#8220;off&#8220;][\/et_pb_button][et_pb_text admin_label=&#8220;Text &#8211; Allgemeine Gesch\u00e4ftsbedingungen&#8220; _builder_version=&#8220;4.16&#8243; text_font_size=&#8220;12px&#8220; background_size=&#8220;initial&#8220; background_position=&#8220;top_left&#8220; background_repeat=&#8220;repeat&#8220; text_orientation=&#8220;center&#8220; module_alignment=&#8220;center&#8220; custom_margin=&#8220;||-10px|&#8220; custom_padding=&#8220;||-10px|&#8220; border_style=&#8220;solid&#8220; global_colors_info=&#8220;{}&#8220;]<\/p>\n<p style=\"text-align: center;\"><span style=\"text-decoration: underline;\"><span style=\"font-size: medium;\"><a href=\"https:\/\/www.kronau.si\/de\/preisliste\/allgemeine-geschaeftsbedingungen\/\" target=\"_blank\" rel=\"noopener noreferrer\">Allgemeine Gesch\u00e4ftsbedingungen<\/a><\/span><\/span><\/p>\n<p>[\/et_pb_text][\/et_pb_column][\/et_pb_row][\/et_pb_section][et_pb_section fb_built=&#8220;1&#8243; custom_padding_last_edited=&#8220;on|desktop&#8220; _builder_version=&#8220;4.16&#8243; background_color=&#8220;rgba(255,255,255,0)&#8220; custom_padding_tablet=&#8220;50px|0|50px|0&#8243; custom_padding_phone=&#8220;&#8220; transparent_background=&#8220;on&#8220; padding_mobile=&#8220;off&#8220; global_colors_info=&#8220;{}&#8220;][et_pb_row padding_mobile=&#8220;off&#8220; column_padding_mobile=&#8220;on&#8220; _builder_version=&#8220;4.16&#8243; background_size=&#8220;initial&#8220; background_position=&#8220;top_left&#8220; background_repeat=&#8220;repeat&#8220; global_colors_info=&#8220;{}&#8220;][et_pb_column type=&#8220;4_4&#8243; _builder_version=&#8220;4.16&#8243; custom_padding=&#8220;|||&#8220; global_colors_info=&#8220;{}&#8220; custom_padding__hover=&#8220;|||&#8220;][et_pb_image src=&#8220;https:\/\/www.kronau.si\/wp-content\/uploads\/2017\/04\/logo-kronau1.png&#8220; align=&#8220;center&#8220; align_tablet=&#8220;center&#8220; align_phone=&#8220;&#8220; align_last_edited=&#8220;on|desktop&#8220; _builder_version=&#8220;4.16&#8243; animation_style=&#8220;slide&#8220; animation_direction=&#8220;left&#8220; animation_duration=&#8220;500ms&#8220; animation_intensity_slide=&#8220;10%&#8220; sticky=&#8220;off&#8220; global_colors_info=&#8220;{}&#8220;][\/et_pb_image][et_pb_blurb admin_label=&#8220;Blurb &#8211; naslov footer SLO&#8220; _builder_version=&#8220;4.16&#8243; background_size=&#8220;initial&#8220; background_position=&#8220;top_left&#8220; background_repeat=&#8220;repeat&#8220; text_orientation=&#8220;center&#8220; global_colors_info=&#8220;{}&#8220;]<\/p>\n<div class=\"contact\">\n<p><strong>Kronau Chalet Resort<\/strong><br \/>\nSI-4280 Kranjska gora | Bezje 19 &#8211; 24 | Slovenija | Evropa<\/p>\n<\/div>\n<p>Telefon: +386(0)51 356 179 | Fax: +386(0)83807451<br \/>\n<a class=\"email\" href=\"mailto:info@kronau.si\">info@kronau.si<\/a><br \/>\n[\/et_pb_blurb][\/et_pb_column][\/et_pb_row][\/et_pb_section]<\/p>\n","protected":false},"excerpt":{"rendered":"<p>\u00a0 WINTER &#8222;bis zu 3 personen&#8220; ( 27.11. \u2013 10.12.; 01.04. \u2013 22.04. )\u00a0\u00a02 N\u00e4chte ( 276 \u20ac ) 138 \u20ac3 N\u00e4chte ( 381 \u20ac ) 127 \u20ac4\u20136 ( pro Nacht ) 122 \u20ac7+ ( pro Nacht ) 115 \u20ac Woche 805 \u20ac( 11.12. \u2013 17.12.; 10.01. \u2013 05.02.; 28.02. \u2013 20.03. )2 N\u00e4chte ( [&hellip;]<\/p>\n","protected":false},"author":1,"featured_media":0,"parent":3929,"menu_order":1,"comment_status":"closed","ping_status":"closed","template":"","meta":{"_et_pb_use_builder":"on","_et_pb_old_content":"","_et_gb_content_width":"","footnotes":""},"class_list":["post-3932","page","type-page","status-publish","hentry"],"aioseo_notices":[],"_links":{"self":[{"href":"https:\/\/www.kronau.si\/de\/wp-json\/wp\/v2\/pages\/3932","targetHints":{"allow":["GET"]}}],"collection":[{"href":"https:\/\/www.kronau.si\/de\/wp-json\/wp\/v2\/pages"}],"about":[{"href":"https:\/\/www.kronau.si\/de\/wp-json\/wp\/v2\/types\/page"}],"author":[{"embeddable":true,"href":"https:\/\/www.kronau.si\/de\/wp-json\/wp\/v2\/users\/1"}],"replies":[{"embeddable":true,"href":"https:\/\/www.kronau.si\/de\/wp-json\/wp\/v2\/comments?post=3932"}],"version-history":[{"count":29,"href":"https:\/\/www.kronau.si\/de\/wp-json\/wp\/v2\/pages\/3932\/revisions"}],"predecessor-version":[{"id":7435,"href":"https:\/\/www.kronau.si\/de\/wp-json\/wp\/v2\/pages\/3932\/revisions\/7435"}],"up":[{"embeddable":true,"href":"https:\/\/www.kronau.si\/de\/wp-json\/wp\/v2\/pages\/3929"}],"wp:attachment":[{"href":"https:\/\/www.kronau.si\/de\/wp-json\/wp\/v2\/media?parent=3932"}],"curies":[{"name":"wp","href":"https:\/\/api.w.org\/{rel}","templated":true}]}}