{"id":3926,"date":"2017-04-24T11:06:39","date_gmt":"2017-04-24T10:06:39","guid":{"rendered":"https:\/\/www.kronau.si\/cenik\/splosni-pogoji-2\/"},"modified":"2024-04-02T09:55:52","modified_gmt":"2024-04-02T07:55:52","slug":"allgemeine-geschaeftsbedingungen","status":"publish","type":"page","link":"https:\/\/www.kronau.si\/de\/preisliste\/allgemeine-geschaeftsbedingungen\/","title":{"rendered":"Allgemeine gesch\u00e4ftsbedingungen"},"content":{"rendered":"<p>[et_pb_section fb_built=&#8220;1&#8243; custom_padding_last_edited=&#8220;on|desktop&#8220; _builder_version=&#8220;4.16&#8243; background_color=&#8220;#faf4e8&#8243; custom_padding_tablet=&#8220;50px|0|50px|0&#8243; custom_padding_phone=&#8220;&#8220; transparent_background=&#8220;off&#8220; padding_mobile=&#8220;off&#8220; global_colors_info=&#8220;{}&#8220;][et_pb_row padding_mobile=&#8220;off&#8220; column_padding_mobile=&#8220;on&#8220; admin_label=&#8220;row&#8220; _builder_version=&#8220;4.16&#8243; background_size=&#8220;initial&#8220; background_position=&#8220;top_left&#8220; background_repeat=&#8220;repeat&#8220; global_colors_info=&#8220;{}&#8220;][et_pb_column type=&#8220;4_4&#8243; _builder_version=&#8220;4.16&#8243; custom_padding=&#8220;|||&#8220; global_colors_info=&#8220;{}&#8220; custom_padding__hover=&#8220;|||&#8220;][et_pb_text admin_label=&#8220;Text &#8211; Vse potrebne informacije flower-kronau hiske Splo\u0161ni pogoji&#8220; _builder_version=&#8220;4.16&#8243; background_size=&#8220;initial&#8220; background_position=&#8220;top_left&#8220; background_repeat=&#8220;repeat&#8220; text_orientation=&#8220;center&#8220; module_alignment=&#8220;center&#8220; border_style=&#8220;solid&#8220; global_colors_info=&#8220;{}&#8220;]<\/p>\n<h2 style=\"text-align: center;\">Allgemeine  <a href=\"https:\/\/www.kronau.si\/wp-content\/uploads\/2014\/03\/flower-kronau-hiske.png\"><img loading=\"lazy\" decoding=\"async\" class=\"alignnone size-full wp-image-136\" src=\"https:\/\/www.kronau.si\/wp-content\/uploads\/2014\/03\/flower-kronau-hiske.png\" alt=\"flower-kronau hiske\" width=\"27\" height=\"24\" \/><\/a>\u00a0 Gesch\u00e4ftsbedingungen<\/h2>\n<p>[\/et_pb_text][et_pb_divider show_divider=&#8220;off&#8220; disabled_on=&#8220;on|on|off&#8220; _builder_version=&#8220;4.16&#8243; height=&#8220;5px&#8220; hide_on_mobile=&#8220;on&#8220; global_colors_info=&#8220;{}&#8220;][\/et_pb_divider][\/et_pb_column][\/et_pb_row][et_pb_row padding_mobile=&#8220;on&#8220; column_padding_mobile=&#8220;on&#8220; _builder_version=&#8220;4.16&#8243; background_color=&#8220;#ffffff&#8220; background_size=&#8220;initial&#8220; background_position=&#8220;top_left&#8220; background_repeat=&#8220;repeat&#8220; custom_margin=&#8220;|||&#8220; custom_padding=&#8220;30px|30px|30px|86px&#8220; use_custom_width=&#8220;on&#8220; global_colors_info=&#8220;{}&#8220;][et_pb_column type=&#8220;4_4&#8243; _builder_version=&#8220;4.16&#8243; background_color=&#8220;#ffffff&#8220; custom_padding=&#8220;|||&#8220; global_colors_info=&#8220;{}&#8220; custom_padding__hover=&#8220;|||&#8220;][et_pb_text admin_label=&#8220;Text &#8211; ALLGEMEINE GESCH\u00c4FTSBEDINGUNGEN (AGBs)&#8220; _builder_version=&#8220;4.24.0&#8243; background_size=&#8220;initial&#8220; background_position=&#8220;top_left&#8220; background_repeat=&#8220;repeat&#8220; module_alignment=&#8220;left&#8220; border_style=&#8220;solid&#8220; global_colors_info=&#8220;{}&#8220;]<strong>Kronau Chalet Resort:<\/strong> Unsere kleine Feriensiedlung ist ein privates Objekt mit Ferienh\u00e4usern\/-Wohneinheiten, die Sie mieten k\u00f6nnen. Der Verwalter der Feriensiedlung ist die Firma DEJAN KO\u0160IR S.P., die f\u00fcr die Ausf\u00fchrung ihrer T\u00e4tigkeit alle erforderlichen Genehmigungen und besitzt und deren T\u00e4tigkeit und Haftungsumfang bei allen erforderlichen lokalen und staatlichen Beh\u00f6rden der Republik Slowenien registriert ist.[\/et_pb_text][et_pb_image src=&#8220;https:\/\/www.kronau.si\/wp-content\/uploads\/2014\/03\/test.png&#8220; align=&#8220;center&#8220; align_tablet=&#8220;center&#8220; align_phone=&#8220;&#8220; align_last_edited=&#8220;on|desktop&#8220; _builder_version=&#8220;4.16&#8243; animation_style=&#8220;slide&#8220; animation_direction=&#8220;left&#8220; animation_duration=&#8220;500ms&#8220; animation_intensity_slide=&#8220;10%&#8220; use_border_color=&#8220;off&#8220; border_color=&#8220;#ffffff&#8220; border_width=&#8220;1px&#8220; border_style=&#8220;solid&#8220; sticky=&#8220;off&#8220; global_colors_info=&#8220;{}&#8220;][\/et_pb_image][et_pb_divider show_divider=&#8220;off&#8220; disabled_on=&#8220;on|on|off&#8220; _builder_version=&#8220;4.16&#8243; height=&#8220;5px&#8220; hide_on_mobile=&#8220;on&#8220; global_colors_info=&#8220;{}&#8220;][\/et_pb_divider][et_pb_text admin_label=&#8220;Text &#8211; ALLGEMEINE GESCH\u00c4FTSBEDINGUNGEN (AGBs)&#8220; _builder_version=&#8220;4.24.0&#8243; background_size=&#8220;initial&#8220; background_position=&#8220;top_left&#8220; background_repeat=&#8220;repeat&#8220; module_alignment=&#8220;left&#8220; hover_enabled=&#8220;0&#8243; border_style=&#8220;solid&#8220; global_colors_info=&#8220;{}&#8220; sticky_enabled=&#8220;0&#8243;]<\/p>\n<p style=\"text-align: center;\"><strong style=\"background-color: #ffffff; font-size: large; text-align: center;\">ALLGEMEINE GESCH\u00c4FTSBEDINGUNGEN (AGBs)<\/strong><\/p>\n<p><strong style=\"background-color: #ffffff; font-size: medium; color: #791e1c;\">Preise und Zuzahlungen<\/strong><\/p>\n<p><strong>Die PREISE <\/strong>in unseren Preislisten sind in <strong>Euro (\u20ac) <\/strong>aufgef\u00fchrt<strong>. Die gesetzliche MwSt. von 9,5% ist im Preis inbegriffen.<\/strong> Die Ortstaxe (2,50 \u20ac\/Nacht f\u00fcr Personen ab 18+ Jahren und 1,25 \u20ac f\u00fcr Personen zwischen 7 und 18 Jahren) sowie alle anderen Leistungen<strong> sind nicht im Mietpreis enthalten<\/strong>.<\/p>\n<ul>\n<li>Diese Preise gelten nur, wenn die Buchung auf eine der drei von uns angebotenen Buchungsarten direkt mit uns abgeschlossen wurde.<\/li>\n<li>Die Preise bzw. der Endpreis kann h\u00f6her sein, wenn die Vermietung \/ Buchung \u00fcber einen anderen Anbieter (Partner) erfolgt, da hier eventuell andere Zuzahlungen, Dienstleistungskosten, zus\u00e4tzliche Provisionen u. \u00c4. hinzugerechnet werden.<\/li>\n<\/ul>\n<p><em>HINWEIS:\u00a0<\/em>Au\u00dfer der m\u00f6glichen Preisabweichung weisen wir Sie auch darauf hin, dass bei einer Buchung \u00fcber andere Anbieter in der Buchungsvereinbarung unter Umst\u00e4nden zus\u00e4tzliche Bedingungen enthalten sein k\u00f6nnen!<\/p>\n<p><strong>ZUZAHLUNGEN<\/strong><\/p>\n<ul>\n<li>Lokale Ortstaxe pro Person\/Nacht: 2,50 \u20ac pro Person 18+ und 1,25 \u20ac f\u00fcr Personen zwischen 7 und 17 Jahren<\/li>\n<li>Jede zus\u00e4tzliche Person, die zur angegebenen Personenzahl hinzukommt, zahlt einen Aufpreis von 20 \u20ac + Ortstaxe pro Nacht<\/li>\n<li>Hund \u2013 nach Vereinbarung; jedoch nur kleinere Haushunde bis 6 kg. Preis:\u00a05 \u20ac \/ Nacht<\/li>\n<li>Ab 10 \u00dcbernachtungen haben Sie die M\u00f6glichkeit, Ihre W\u00e4sche bei uns zu waschen. Preis: 8 \u20ac (der erste Waschgang ist kostenlos)<\/li>\n<li>Endreinigung f\u00fcr einen Kurzaufenthalt von bis zu 3 \u00dcbernachtungen. Preis: 20 \u20ac<\/li>\n<\/ul>\n<p>[\/et_pb_text][et_pb_divider show_divider=&#8220;off&#8220; disabled_on=&#8220;on|on|off&#8220; _builder_version=&#8220;4.16&#8243; height=&#8220;5px&#8220; hide_on_mobile=&#8220;on&#8220; global_colors_info=&#8220;{}&#8220;][\/et_pb_divider][et_pb_text admin_label=&#8220;Text &#8211; Zahlungsbedingungen f\u00fcr die Buchung&#8220; _builder_version=&#8220;4.24.0&#8243; background_size=&#8220;initial&#8220; background_position=&#8220;top_left&#8220; background_repeat=&#8220;repeat&#8220; module_alignment=&#8220;left&#8220; hover_enabled=&#8220;0&#8243; border_style=&#8220;solid&#8220; global_colors_info=&#8220;{}&#8220; sticky_enabled=&#8220;0&#8243;]<\/p>\n<p><strong style=\"background-color: #ffffff; font-size: medium; color: #791e1c;\">Zahlungsbedingungen f\u00fcr die Buchung<\/strong><\/p>\n<ul>\n<li>Option: <u>JETZT BUCHEN <\/u>(<strong>siehe Buchungsvorgang oben im Text<\/strong>):<\/li>\n<\/ul>\n<p>Bei dieser Buchungsart per Kreditkarte wird Ihr Konto \u00fcber das System umgehend mit dem Gesamtbetrag (<strong>100 %)<\/strong> belastet. Die Ortstaxe wird am Abreisetag bar bezahlt.<\/p>\n<ul>\n<li>Option:\u00a0<u>BUCHUNGSANFRAGE<\/u>\u00a0(<strong>siehe Buchungsvorgang oben im Text<\/strong>):<\/li>\n<\/ul>\n<p>Nach der Best\u00e4tigung Ihrer Buchung bzw. des alternativen Angebots werden Sie von uns eine Best\u00e4tigung bzw. eine \u201cvor\u00fcbergehende Buchung\u201c sowie eine Rechnung f\u00fcr die SEPA-\u00dcberweisung (mit IBAN) f\u00fcr die erste Anzahlung in H\u00f6he von <strong>50 % des gesamten Mietbetrags <\/strong>zusammen mit Angabe der der Zahlungsfrist (5 Werktage) erhalten. Sobald die Einzahlung erfolgt ist (d. h. das Geld auf unserem Konto eingegangen ist) erhalten Sie eine offizielle Best\u00e4tigung \u00fcber die get\u00e4tigte Anzahlung und die Buchung. F\u00fcnf Wochen vor Ihrer Anreise schicken wir Ihnen eine 2. Rechnung f\u00fcr eine weitere SEPA-\u00dcberweisung (mit IBAN) f\u00fcr die 2. Anzahlung in H\u00f6he von 20 % (bzw. 50 %, wenn Sie den Gesamtbetrag \u00fcberweisen m\u00f6chten, um die Barzahlung f\u00fcr die restlichen 30 % am Abreisetag zu vermeiden), die bis 4 Wochen vor der Anreise f\u00e4llig sind. Die restlichen<strong> 30 %<\/strong> + die lokale Ortstaxe von 2,50 bzw. 1,25 \u20ac (f\u00fcr Personen zwischen 7-17 Jahren) werden am Tag der Abreise gegen Erhalt der Originalrechnung (hier ist nur Barzahlung m\u00f6glich) beglichen.<\/p>\n<p><em>HINWEIS:<\/em>\u00a0Wenn Sie den Zahlungsverpflichtungen nicht innerhalb der vorgeschriebenen \/ vereinbarten Frist nachkommen (au\u00dfer, wenn es anders vereinbart wurde), betrachten wir dies als R\u00fccktritt von der Buchung. Ihre Buchung wird ab diesem Moment NICHTIG. Mehr dazu weiter unten im Text unter <strong>Stornierungspolitik<\/strong>.<\/p>\n<p>Bei sp\u00e4ten Buchungen, die innerhalb von 4 Wochen vor der Anreise erfolgen, stellen wir Ihnen nur <strong>eine Rechnung f\u00fcr die SEPA-\u00dcberweisung (mit IBAN) <\/strong>zur Anzahlung von <strong>70%<\/strong>\u00a0des gesamten Mietbetrags aus. Die Differenz sowie die lokale Ortstaxe werden am Tag der Abreise gegen Erhalt der Endrechnung bar bezahlt.<\/p>\n<ul>\n<li>Option: <u>LAST MINUTE<\/u>,\u00a0(<strong>siehe Buchungsvorgang oben im Text<\/strong>):<\/li>\n<\/ul>\n<p>Der gesamte Betrag (<strong>100%<\/strong>) einschlie\u00dflich Ortstaxe wird gem\u00e4\u00df der Vereinbarung am Abreisetag bar bezahlt.<\/p>\n<p>[\/et_pb_text][et_pb_divider show_divider=&#8220;off&#8220; disabled_on=&#8220;on|on|off&#8220; _builder_version=&#8220;4.16&#8243; height=&#8220;5px&#8220; hide_on_mobile=&#8220;on&#8220; global_colors_info=&#8220;{}&#8220;][\/et_pb_divider][et_pb_text admin_label=&#8220;Text &#8211; SPLO\u0160NI POGOJI &#8211; Kaution&#8220; _builder_version=&#8220;4.16&#8243; background_size=&#8220;initial&#8220; background_position=&#8220;top_left&#8220; background_repeat=&#8220;repeat&#8220; module_alignment=&#8220;left&#8220; border_style=&#8220;solid&#8220; global_colors_info=&#8220;{}&#8220;]<strong style=\"background-color: #ffffff; font-size: medium; color: #791e1c;\">Kaution<\/strong><\/p>\n<p>Zurzeit fordern wir von Ihnen keine Kaution bzw. Geldbetrag als Sicherheit zur Deckung von eventuell verursachten Sch\u00e4den. Aber bei einem (gr\u00f6\u00dferen) Schaden, der vors\u00e4tzlich oder fahrl\u00e4ssig verursacht wurde, werden wir Ihnen den uns entstandenen Verlust in Rechnung stellen. Das Ferienobjekt ist nicht gegen Ihre Handlungen versichert, f\u00fcr die Sie die volle Haftung \u00fcbernehmen. (Die Preise f\u00fcr die besch\u00e4digten Sachen k\u00f6nnen h\u00f6her sein als der eigentliche Einkaufspreis).<br \/>\n[\/et_pb_text][et_pb_divider show_divider=&#8220;off&#8220; disabled_on=&#8220;on|on|off&#8220; _builder_version=&#8220;4.16&#8243; height=&#8220;5px&#8220; hide_on_mobile=&#8220;on&#8220; global_colors_info=&#8220;{}&#8220;][\/et_pb_divider][et_pb_text admin_label=&#8220;Text &#8211; SPLO\u0160NI POGOJI &#8211; Stornierungspolitik&#8220; _builder_version=&#8220;4.16&#8243; background_size=&#8220;initial&#8220; background_position=&#8220;top_left&#8220; background_repeat=&#8220;repeat&#8220; module_alignment=&#8220;left&#8220; border_style=&#8220;solid&#8220; global_colors_info=&#8220;{}&#8220;]<\/p>\n<p><strong style=\"background-color: #ffffff; font-size: medium; color: #791e1c;\">Stornierungspolitik<\/strong><\/p>\n<p><strong>Mit der Buchung wird die gebuchte Einheit f\u00fcr den gemieteten Zeitraum f\u00fcr andere Interessenten auf dem Markt gesperrt<\/strong>, weshalb alle Anfragen bzw. Reservierungen von anderen Interessenten \/ potentiellen G\u00e4sten abgelehnt werden und f\u00fcr uns nicht als positive Realisierung gez\u00e4hlt werden k\u00f6nnen. Sollten Sie sich in Bezug auf den Termin oder die Buchung nicht ganz sicher sein, k\u00f6nnen Sie sich auch f\u00fcr die \u201eLast Minute\u201c-Option entscheiden und uns ein bis zwei Tage vor der gew\u00fcnschten Anreise anrufen bzw. sich durch eine geeignete Reiser\u00fccktrittsversicherung absichern.<\/p>\n<p><strong>Wenn die 2. Rechnung f\u00fcr die SEPA-\u00dcberweisung (mit IBAN) <\/strong>f\u00fcr die 2. Anzahlung ausgestellt wurde und <strong>die Zahlung nicht fristgerecht auf unserem Konto eingegangen ist<\/strong>, werden wir Sie <strong>entsprechend anmahnen <\/strong>und auffordern, die Zahlung innerhalb der neuen Frist zu begleichen. Sollte immer noch keine Zahlung nicht erfolgen (au\u00dfer, wenn es anders vereinbart wurde, z. B. wegen eines Verzugs gegen\u00fcber einer dritten Partei), werden wir dies als <strong>Stornierung Ihrerseits <\/strong>betrachten. Die Buchung wird ab diesem Zeitpunkt f\u00fcr NICHTIG erkl\u00e4rt.<\/p>\n<p><em>HINWEIS:\u00a0<\/em>Wenn <strong>keine<\/strong> 2. Rechnung f\u00fcr die SEPA-\u00dcberweisung (mit IBAN) als Anzahlung <strong>ausgestellt wurde, <\/strong>wird die Differenz zum Endbetrag gem\u00e4\u00df dem best\u00e4tigten Angebot zusammen mit der Ortstaxe am Abreisetag f\u00e4llig.<\/p>\n<p><strong>Eine versp\u00e4tete Anreise oder vorzeitige Abreise <\/strong>(wenn es nicht anders vereinbart wurde), die von der Buchung abweicht, <strong>hat keinen Einfluss auf den zu zahlenden Endbetrag<\/strong>.<\/p>\n<p><strong>Sollten Sie <\/strong>am gebuchten Anreisetag <strong>nicht anreisen <\/strong>(au\u00dfer, wenn es anders vereinbart wurde), <strong>haben wir das Recht,<\/strong>\u00a0Ihren Termin ab dem nachfolgenden Tag <strong>erneut zu vermieten. <\/strong>Wir stellen Ihnen trotzdem eine Endrechnung (No Show-Rechnung) mit den bereits aufgef\u00fchrten Betr\u00e4gen, Steuern, ohne Ortstaxe aus. In diesem Fall hat der Kunde <strong>keinen Anspruch <\/strong>auf <strong>Erstattung bzw. Einl\u00f6sung <\/strong>der bereits bezahlten Geldmittel.<\/p>\n<p>Im Falle <strong>einer Stornierung <\/strong>(schriftliche oder automatische Stornierung \/ wenn die Zahlungsverpflichtungen nicht eingehalten wurden) werden die bisher bezahlten <strong>Geldbetr\u00e4ge einbehalten und nicht erstattet<\/strong>.<\/p>\n<p>Jede (nur) schriftliche Stornierung wird gem\u00e4\u00df unserer Stornierungspolitik und den hier erl\u00e4uterten Regeln bearbeitet.<\/p>\n<p><strong>Die bezahlten Geldbetr\u00e4ge <\/strong>werden Sie <strong>unter Umst\u00e4nden <\/strong>(aber nur, wenn die Stornierung gerechtfertigt ist und <strong>falls<\/strong> die nachfolgend aufgef\u00fchrten Voraussetzungen (s. u.) erf\u00fcllt sind) im zweiten vereinbarten Zeitraum <strong>einl\u00f6sen k\u00f6nnen<\/strong>, und zwar im Hinblick auf unsere Verf\u00fcgbarkeit und M\u00f6glichkeiten:<\/p>\n<p>Wir werden uns nach besten Kr\u00e4ften bem\u00fchen und den gebuchten Mietzeitraum auf dem Markt zur Miete freigeben. Falls es uns gelingen sollte, durch zus\u00e4tzliche Werbema\u00dfnahmen u. \u00c4. <strong>den Mietzeitraum, <\/strong>d. h. \u201eIhren gebuchten Termin\u201c <strong>erneut zu vermieten<\/strong>, dann erhalten Sie Anspruch auf Erstattung der von Ihnen bezahlten Geldbetr\u00e4ge. Wir werden Sie umgehend dar\u00fcber informieren, falls \/ wenn wir den von Ihnen gebuchten Termin bzw. die gebuchten Termine erfolgreich vergeben konnten. Sollte es uns jedoch nicht gelingen, den Termin anderweitig zu vermieten, dann erhalten Sie die Geldmittel von uns nicht erstattet.<\/p>\n<p><em>HINWEIS:\u00a0<\/em>Die H\u00f6he der erstatteten Geldbetr\u00e4ge kann sich um unsere Ausgaben (\u201cOut-of-pocket expenses\u201d) sowie um diverse Kosten ( 50\u20ac ), die wir mit der Suche nach alternativen G\u00e4sten hatten, entsprechend verringern, dazu z\u00e4hlen ebenfalls die Kosten f\u00fcr die Werbung, ein eventueller Sp\u00e4tbucher-Rabatt bzw. ein geringerer Mietpreis f\u00fcr einen k\u00fcrzeren Buchungszeitraum als geplant.<\/p>\n<p>Bei <strong>einer Stornierung<\/strong> im Sonderfall (wenn au\u00dfergew\u00f6hnliche Umst\u00e4nde der Grund daf\u00fcr sind, dass wir Ihnen keine Unterkunft zusichern k\u00f6nnen), werden wir Ihnen umgehend <strong>s\u00e4mtliche von Ihnen bereits bezahlten Geldbetr\u00e4ge zur\u00fcckzahlen.<\/strong><\/p>\n<p><em>HINWEIS:\u00a0<\/em>Au\u00dferordentliche unvorhergesehene Situationen oder Umst\u00e4nde sind Umst\u00e4nde, auf die wir keinen Einfluss haben, wie z. B. Erdbeben, \u00dcberschwemmungen\u2026<\/p>\n<p>[\/et_pb_text][et_pb_divider show_divider=&#8220;off&#8220; disabled_on=&#8220;on|on|off&#8220; _builder_version=&#8220;4.16&#8243; height=&#8220;5px&#8220; hide_on_mobile=&#8220;on&#8220; global_colors_info=&#8220;{}&#8220;][\/et_pb_divider][et_pb_text admin_label=&#8220;Text &#8211; SPLO\u0160NI POGOJI &#8211; Versicherung&#8220; _builder_version=&#8220;4.16&#8243; background_size=&#8220;initial&#8220; background_position=&#8220;top_left&#8220; background_repeat=&#8220;repeat&#8220; module_alignment=&#8220;left&#8220; border_style=&#8220;solid&#8220; global_colors_info=&#8220;{}&#8220;]<strong style=\"background-color: #ffffff; font-size: medium; color: #791e1c;\">Versicherung<\/strong><\/p>\n<p>Wir empfehlen Ihnen eine umfassende Reiseversicherung abzuschlie\u00dfen, einschlie\u00dflich Storno- und Reiser\u00fccktrittversicherung sowie einer Versicherung f\u00fcr Ihre pers\u00f6nlichen Gegenst\u00e4nde und die Haftpflichtversicherung.<br \/>\n[\/et_pb_text][\/et_pb_column][\/et_pb_row][et_pb_row padding_mobile=&#8220;off&#8220; column_padding_mobile=&#8220;on&#8220; _builder_version=&#8220;4.16&#8243; background_size=&#8220;initial&#8220; background_position=&#8220;top_left&#8220; background_repeat=&#8220;repeat&#8220; global_colors_info=&#8220;{}&#8220;][et_pb_column type=&#8220;4_4&#8243; _builder_version=&#8220;4.16&#8243; custom_padding=&#8220;|||&#8220; global_colors_info=&#8220;{}&#8220; custom_padding__hover=&#8220;|||&#8220;][et_pb_button button_url=&#8220;https:\/\/www.kronau.si\/de&#8220; button_text=&#8220;ZUR\u00dcCK ZUR STARTSEITE&#8220; button_alignment=&#8220;center&#8220; admin_label=&#8220;Button &#8211; ZUR\u00dcCK ZUR STARTSEITE&#8220; _builder_version=&#8220;4.16&#8243; custom_button=&#8220;on&#8220; button_text_size=&#8220;15px&#8220; button_text_color=&#8220;#6e3a15&#8243; button_border_width=&#8220;1px&#8220; button_border_radius=&#8220;14px&#8220; button_letter_spacing=&#8220;1px&#8220; button_icon=&#8220;&#xe04d;||divi||400&#8243; button_icon_color=&#8220;#6e3a15&#8243; button_icon_placement=&#8220;left&#8220; button_border_radius_hover=&#8220;14px&#8220; global_colors_info=&#8220;{}&#8220; button_text_size__hover_enabled=&#8220;off&#8220; button_one_text_size__hover_enabled=&#8220;off&#8220; button_two_text_size__hover_enabled=&#8220;off&#8220; button_text_color__hover_enabled=&#8220;off&#8220; button_one_text_color__hover_enabled=&#8220;off&#8220; button_two_text_color__hover_enabled=&#8220;off&#8220; button_border_width__hover_enabled=&#8220;off&#8220; button_one_border_width__hover_enabled=&#8220;off&#8220; button_two_border_width__hover_enabled=&#8220;off&#8220; button_border_color__hover_enabled=&#8220;off&#8220; button_one_border_color__hover_enabled=&#8220;off&#8220; button_two_border_color__hover_enabled=&#8220;off&#8220; button_border_radius__hover_enabled=&#8220;on&#8220; button_border_radius__hover=&#8220;14px&#8220; button_one_border_radius__hover_enabled=&#8220;off&#8220; button_two_border_radius__hover_enabled=&#8220;off&#8220; button_letter_spacing__hover_enabled=&#8220;off&#8220; button_one_letter_spacing__hover_enabled=&#8220;off&#8220; button_two_letter_spacing__hover_enabled=&#8220;off&#8220; button_bg_color__hover_enabled=&#8220;off&#8220; button_one_bg_color__hover_enabled=&#8220;off&#8220; button_two_bg_color__hover_enabled=&#8220;off&#8220;][\/et_pb_button][\/et_pb_column][\/et_pb_row][\/et_pb_section][et_pb_section fb_built=&#8220;1&#8243; custom_padding_last_edited=&#8220;on|desktop&#8220; _builder_version=&#8220;4.16&#8243; background_color=&#8220;rgba(255,255,255,0)&#8220; custom_padding_tablet=&#8220;50px|0|50px|0&#8243; custom_padding_phone=&#8220;&#8220; transparent_background=&#8220;on&#8220; padding_mobile=&#8220;off&#8220; global_colors_info=&#8220;{}&#8220;][et_pb_row padding_mobile=&#8220;off&#8220; column_padding_mobile=&#8220;on&#8220; _builder_version=&#8220;4.16&#8243; background_size=&#8220;initial&#8220; background_position=&#8220;top_left&#8220; background_repeat=&#8220;repeat&#8220; global_colors_info=&#8220;{}&#8220;][et_pb_column type=&#8220;4_4&#8243; _builder_version=&#8220;4.16&#8243; custom_padding=&#8220;|||&#8220; global_colors_info=&#8220;{}&#8220; custom_padding__hover=&#8220;|||&#8220;][et_pb_image src=&#8220;https:\/\/www.kronau.si\/wp-content\/uploads\/2017\/04\/logo-kronau1.png&#8220; align=&#8220;center&#8220; align_tablet=&#8220;center&#8220; align_phone=&#8220;&#8220; align_last_edited=&#8220;on|desktop&#8220; _builder_version=&#8220;4.16&#8243; animation_style=&#8220;slide&#8220; animation_direction=&#8220;left&#8220; animation_duration=&#8220;500ms&#8220; animation_intensity_slide=&#8220;10%&#8220; use_border_color=&#8220;off&#8220; border_color=&#8220;#ffffff&#8220; border_width=&#8220;1px&#8220; border_style=&#8220;solid&#8220; sticky=&#8220;off&#8220; global_colors_info=&#8220;{}&#8220;][\/et_pb_image][et_pb_blurb image_icon_width=&#8220;none&#8220; admin_label=&#8220;Blurb &#8211; naslov footer SLO&#8220; _builder_version=&#8220;4.16&#8243; background_size=&#8220;initial&#8220; background_position=&#8220;top_left&#8220; background_repeat=&#8220;repeat&#8220; text_orientation=&#8220;center&#8220; use_border_color=&#8220;off&#8220; border_color=&#8220;#ffffff&#8220; border_width=&#8220;1px&#8220; border_style=&#8220;solid&#8220; image_max_width=&#8220;none&#8220; global_colors_info=&#8220;{}&#8220;]<\/p>\n<div class=\"contact\">\n<p><strong>Kronau Chalet Resort<\/strong><br \/>\nSI-4280 Kranjska gora | Bezje 19 &#8211; 24 | Slovenija | Evropa<\/p>\n<\/div>\n<p>Telefon: +386(0)51 356 179 | Fax: +386(0)83807451<br \/>\n<a class=\"email\" href=\"mailto:info@kronau.si\">info@kronau.si<\/a><\/p>\n<p style=\"text-align: center;\">[\/et_pb_blurb][\/et_pb_column][\/et_pb_row][\/et_pb_section]<\/p>\n","protected":false},"excerpt":{"rendered":"<p>Allgemeine \u00a0 Gesch\u00e4ftsbedingungenKronau Chalet Resort: Unsere kleine Feriensiedlung ist ein privates Objekt mit Ferienh\u00e4usern\/-Wohneinheiten, die Sie mieten k\u00f6nnen. Der Verwalter der Feriensiedlung ist die Firma DEJAN KO\u0160IR S.P., die f\u00fcr die Ausf\u00fchrung ihrer T\u00e4tigkeit alle erforderlichen Genehmigungen und besitzt und deren T\u00e4tigkeit und Haftungsumfang bei allen erforderlichen lokalen und staatlichen Beh\u00f6rden der Republik Slowenien registriert [&hellip;]<\/p>\n","protected":false},"author":1,"featured_media":0,"parent":3914,"menu_order":0,"comment_status":"closed","ping_status":"closed","template":"","meta":{"_et_pb_use_builder":"on","_et_pb_old_content":"","_et_gb_content_width":"","footnotes":""},"class_list":["post-3926","page","type-page","status-publish","hentry"],"aioseo_notices":[],"_links":{"self":[{"href":"https:\/\/www.kronau.si\/de\/wp-json\/wp\/v2\/pages\/3926","targetHints":{"allow":["GET"]}}],"collection":[{"href":"https:\/\/www.kronau.si\/de\/wp-json\/wp\/v2\/pages"}],"about":[{"href":"https:\/\/www.kronau.si\/de\/wp-json\/wp\/v2\/types\/page"}],"author":[{"embeddable":true,"href":"https:\/\/www.kronau.si\/de\/wp-json\/wp\/v2\/users\/1"}],"replies":[{"embeddable":true,"href":"https:\/\/www.kronau.si\/de\/wp-json\/wp\/v2\/comments?post=3926"}],"version-history":[{"count":12,"href":"https:\/\/www.kronau.si\/de\/wp-json\/wp\/v2\/pages\/3926\/revisions"}],"predecessor-version":[{"id":7250,"href":"https:\/\/www.kronau.si\/de\/wp-json\/wp\/v2\/pages\/3926\/revisions\/7250"}],"up":[{"embeddable":true,"href":"https:\/\/www.kronau.si\/de\/wp-json\/wp\/v2\/pages\/3914"}],"wp:attachment":[{"href":"https:\/\/www.kronau.si\/de\/wp-json\/wp\/v2\/media?parent=3926"}],"curies":[{"name":"wp","href":"https:\/\/api.w.org\/{rel}","templated":true}]}}