{"id":3923,"date":"2017-10-12T09:48:58","date_gmt":"2017-10-12T08:48:58","guid":{"rendered":"https:\/\/www.kronau.si\/cenik\/razlike\/"},"modified":"2017-10-13T13:23:20","modified_gmt":"2017-10-13T12:23:20","slug":"welche-sind-die-unterschiede","status":"publish","type":"page","link":"https:\/\/www.kronau.si\/de\/preisliste\/welche-sind-die-unterschiede\/","title":{"rendered":"Welche sind die unterschiede?"},"content":{"rendered":"<p>[et_pb_section bb_built=&#8220;1&#8243; admin_label=&#8220;section&#8220; transparent_background=&#8220;off&#8220; background_color=&#8220;#faf4e8&#8243; allow_player_pause=&#8220;off&#8220; inner_shadow=&#8220;off&#8220; parallax=&#8220;off&#8220; parallax_method=&#8220;on&#8220; padding_mobile=&#8220;off&#8220; make_fullwidth=&#8220;off&#8220; use_custom_width=&#8220;off&#8220; width_unit=&#8220;off&#8220; custom_width_px=&#8220;1080px&#8220; custom_width_percent=&#8220;80%&#8220; make_equal=&#8220;off&#8220; use_custom_gutter=&#8220;off&#8220; fullwidth=&#8220;off&#8220; specialty=&#8220;off&#8220; disabled=&#8220;off&#8220; custom_padding_tablet=&#8220;50px|0|50px|0&#8243; custom_padding_last_edited=&#8220;on|desktop&#8220;][et_pb_row admin_label=&#8220;row&#8220; make_fullwidth=&#8220;off&#8220; use_custom_width=&#8220;off&#8220; width_unit=&#8220;off&#8220; custom_width_px=&#8220;1080px&#8220; custom_width_percent=&#8220;80%&#8220; use_custom_gutter=&#8220;off&#8220; gutter_width=&#8220;3&#8243; padding_mobile=&#8220;off&#8220; allow_player_pause=&#8220;off&#8220; parallax=&#8220;off&#8220; parallax_method=&#8220;on&#8220; make_equal=&#8220;off&#8220; column_padding_mobile=&#8220;on&#8220; parallax_1=&#8220;off&#8220; parallax_method_1=&#8220;on&#8220; parallax_2=&#8220;off&#8220; parallax_method_2=&#8220;on&#8220; parallax_3=&#8220;off&#8220; parallax_method_3=&#8220;on&#8220; parallax_4=&#8220;off&#8220; parallax_method_4=&#8220;on&#8220; disabled=&#8220;off&#8220; background_position=&#8220;top_left&#8220; background_repeat=&#8220;repeat&#8220; background_size=&#8220;initial&#8220;][et_pb_column type=&#8220;4_4&#8243;][et_pb_text admin_label=&#8220;Text &#8211; Welche sind die unterschiede?&#8220; background_layout=&#8220;light&#8220; text_orientation=&#8220;center&#8220; border_style=&#8220;solid&#8220; disabled=&#8220;off&#8220; module_alignment=&#8220;center&#8220; background_position=&#8220;top_left&#8220; background_repeat=&#8220;repeat&#8220; background_size=&#8220;initial&#8220; _builder_version=&#8220;3.0.82&#8243; box_shadow_position=&#8220;outer&#8220;]<\/p>\n<h2 style=\"text-align: center;\">\u00a0<a href=\"https:\/\/www.kronau.si\/wp-content\/uploads\/2014\/03\/flower-kronau-hiske.png\"><img loading=\"lazy\" decoding=\"async\" class=\"alignnone size-full wp-image-136\" src=\"https:\/\/www.kronau.si\/wp-content\/uploads\/2014\/03\/flower-kronau-hiske.png\" alt=\"flower-kronau hiske\" width=\"27\" height=\"24\" \/><\/a>\u00a0Welche sind die unterschiede?<\/h2>\n<p>[\/et_pb_text][et_pb_divider color=&#8220;#ffffff&#8220; height=&#8220;5&#8243; divider_style=&#8220;solid&#8220; divider_position=&#8220;top&#8220; divider_weight=&#8220;1px&#8220; hide_on_mobile=&#8220;on&#8220; disabled=&#8220;off&#8220; disabled_on=&#8220;on|on|off&#8220; \/][et_pb_text admin_label=&#8220;Text &#8211; LUX &amp; STANDARD&#8220; background_layout=&#8220;light&#8220; border_style=&#8220;solid&#8220; disabled=&#8220;off&#8220; module_alignment=&#8220;left&#8220; background_position=&#8220;top_left&#8220; background_repeat=&#8220;repeat&#8220; background_size=&#8220;initial&#8220; _builder_version=&#8220;3.0.82&#8243; box_shadow_position=&#8220;outer&#8220;]<\/p>\n<p>Selbstst\u00e4ndige H\u00fctte \u2013 LUX\u00a0 ( Chalet Whistler und Chalet Sapporo )\u00a0 mit einem geordneten Garten und einer Terrasse mit Gartenausr\u00fcstung ( massiver Holztisch und B\u00e4nke, Liegest\u00fchle und ein Sonnenschirm ), <strong>einem Balkon<\/strong>, einem <strong>\u00fcberdachten Parkplatz<\/strong>, eine kleine <strong>Fahrradabstellraum<\/strong> ( nur Chalet Sapporo ) und und ein Badezimmer mit <strong>Badewanne<\/strong>.<\/p>\n<p>Wohneinheit im Doppelhaus \u2013 STANDARD\u00a0 ( einheit : Chalet Park City, Chalet Vale Nevado, Chalet Bled und Chalet Murau ) jede einheit mit einem privat geordneten Garten und einer Terrasse mit Gartenausr\u00fcstung ( massiver Holztisch und B\u00e4nke, Liegest\u00fchle und ein Sonnenschirm ), einem <strong>Parkplatz<\/strong> und einem Bad mit <strong>Dusche<\/strong>.<\/p>\n<p>[\/et_pb_text][et_pb_divider color=&#8220;#ffffff&#8220; height=&#8220;5&#8243; divider_style=&#8220;solid&#8220; divider_position=&#8220;top&#8220; divider_weight=&#8220;1px&#8220; hide_on_mobile=&#8220;on&#8220; disabled=&#8220;off&#8220; disabled_on=&#8220;on|on|off&#8220; \/][et_pb_text admin_label=&#8220;Text &#8211; Selbstst\u00e4ndige H\u00fctte \u2013 LUX &#8220; background_layout=&#8220;light&#8220; border_style=&#8220;solid&#8220; disabled=&#8220;off&#8220; module_alignment=&#8220;left&#8220; background_position=&#8220;top_left&#8220; background_repeat=&#8220;repeat&#8220; background_size=&#8220;initial&#8220; _builder_version=&#8220;3.0.82&#8243; box_shadow_position=&#8220;outer&#8220;]<\/p>\n<p><strong><img loading=\"lazy\" decoding=\"async\" class=\"alignnone size-full wp-image-133\" src=\"https:\/\/www.kronau.si\/wp-content\/uploads\/2014\/03\/kronau-flower-favicon.png\" alt=\"kronau flower favicon\" width=\"16\" height=\"16\" \/>\u00a0 Selbstst\u00e4ndige H\u00fctte \u2013 LUX \u00a0<\/strong><\/p>\n<p><strong><em>Chalet Whistler <\/em><\/strong><em>und<strong> Chalet Sapporo<\/strong><\/em>\u00a0( 4+ personen )<br \/>\n&nbsp;<\/p>\n<ul>\n<li>ZIMMER 1 : <strong>Doppelbett\/kingsize<\/strong>\u00a0 ( 180 x 200 ) f\u00fcr 2 personen mit dem Ausgang auf den <strong>Balkon.<\/strong> <em>Option:\u00a0<\/em>2 getrente Betten\u00a0 ( 90 x 200 )<\/li>\n<li>ZIMMER 2: <strong>Doppelbett\/queen<\/strong> ( 160 x 200 ) f\u00fcr 2 Personen<\/li>\n<li>WOHNZIMMER :\u00a0 eine Komfort-<strong>Sofa<\/strong> als Zusatzbett ( <strong>queen <\/strong>160 x 200 ) f\u00fcr 1 oder 2 personen<\/li>\n<li>1 x Badezimmer mit Badewanne und WC im ersten Stock<\/li>\n<li>Wohnzimmer mit der K\u00fcche eck mit dem Ausgang auf die Terrasse ( Herd\/Kocher, Elektroherd, Sp\u00fclmaschine, K\u00fchlschrank, Ger\u00e4te, Besteck und Geschirr &#8230;), Kamin und Fu\u00dfbodenheizung.<\/li>\n<li>Kaminofen, Bodenheizung, Herd, Geschirrsp\u00fcler und K\u00fchlschrank.<\/li>\n<li>1 x Toilette ( WC ) im Erdgescho\u00df<\/li>\n<li>Flur\/Kleiderschrank<\/li>\n<li>\u00fcberdachter Parkplatz<\/li>\n<li>Fahrradstand ( nur Chalet Sapporo ) mit Gartenausr\u00fcstung ( Liegest\u00fchle, Tisch, St\u00fchle, Sonnenschirm )<\/li>\n<li>S\u00fcdlage<\/li>\n<\/ul>\n<p>[\/et_pb_text][et_pb_text admin_label=&#8220;Text &#8211; Hi\u0161a dvoj\u0107ek &#8211; Wohneinheit im Doppelhaus \u2013 STANDARD &#8220; background_layout=&#8220;light&#8220; border_style=&#8220;solid&#8220; disabled=&#8220;off&#8220; module_alignment=&#8220;left&#8220; background_position=&#8220;top_left&#8220; background_repeat=&#8220;repeat&#8220; background_size=&#8220;initial&#8220; _builder_version=&#8220;3.0.82&#8243; box_shadow_position=&#8220;outer&#8220;]<\/p>\n<p><strong><img loading=\"lazy\" decoding=\"async\" class=\"alignnone size-full wp-image-133\" src=\"https:\/\/www.kronau.si\/wp-content\/uploads\/2014\/03\/kronau-flower-favicon.png\" alt=\"kronau flower favicon\" width=\"16\" height=\"16\">&nbsp; Wohneinheit im Doppelhaus \u2013 STANDARD &nbsp;<\/strong><\/p>\n<p><strong><em>Chalet Park City <\/em><\/strong><em>und <strong>Chalet Vale Nevado<\/strong><\/em>&nbsp;( 4+ personen )<br \/>\n&nbsp;<\/p>\n<ul>\n<li>ZIMMER 1 : <strong>Doppelbett\/king<\/strong>&nbsp; ( 180 x 200 ) f\u00fcr 2 personen<strong>.<\/strong> <em>Option:&nbsp;<\/em>2 getrente Betten ( 90 x 200 )<\/li>\n<li>ZIMMER 2: <strong>Doppelbett\/king<\/strong>&nbsp; ( 180 x 200 ) f\u00fcr 2 personen<\/li>\n<li>WOHNZIMMER :&nbsp; eine Komfort-<strong>Sofa<\/strong> als Zusatzbett ( <strong>queen <\/strong>160 x 200 ) f\u00fcr 1 oder 2 personen<\/li>\n<li>1 x Badezimmer mit Badewanne und WC im ersten Stock<\/li>\n<li>Wohnzimmer mit der K\u00fcche eck mit dem Ausgang auf die Terrasse ( Herd\/Kocher, Elektroherd, Sp\u00fclmaschine, K\u00fchlschrank, Ger\u00e4te, Besteck und Geschirr &#8230;), Kamin und Fu\u00dfbodenheizung.<\/li>\n<li>Kaminofen, Bodenheizung, Herd, Geschirrsp\u00fcler und K\u00fchlschrank.<\/li>\n<li>1 x Toilette ( WC ) im Erdgescho\u00df<\/li>\n<li>Flur\/Kleiderschrank<\/li>\n<li>Parkplatz<\/li>\n<li>Gartenausr\u00fcstung ( Liegest\u00fchle, Tisch, St\u00fchle, Sonnenschirm )<\/li>\n<li>S\u00fcdlage ( Chalet Park City ); S\u00fcd und Nordblick ( Chalet Vale Nevado )<\/li>\n<\/ul>\n<p>[\/et_pb_text][et_pb_text admin_label=&#8220;Text &#8211; Wohneinheit im Doppelhaus \u2013 STANDARD&#8220; background_layout=&#8220;light&#8220; border_style=&#8220;solid&#8220; disabled=&#8220;off&#8220; module_alignment=&#8220;left&#8220; background_position=&#8220;top_left&#8220; background_repeat=&#8220;repeat&#8220; background_size=&#8220;initial&#8220; _builder_version=&#8220;3.0.82&#8243; box_shadow_position=&#8220;outer&#8220;]<\/p>\n<p><strong><img loading=\"lazy\" decoding=\"async\" class=\"alignnone size-full wp-image-133\" src=\"https:\/\/www.kronau.si\/wp-content\/uploads\/2014\/03\/kronau-flower-favicon.png\" alt=\"kronau flower favicon\" width=\"16\" height=\"16\">&nbsp; Wohneinheit im Doppelhaus \u2013 STANDARD&nbsp;<\/strong><\/p>\n<p><strong><em>Chalet Bled<\/em><\/strong><em>&nbsp;( 3+ personen )<\/em><br \/>\n&nbsp;<\/p>\n<ul>\n<li>ZIMMER 1 : <strong>Doppelbett\/king<\/strong>&nbsp; ( 180 x 200 ) f\u00fcr 2 personen<strong>.<\/strong> <em>Option:&nbsp;<\/em>2 getrente Betten ( 90 x 200 )<\/li>\n<li>ZIMMER 2: <strong>1 x&nbsp;einzelbett<\/strong>&nbsp;( 90 x 200 ) f\u00fcr 1 person und&nbsp;<strong>1 x&nbsp;einzelbett<\/strong>&nbsp;&nbsp;( 80 x 180 ) f\u00fcr 1 person<\/li>\n<li>WOHNZIMMER :&nbsp; eine Komfort-<strong>Sofa<\/strong> als Zusatzbett ( <strong>queen <\/strong>160 x 200 ) f\u00fcr 1 oder 2 personen<\/li>\n<li>1 x Badezimmer mit Badewanne und WC im ersten Stock<\/li>\n<li>Wohnzimmer mit der K\u00fcche eck mit dem Ausgang auf die Terrasse ( Herd\/Kocher, Elektroherd, Sp\u00fclmaschine, K\u00fchlschrank, Ger\u00e4te, Besteck und Geschirr &#8230;), Kamin und Fu\u00dfbodenheizung.<\/li>\n<li>Kaminofen, Bodenheizung, Herd, Geschirrsp\u00fcler und K\u00fchlschrank.<\/li>\n<li>1 x Toilette ( WC ) im Erdgescho\u00df<\/li>\n<li>Flur\/Kleiderschrank<\/li>\n<li>Parkplatz<\/li>\n<li>Gartenausr\u00fcstung ( Liegest\u00fchle, Tisch, St\u00fchle, Sonnenschirm )<\/li>\n<li>S\u00fcdlage<\/li>\n<\/ul>\n<p>[\/et_pb_text][et_pb_text admin_label=&#8220;Text &#8211; Wohneinheit im Doppelhaus \u2013 STANDARD&#8220; background_layout=&#8220;light&#8220; border_style=&#8220;solid&#8220; disabled=&#8220;off&#8220; module_alignment=&#8220;left&#8220; background_position=&#8220;top_left&#8220; background_repeat=&#8220;repeat&#8220; background_size=&#8220;initial&#8220; _builder_version=&#8220;3.0.82&#8243; box_shadow_position=&#8220;outer&#8220;]<\/p>\n<p><strong><img loading=\"lazy\" decoding=\"async\" class=\"alignnone size-full wp-image-133\" src=\"https:\/\/www.kronau.si\/wp-content\/uploads\/2014\/03\/kronau-flower-favicon.png\" alt=\"kronau flower favicon\" width=\"16\" height=\"16\">&nbsp; Wohneinheit im Doppelhaus \u2013 STANDARD<\/strong><\/p>\n<p><strong><em>Chalet Murau<\/em><\/strong>&nbsp;( 5+ personen )<br \/>\n&nbsp;<\/p>\n<ul>\n<li>ZIMMER 1 : <strong>Doppelbettzimmer <\/strong>&nbsp;f\u00fcr 3 personen : <strong>1 x doppelbett\/queen<\/strong>&nbsp;( 160 x 200 ) f\u00fcr 2 personen und&nbsp;<strong>1 x&nbsp;einzelbett<\/strong>&nbsp;( 90 x 200 ) f\u00fcr 1 person<\/li>\n<li>ZIMMER 2: <strong>Doppelbett\/king<\/strong>&nbsp; ( 180 x 200 ) f\u00fcr 2 personen<\/li>\n<li>WOHNZIMMER :&nbsp; eine Komfort-<strong>Sofa<\/strong> als Zusatzbett ( <strong>queen <\/strong>160 x 200 ) f\u00fcr 1 oder 2 personen<\/li>\n<li>1 x Badezimmer mit Badewanne und WC im ersten Stock<\/li>\n<li>Wohnzimmer mit der K\u00fcche eck mit dem Ausgang auf die Terrasse ( Herd\/Kocher, Elektroherd, Sp\u00fclmaschine, K\u00fchlschrank, Ger\u00e4te, Besteck und Geschirr &#8230;), Kamin und Fu\u00dfbodenheizung.<\/li>\n<li>Kaminofen, Bodenheizung, Herd, Geschirrsp\u00fcler und K\u00fchlschrank.<\/li>\n<li>1 x Toilette ( WC ) im Erdgescho\u00df<\/li>\n<li>Flur\/Kleiderschrank<\/li>\n<li>Parkplatz<\/li>\n<li>Gartenausr\u00fcstung ( Liegest\u00fchle, Tisch, St\u00fchle, Sonnenschirm )<\/li>\n<li>Nordblick nach Karawanken<\/li>\n<\/ul>\n<p>[\/et_pb_text][\/et_pb_column][\/et_pb_row][et_pb_row make_fullwidth=&#8220;off&#8220; use_custom_width=&#8220;off&#8220; width_unit=&#8220;off&#8220; custom_width_px=&#8220;1080px&#8220; custom_width_percent=&#8220;80%&#8220; use_custom_gutter=&#8220;off&#8220; gutter_width=&#8220;3&#8243; padding_mobile=&#8220;off&#8220; allow_player_pause=&#8220;off&#8220; parallax=&#8220;off&#8220; parallax_method=&#8220;on&#8220; make_equal=&#8220;off&#8220; column_padding_mobile=&#8220;on&#8220; parallax_1=&#8220;off&#8220; parallax_method_1=&#8220;on&#8220; parallax_2=&#8220;off&#8220; parallax_method_2=&#8220;on&#8220; parallax_3=&#8220;off&#8220; parallax_method_3=&#8220;on&#8220; parallax_4=&#8220;off&#8220; parallax_method_4=&#8220;on&#8220; disabled=&#8220;off&#8220; background_position=&#8220;top_left&#8220; background_repeat=&#8220;repeat&#8220; background_size=&#8220;initial&#8220;][et_pb_column type=&#8220;4_4&#8243;][et_pb_button admin_label=&#8220;Button &#8211; ZUR\u00dcCK ZU CHALETS &#8220; button_url=&#8220;https:\/\/www.kronau.si\/de\/chalets\/&#8220; url_new_window=&#8220;off&#8220; button_text=&#8220;ZUR\u00dcCK ZU CHALETS &#8220; button_alignment=&#8220;center&#8220; background_layout=&#8220;light&#8220; custom_button=&#8220;on&#8220; button_text_size=&#8220;15px&#8220; button_text_color=&#8220;#6e3a15&#8243; button_border_width=&#8220;1px&#8220; button_border_radius=&#8220;14px&#8220; button_letter_spacing=&#8220;1px&#8220; button_icon=&#8220;%%197%%&#8220; button_icon_color=&#8220;#6e3a15&#8243; button_icon_placement=&#8220;left&#8220; button_border_radius_hover=&#8220;14px&#8220; disabled=&#8220;off&#8220; _builder_version=&#8220;3.0.82&#8243; box_shadow_position=&#8220;outer&#8220; \/][\/et_pb_column][\/et_pb_row][\/et_pb_section][et_pb_section bb_built=&#8220;1&#8243; transparent_background=&#8220;on&#8220; allow_player_pause=&#8220;off&#8220; inner_shadow=&#8220;off&#8220; parallax=&#8220;off&#8220; parallax_method=&#8220;off&#8220; padding_mobile=&#8220;off&#8220; make_fullwidth=&#8220;off&#8220; use_custom_width=&#8220;off&#8220; width_unit=&#8220;on&#8220; custom_width_px=&#8220;1080px&#8220; custom_width_percent=&#8220;80%&#8220; make_equal=&#8220;off&#8220; use_custom_gutter=&#8220;off&#8220; fullwidth=&#8220;off&#8220; specialty=&#8220;off&#8220; disabled=&#8220;off&#8220; background_color=&#8220;rgba(255,255,255,0)&#8220; custom_padding_tablet=&#8220;50px|0|50px|0&#8243; custom_padding_last_edited=&#8220;on|desktop&#8220;][et_pb_row make_fullwidth=&#8220;off&#8220; use_custom_width=&#8220;off&#8220; width_unit=&#8220;off&#8220; custom_width_px=&#8220;1080px&#8220; custom_width_percent=&#8220;80%&#8220; use_custom_gutter=&#8220;off&#8220; gutter_width=&#8220;3&#8243; padding_mobile=&#8220;off&#8220; allow_player_pause=&#8220;off&#8220; parallax=&#8220;off&#8220; parallax_method=&#8220;on&#8220; make_equal=&#8220;off&#8220; column_padding_mobile=&#8220;on&#8220; parallax_1=&#8220;off&#8220; parallax_method_1=&#8220;on&#8220; parallax_2=&#8220;off&#8220; parallax_method_2=&#8220;on&#8220; parallax_3=&#8220;off&#8220; parallax_method_3=&#8220;on&#8220; parallax_4=&#8220;off&#8220; parallax_method_4=&#8220;on&#8220; disabled=&#8220;off&#8220; background_position=&#8220;top_left&#8220; background_repeat=&#8220;repeat&#8220; background_size=&#8220;initial&#8220;][et_pb_column type=&#8220;4_4&#8243;][et_pb_image src=&#8220;https:\/\/www.kronau.si\/wp-content\/uploads\/2017\/04\/logo-kronau1.png&#8220; show_in_lightbox=&#8220;off&#8220; url_new_window=&#8220;off&#8220; use_overlay=&#8220;off&#8220; sticky=&#8220;off&#8220; align=&#8220;center&#8220; force_fullwidth=&#8220;off&#8220; always_center_on_mobile=&#8220;on&#8220; use_border_color=&#8220;off&#8220; border_color=&#8220;#ffffff&#8220; border_width=&#8220;1px&#8220; border_style=&#8220;solid&#8220; disabled=&#8220;off&#8220; animation_style=&#8220;slide&#8220; animation_duration=&#8220;500ms&#8220; animation_intensity_slide=&#8220;10%&#8220; animation_direction=&#8220;left&#8220; \/][et_pb_blurb admin_label=&#8220;Blurb &#8211; naslov footer SLO&#8220; url_new_window=&#8220;off&#8220; use_icon=&#8220;off&#8220; icon_color=&#8220;#d6b469&#8243; use_circle=&#8220;off&#8220; circle_color=&#8220;#d6b469&#8243; use_circle_border=&#8220;off&#8220; circle_border_color=&#8220;#d6b469&#8243; icon_placement=&#8220;top&#8220; animation=&#8220;top&#8220; background_layout=&#8220;light&#8220; text_orientation=&#8220;center&#8220; use_icon_font_size=&#8220;off&#8220; icon_font_size=&#8220;96px&#8220; use_border_color=&#8220;off&#8220; border_color=&#8220;#ffffff&#8220; border_width=&#8220;1px&#8220; border_style=&#8220;solid&#8220; disabled=&#8220;off&#8220; background_position=&#8220;top_left&#8220; background_repeat=&#8220;repeat&#8220; background_size=&#8220;initial&#8220;]<\/p>\n<div class=\"contact\">\n<p><strong>Kronau Chalet Resort<\/strong><br \/>\nSI-4280 Kranjska gora | Bezje 19 &#8211; 24 | Slovenija | Evropa<\/p>\n<\/div>\n<p>Telefon: +386(0)51 356 179 | Fax: +386(0)83807451<br \/>\n<a class=\"email\" href=\"mailto:info@kronau.si\">info@kronau.si<\/a><\/p>\n<p>[\/et_pb_blurb][\/et_pb_column][\/et_pb_row][\/et_pb_section]<\/p>\n","protected":false},"excerpt":{"rendered":"<p>\u00a0\u00a0Welche sind die unterschiede? Selbstst\u00e4ndige H\u00fctte \u2013 LUX\u00a0 ( Chalet Whistler und Chalet Sapporo )\u00a0 mit einem geordneten Garten und einer Terrasse mit Gartenausr\u00fcstung ( massiver Holztisch und B\u00e4nke, Liegest\u00fchle und ein Sonnenschirm ), einem Balkon, einem \u00fcberdachten Parkplatz, eine kleine Fahrradabstellraum ( nur Chalet Sapporo ) und und ein Badezimmer mit Badewanne. Wohneinheit im [&hellip;]<\/p>\n","protected":false},"author":1,"featured_media":0,"parent":3914,"menu_order":0,"comment_status":"closed","ping_status":"closed","template":"","meta":{"_et_pb_use_builder":"on","_et_pb_old_content":"","_et_gb_content_width":"","footnotes":""},"class_list":["post-3923","page","type-page","status-publish","hentry"],"aioseo_notices":[],"_links":{"self":[{"href":"https:\/\/www.kronau.si\/de\/wp-json\/wp\/v2\/pages\/3923","targetHints":{"allow":["GET"]}}],"collection":[{"href":"https:\/\/www.kronau.si\/de\/wp-json\/wp\/v2\/pages"}],"about":[{"href":"https:\/\/www.kronau.si\/de\/wp-json\/wp\/v2\/types\/page"}],"author":[{"embeddable":true,"href":"https:\/\/www.kronau.si\/de\/wp-json\/wp\/v2\/users\/1"}],"replies":[{"embeddable":true,"href":"https:\/\/www.kronau.si\/de\/wp-json\/wp\/v2\/comments?post=3923"}],"version-history":[{"count":4,"href":"https:\/\/www.kronau.si\/de\/wp-json\/wp\/v2\/pages\/3923\/revisions"}],"predecessor-version":[{"id":4475,"href":"https:\/\/www.kronau.si\/de\/wp-json\/wp\/v2\/pages\/3923\/revisions\/4475"}],"up":[{"embeddable":true,"href":"https:\/\/www.kronau.si\/de\/wp-json\/wp\/v2\/pages\/3914"}],"wp:attachment":[{"href":"https:\/\/www.kronau.si\/de\/wp-json\/wp\/v2\/media?parent=3923"}],"curies":[{"name":"wp","href":"https:\/\/api.w.org\/{rel}","templated":true}]}}